{"id":3924,"date":"2024-05-06T18:04:34","date_gmt":"2024-05-06T15:04:34","guid":{"rendered":"https:\/\/talay.com\/tekstil\/"},"modified":"2024-10-03T11:06:23","modified_gmt":"2024-10-03T08:06:23","slug":"textile","status":"publish","type":"page","link":"https:\/\/talay.com\/en\/textile\/","title":{"rendered":"Textile"},"content":{"rendered":"\t\t<div data-elementor-type=\"wp-page\" data-elementor-id=\"3924\" class=\"elementor elementor-3924 elementor-2499\" data-elementor-post-type=\"page\">\n\t\t\t\t<div class=\"elementor-element elementor-element-da9d17a e-flex e-con-boxed e-con e-parent\" data-id=\"da9d17a\" data-element_type=\"container\">\n\t\t\t\t\t<div class=\"e-con-inner\">\n\t\t<div class=\"elementor-element elementor-element-fa96cc3 e-con-full e-flex e-con e-child\" data-id=\"fa96cc3\" data-element_type=\"container\">\n\t\t\t\t<div class=\"elementor-element elementor-element-eb2bb20 lqd-text-tag-h3 elementor-widget__width-inherit elementor-widget elementor-widget-lqd-text\" data-id=\"eb2bb20\" data-element_type=\"widget\" data-widget_type=\"lqd-text.default\">\n\t\t\t\t<div class=\"elementor-widget-container\">\n\t\t\t\t\t<h3 class=\"lqd-text-el m-0 p-0\"><span class=\"lqd-text-item relative elementor-repeater-item-c5fb2bc\">Confidence, Diligence, Progress!\n<\/span><\/h3>\t\t\t\t<\/div>\n\t\t\t\t<\/div>\n\t\t\t\t<div class=\"elementor-element elementor-element-201d026 lqd-text-tag-p elementor-widget elementor-widget-lqd-text\" data-id=\"201d026\" data-element_type=\"widget\" data-widget_type=\"lqd-text.default\">\n\t\t\t\t<div class=\"elementor-widget-container\">\n\t\t\t\t\t<p class=\"lqd-text-el m-0 p-0\"><span class=\"lqd-text-item relative elementor-repeater-item-3e6ddb6\">The textile industry, a key influencer of fashion, encompasses extensive and complex processes that span from the design desk to the wardrobe. Operating in diverse sectors such as clothing, home textiles, and sportswear, textile brands need effective logistics processes to deliver their products to consumers worldwide.<\/span><\/p>\t\t\t\t<\/div>\n\t\t\t\t<\/div>\n\t\t\t\t<div class=\"elementor-element elementor-element-eb816a4 lqd-text-tag-p elementor-widget elementor-widget-lqd-text\" data-id=\"eb816a4\" data-element_type=\"widget\" data-widget_type=\"lqd-text.default\">\n\t\t\t\t<div class=\"elementor-widget-container\">\n\t\t\t\t\t<p class=\"lqd-text-el m-0 p-0\"><span class=\"lqd-text-item relative elementor-repeater-item-3e6ddb6\">At Talay Logistics, we organize transports between T\u00fcrkiye and various global destinations using equipment specifically designed for the textile industry\u2019s dynamics. We safely transport products using garment-on-hanger containers and trailers specifically designed for textile goods. We enhance the textile industry by providing our customers with innovation-driven solutions. We deliver professional, damage-free service during both warehousing and transport.\n<\/span><\/p>\t\t\t\t<\/div>\n\t\t\t\t<\/div>\n\t\t<div class=\"elementor-element elementor-element-0cebaa7 e-con-full e-flex e-con e-child\" data-id=\"0cebaa7\" data-element_type=\"container\">\n\t\t<div class=\"elementor-element elementor-element-a077a0e e-con-full e-flex e-con e-child\" data-id=\"a077a0e\" data-element_type=\"container\">\n\t\t\t\t<div class=\"elementor-element elementor-element-75846db lqd-text-tag-h3 elementor-widget__width-inherit elementor-widget elementor-widget-lqd-text\" data-id=\"75846db\" data-element_type=\"widget\" data-widget_type=\"lqd-text.default\">\n\t\t\t\t<div class=\"elementor-widget-container\">\n\t\t\t\t\t<h3 class=\"lqd-text-el m-0 p-0\"><span class=\"lqd-text-item relative elementor-repeater-item-c5fb2bc\">Highlights<\/span><\/h3>\t\t\t\t<\/div>\n\t\t\t\t<\/div>\n\t\t\t\t<div class=\"elementor-element elementor-element-e4b1ca6 elementor-icon-list--layout-traditional elementor-list-item-link-full_width elementor-widget elementor-widget-icon-list\" data-id=\"e4b1ca6\" data-element_type=\"widget\" data-widget_type=\"icon-list.default\">\n\t\t\t\t<div class=\"elementor-widget-container\">\n\t\t\t\t\t\t\t<ul class=\"elementor-icon-list-items\">\n\t\t\t\t\t\t\t<li class=\"elementor-icon-list-item\">\n\t\t\t\t\t\t\t\t\t\t<span class=\"elementor-icon-list-text\">Collection\/services pickup<\/span>\n\t\t\t\t\t\t\t\t\t<\/li>\n\t\t\t\t\t\t\t\t<li class=\"elementor-icon-list-item\">\n\t\t\t\t\t\t\t\t\t\t<span class=\"elementor-icon-list-text\">Consolidation: buyers, multiple countries<\/span>\n\t\t\t\t\t\t\t\t\t<\/li>\n\t\t\t\t\t\t\t\t<li class=\"elementor-icon-list-item\">\n\t\t\t\t\t\t\t\t\t\t<span class=\"elementor-icon-list-text\">Document control \/ preparation<\/span>\n\t\t\t\t\t\t\t\t\t<\/li>\n\t\t\t\t\t\t\t\t<li class=\"elementor-icon-list-item\">\n\t\t\t\t\t\t\t\t\t\t<span class=\"elementor-icon-list-text\">Quantity and limited quality check<\/span>\n\t\t\t\t\t\t\t\t\t<\/li>\n\t\t\t\t\t\t\t\t<li class=\"elementor-icon-list-item\">\n\t\t\t\t\t\t\t\t\t\t<span class=\"elementor-icon-list-text\">Loading optimization and specialized equipment<\/span>\n\t\t\t\t\t\t\t\t\t<\/li>\n\t\t\t\t\t\t\t\t<li class=\"elementor-icon-list-item\">\n\t\t\t\t\t\t\t\t\t\t<span class=\"elementor-icon-list-text\">Garment On Hanger (GOH) storage, usage and special equipment<\/span>\n\t\t\t\t\t\t\t\t\t<\/li>\n\t\t\t\t\t\t<\/ul>\n\t\t\t\t\t\t<\/div>\n\t\t\t\t<\/div>\n\t\t\t\t<\/div>\n\t\t<div class=\"elementor-element elementor-element-ac8e967 e-con-full e-flex e-con e-child\" data-id=\"ac8e967\" data-element_type=\"container\">\n\t\t\t\t<\/div>\n\t\t\t\t<\/div>\n\t\t\t\t<\/div>\n\t\t<div class=\"elementor-element elementor-element-29a04f3 e-con-full e-flex e-con e-child\" data-id=\"29a04f3\" data-element_type=\"container\">\n\t\t<div class=\"elementor-element elementor-element-b89a840 e-con-full e-flex e-con e-child\" data-id=\"b89a840\" data-element_type=\"container\" data-settings=\"{&quot;background_background&quot;:&quot;classic&quot;}\">\n\t\t\t\t<div class=\"elementor-element elementor-element-51431f8 lqd-text-tag-h5 elementor-widget elementor-widget-lqd-text\" data-id=\"51431f8\" data-element_type=\"widget\" data-widget_type=\"lqd-text.default\">\n\t\t\t\t<div class=\"elementor-widget-container\">\n\t\t\t\t\t<h5 class=\"lqd-text-el m-0 p-0\"><span class=\"lqd-text-item relative elementor-repeater-item-ff7284f\">Quick Quote\n<\/span><\/h5>\t\t\t\t<\/div>\n\t\t\t\t<\/div>\n\t\t\t\t<div class=\"elementor-element elementor-element-5572b57 elementor-widget elementor-widget-metform\" data-id=\"5572b57\" data-element_type=\"widget\" data-widget_type=\"metform.default\">\n\t\t\t\t<div class=\"elementor-widget-container\">\n\t\t\t\t\t<div id=\"mf-response-props-id-4172\" data-previous-steps-style=\"\" data-editswitchopen=\"\" data-response_type=\"alert\" data-erroricon=\"fas fa-exclamation-triangle\" data-successicon=\"fas fa-check\" data-messageposition=\"top\" class=\"   mf-scroll-top-no\">\n\t\t<div class=\"formpicker_warper formpicker_warper_editable\" data-metform-formpicker-key=\"4172\" >\n\t\t\t\t\n\t\t\t<div class=\"mf-widget-container\">\n\t\t\t\t\r\n\t\t<div\r\n\t\t\tid=\"metform-wrap-5572b57-4172\"\r\n\t\t\tclass=\"mf-form-wrapper\"\r\n\t\t\tdata-form-id=\"4172\"\r\n\t\t\tdata-action=\"https:\/\/talay.com\/en\/wp-json\/metform\/v1\/entries\/insert\/4172\"\r\n\t\t\tdata-wp-nonce=\"5875b5b571\"\r\n\t\t\tdata-form-nonce=\"0d7c8885fc\"\r\n\t\t\tdata-quiz-summery = \"false\"\r\n\t\t\tdata-save-progress = \"false\"\r\n\t\t\tdata-form-type=\"general-form\"\r\n\t\t\tdata-stop-vertical-effect=\"\"\r\n\t\t\t><\/div>\r\n\r\n\r\n\t\t<!----------------------------- \r\n\t\t\t* controls_data : find the the props passed indie of data attribute\r\n\t\t\t* props.SubmitResponseMarkup : contains the markup of error or success message\r\n\t\t\t* https:\/\/developer.mozilla.org\/en-US\/docs\/Web\/JavaScript\/Reference\/Template_literals\r\n\t\t--------------------------- -->\r\n\r\n\t\t\t\t<script type=\"text\/mf\" class=\"mf-template\">\r\n\t\t\tfunction controls_data (value){\r\n\t\t\t\tlet currentWrapper = \"mf-response-props-id-4172\";\r\n\t\t\t\tlet currentEl = document.getElementById(currentWrapper);\r\n\t\t\t\t\r\n\t\t\t\treturn currentEl ? currentEl.dataset[value] : false\r\n\t\t\t}\r\n\r\n\r\n\t\t\tlet is_edit_mode = '' ? true : false;\r\n\t\t\tlet message_position = controls_data('messageposition') || 'top';\r\n\r\n\t\t\t\r\n\t\t\tlet message_successIcon = controls_data('successicon') || '';\r\n\t\t\tlet message_errorIcon = controls_data('erroricon') || '';\r\n\t\t\tlet message_editSwitch = controls_data('editswitchopen') === 'yes' ? true : false;\r\n\t\t\tlet message_proClass = controls_data('editswitchopen') === 'yes' ? 'mf_pro_activated' : '';\r\n\t\t\t\r\n\t\t\tlet is_dummy_markup = is_edit_mode && message_editSwitch ? true : false;\r\n\r\n\t\t\t\r\n\t\t\treturn html`\r\n\t\t\t\t<form\r\n\t\t\t\t\tclassName=\"metform-form-content\"\r\n\t\t\t\t\tref=${parent.formContainerRef}\r\n\t\t\t\t\tonSubmit=${ validation.handleSubmit( parent.handleFormSubmit ) }\r\n\t\t\t\t\r\n\t\t\t\t\t>\r\n\t\t\t\r\n\t\t\t\r\n\t\t\t\t\t${is_dummy_markup ? message_position === 'top' ?  props.ResponseDummyMarkup(message_successIcon, message_proClass) : '' : ''}\r\n\t\t\t\t\t${is_dummy_markup ? ' ' :  message_position === 'top' ? props.SubmitResponseMarkup`${parent}${state}${message_successIcon}${message_errorIcon}${message_proClass}` : ''}\r\n\r\n\t\t\t\t\t<!--------------------------------------------------------\r\n\t\t\t\t\t*** IMPORTANT \/ DANGEROUS ***\r\n\t\t\t\t\t${html``} must be used as in immediate child of \"metform-form-main-wrapper\"\r\n\t\t\t\t\tclass otherwise multistep form will not run at all\r\n\t\t\t\t\t---------------------------------------------------------->\r\n\r\n\t\t\t\t\t<div className=\"metform-form-main-wrapper\" key=${'hide-form-after-submit'} ref=${parent.formRef}>\r\n\t\t\t\t\t${html`\r\n\t\t\t\t\t\t\t\t<div data-elementor-type=\"wp-post\" key=\"2\" data-elementor-id=\"4172\" className=\"elementor elementor-4172\" data-elementor-post-type=\"metform-form\">\n\t\t\t\t<div className=\"elementor-element elementor-element-3fe4d80 e-con-full e-flex e-con e-parent\" data-id=\"3fe4d80\" data-element_type=\"container\">\n\t\t\t\t<div className=\"elementor-element elementor-element-7c18345 elementor-widget elementor-widget-mf-listing-fname\" data-id=\"7c18345\" data-element_type=\"widget\" data-settings=\"{&quot;mf_input_name&quot;:&quot;mf-listing-fname&quot;}\" data-widget_type=\"mf-listing-fname.default\">\n\t\t\t\t<div className=\"elementor-widget-container\">\n\t\t\t\t\t\n\t\t<div className=\"mf-input-wrapper\">\n\t\t\t\n\t\t\t<input type=\"text\" className=\"mf-input \" id=\"mf-input-text-7c18345\" \n\t\t\t\tname=\"mf-listing-fname\" \n\t\t\t\tplaceholder=\"${ parent.decodeEntities(`Name`) } \"\n\t\t\t\tonInput=${ parent.handleChange }\n\n\t\t\t\t\t\t\t\t\taria-invalid=${validation.errors['mf-listing-fname'] ? 'true' : 'false'}\n\t\t\t\t\tref=${ el => parent.activateValidation({\"message\":\"Bu alan zorunludur.\",\"minLength\":5,\"maxLength\":\"\",\"type\":\"by_character_length\",\"required\":true,\"expression\":\"null\"}, el) }\n\t\t\t\t\t\t\t\/>\n\n\t\t\t\t\t\t\t<${validation.ErrorMessage}\n\t\t\t\t\terrors=${validation.errors}\n\t\t\t\t\tname=\"mf-listing-fname\"\n\t\t\t\t\tas=${html`<span className=\"mf-error-message\"><\/span>`}\n\t\t\t\t\t\/>\n\t\t\t\t\t\t\t\t<\/div>\n\n\t\t\t\t\t\t<\/div>\n\t\t\t\t<\/div>\n\t\t\t\t<div className=\"elementor-element elementor-element-e3c57f4 elementor-widget elementor-widget-mf-email\" data-id=\"e3c57f4\" data-element_type=\"widget\" data-settings=\"{&quot;mf_input_name&quot;:&quot;email&quot;}\" data-widget_type=\"mf-email.default\">\n\t\t\t\t<div className=\"elementor-widget-container\">\n\t\t\t\t\t\r\n\t\t<div className=\"mf-input-wrapper\">\r\n\t\t\t\r\n\t\t\t<input \r\n\t\t\t\ttype=\"email\" \r\n\t\t\t\t \r\n\t\t\t\tdefaultValue=\"\" \r\n\t\t\t\tclassName=\"mf-input \" \r\n\t\t\t\tid=\"mf-input-email-e3c57f4\" \r\n\t\t\t\tname=\"email\" \r\n\t\t\t\tplaceholder=\"${ parent.decodeEntities(`E-Mail Address`) } \" \r\n\t\t\t\t \r\n\t\t\t\tonBlur=${parent.handleChange} onFocus=${parent.handleChange} aria-invalid=${validation.errors['email'] ? 'true' : 'false' } \r\n\t\t\t\tref=${el=> parent.activateValidation({\"message\":\"Bu alan zorunludur.\",\"emailMessage\":\"Please enter a valid Email address\",\"minLength\":1,\"maxLength\":\"\",\"type\":\"none\",\"required\":true,\"expression\":\"null\"}, el)}\r\n\t\t\t\t\t\t\t\/>\r\n\r\n\t\t\t\t\t\t<${validation.ErrorMessage} \r\n\t\t\t\terrors=${validation.errors} \r\n\t\t\t\tname=\"email\" \r\n\t\t\t\tas=${html`<span className=\"mf-error-message\"><\/span>`}\r\n\t\t\t\/>\r\n\t\t\t\r\n\t\t\t\t\t<\/div>\r\n\r\n\t\t\t\t<\/div>\n\t\t\t\t<\/div>\n\t\t\t\t<div className=\"elementor-element elementor-element-4f7c2ba elementor-widget elementor-widget-mf-textarea\" data-id=\"4f7c2ba\" data-element_type=\"widget\" data-settings=\"{&quot;mf_input_name&quot;:&quot;textarea&quot;}\" data-widget_type=\"mf-textarea.default\">\n\t\t\t\t<div className=\"elementor-widget-container\">\n\t\t\t\t\t\r\n\t\t<div className=\"mf-input-wrapper\">\r\n\t\t\t\r\n\t\t\t<textarea className=\"mf-input mf-textarea \" id=\"mf-input-text-area-4f7c2ba\"\r\n\t\t\t\tname=\"textarea\" \r\n\t\t\t\tplaceholder=\"${ parent.decodeEntities(`Message`) } \"\r\n\t\t\t\tcols=\"30\" rows=\"10\"\r\n\t\t\t\t\t\t\t\t\tonInput=${ parent.handleChange }\r\n\t\t\t\t\taria-invalid=${validation.errors['textarea'] ? 'true' : 'false'}\r\n\t\t\t\t\tref=${ el => parent.activateValidation({\"message\":\"Bu alan zorunludur.\",\"minLength\":50,\"maxLength\":\"\",\"type\":\"by_character_length\",\"required\":true,\"expression\":\"null\"}, el)}\r\n\t\t\t\t\t\t\t\t><\/textarea>\r\n\r\n\t\t\t\t\t\t\t<${validation.ErrorMessage}\r\n\t\t\t\t\terrors=${validation.errors}\r\n\t\t\t\t\tname=\"textarea\"\r\n\t\t\t\t\tas=${html`<span className=\"mf-error-message\"><\/span>`}\r\n\t\t\t\t\t\/>\r\n\t\t\t\t\t\t\t\t<\/div>\r\n\r\n\t\t\t\t\t\t<\/div>\n\t\t\t\t<\/div>\n\t\t\t\t<div className=\"elementor-element elementor-element-427671d mf-btn--justify mf-btn--tablet-justify mf-btn--mobile-justify elementor-widget elementor-widget-mf-button\" data-id=\"427671d\" data-element_type=\"widget\" data-widget_type=\"mf-button.default\">\n\t\t\t\t<div className=\"elementor-widget-container\">\n\t\t\t\t\t\t\t<div className=\"mf-btn-wraper \" data-mf-form-conditional-logic-requirement=\"\">\r\n\t\t\t\t\t\t\t<button type=\"submit\" className=\"metform-btn metform-submit-btn \" id=\"\">\r\n\t\t\t\t\t<span>${ parent.decodeEntities(`Send`) } <\/span>\r\n\t\t\t\t<\/button>\r\n\t\t\t        <\/div>\r\n        \t\t\t\t<\/div>\n\t\t\t\t<\/div>\n\t\t\t\t<\/div>\n\t\t\t\t<\/div>\n\t\t\t\t\t\t\t`}\r\n\t\t\t\t\t<\/div>\r\n\r\n\t\t\t\t\t${is_dummy_markup ? message_position === 'bottom' ? props.ResponseDummyMarkup(message_successIcon, message_proClass) : '' : ''}\r\n\t\t\t\t\t${is_dummy_markup ? ' ' : message_position === 'bottom' ? props.SubmitResponseMarkup`${parent}${state}${message_successIcon}${message_errorIcon}${message_proClass}` : ''}\r\n\t\t\t\t\r\n\t\t\t\t<\/form>\r\n\t\t\t`\r\n\t\t<\/script>\r\n\r\n\t\t\t\t\t<\/div>\n\t\t<\/div>\n\t\t<\/div>\t\t\t\t<\/div>\n\t\t\t\t<\/div>\n\t\t\t\t<\/div>\n\t\t<div class=\"elementor-element elementor-element-ac38855 e-con-full e-flex e-con e-child\" data-id=\"ac38855\" data-element_type=\"container\">\n\t\t\t\t<div class=\"elementor-element elementor-element-45b7ea6 lqd-box-separate-content-placement-start lqd-box-image-top elementor-widget elementor-widget-lqd-box lqd-widget-container-flex lqd-group-box\" data-id=\"45b7ea6\" data-element_type=\"widget\" data-widget_type=\"lqd-box.default\">\n\t\t\t\t<div class=\"elementor-widget-container\">\n\t\t\t\t\t\n\t\t<div class=\"lqd-box-content relative z-1 transition-all flex flex-row-reverse\">\n\n\t\t\t\n\t\t\t<div class=\"lqd-box-content-separate relative\">\n\t\t\t<h4 class=\"items-center relative mb-0 transition-effects lqd-box-title\">Our teams are here to help<\/h4><h5 class=\"items-center relative mt-0 mb-0 transition-effects lqd-box-subtitle\">+90 (212) 495 17 00<\/h5>\t\t\t<\/div>\n\t\t\t\t\t<div class=\"lqd-box-content-separate transition-all relative\">\n\t\t\n\t\t<span class=\"lqd-box-icon inline-flex shrink-0 grow-0 basis-auto items-center justify-center relative transition-all\">\t\t<span class=\"lqd-bg-layer lqd-color-wrap lqd-bg-color-wrap block w-full h-full rounded-inherit overflow-hidden elementor-repeater-item-20b8679-45b7ea6 pointer-events-none lqd-bg-layer-box-icon absolute top-0 start-0 z-0\"><\/span>\n\t\t\t\t\t<span class=\"overflow-hidden transition-opacity opacity-0 lqd-bg-hover-wrap lqd-el-visible-on-hover rounded-inherit lqd-group-box-hover:opacity-100\">\n\t\t\t\t\t\t<span class=\"lqd-bg-layer lqd-color-wrap lqd-bg-color-wrap block w-full h-full rounded-inherit overflow-hidden elementor-repeater-item-7e9b113-45b7ea6 pointer-events-none lqd-bg-layer-box-icon absolute top-0 start-0 z-0\"><\/span>\n\t\t\t\t\t<\/span>\n\t\t\t<svg class=\"lqd-akar-icon w-1em h-auto lqd-menu-icon \" xmlns=\"http:\/\/www.w3.org\/2000\/svg\" width=\"36\" height=\"36\" viewBox=\"0 0 24 24\" fill=\"none\" stroke=\"currentColor\" stroke-width=\"2\" stroke-linecap=\"round\" stroke-linejoin=\"round\"><path d=\"M10.554 6.24L7.171 2.335c-.39-.45-1.105-.448-1.558.006L2.831 5.128c-.828.829-1.065 2.06-.586 3.047a29.207 29.207 0 0 0 13.561 13.58c.986.479 2.216.242 3.044-.587l2.808-2.813c.455-.455.456-1.174.002-1.564l-3.92-3.365c-.41-.352-1.047-.306-1.458.106l-1.364 1.366a.462.462 0 0 1-.553.088 14.557 14.557 0 0 1-5.36-5.367.463.463 0 0 1 .088-.554l1.36-1.361c.412-.414.457-1.054.101-1.465z\"><\/path><\/svg><\/span>\n\n\t\t\t\t<\/div>\n\t\t\n\t\t<\/div>\n\n\t\t\t\t\t<div class=\"absolute top-0 start-0 w-full h-full overflow-hidden z-2 lqd-transform-3d lqd-box-link\">\n\t\t\t\t<a href=\"tel:00902124951700\" class=\"inline-block w-full h-full absolute top-0 start-0 -indent-full\"><\/a>\n\t\t\t<\/div>\n\t\t\t\t\t\t<\/div>\n\t\t\t\t<\/div>\n\t\t<style>.elementor-element-45b7ea6 .elementor-repeater-item-20b8679-45b7ea6{background-color:#F7F8FA}.elementor-element-45b7ea6 .elementor-repeater-item-7e9b113-45b7ea6{background-color:var(--e-global-color-14716c6)}<\/style>\t\t<\/div>\n\t\t\t\t<\/div>\n\t\t\t\t\t<\/div>\n\t\t\t\t<\/div>\n\t\t\t\t<\/div>\n\t\t","protected":false},"excerpt":{"rendered":"<p>Confidence, Diligence, Progress! The textile industry, a key influencer of fashion, encompasses extensive and complex processes that span from the design desk to the wardrobe. Operating in diverse sectors such as clothing, home textiles, and sportswear, textile brands need effective logistics processes to deliver their products to consumers worldwide. At Talay Logistics, we organize transports [&hellip;]<\/p>\n","protected":false},"author":1,"featured_media":0,"parent":0,"menu_order":0,"comment_status":"closed","ping_status":"closed","template":"","meta":{"footnotes":""},"class_list":["post-3924","page","type-page","status-publish","hentry"],"yoast_head":"<!-- This site is optimized with the Yoast SEO plugin v26.7 - https:\/\/yoast.com\/wordpress\/plugins\/seo\/ -->\n<title>Textile | Talay Logistics<\/title>\n<meta name=\"robots\" content=\"index, follow, max-snippet:-1, max-image-preview:large, max-video-preview:-1\" \/>\n<link rel=\"canonical\" href=\"https:\/\/talay.com\/en\/textile\/\" \/>\n<meta property=\"og:locale\" content=\"en_US\" \/>\n<meta property=\"og:type\" content=\"article\" \/>\n<meta property=\"og:title\" content=\"Textile | Talay Logistics\" \/>\n<meta property=\"og:description\" content=\"Confidence, Diligence, Progress! The textile industry, a key influencer of fashion, encompasses extensive and complex processes that span from the design desk to the wardrobe. Operating in diverse sectors such as clothing, home textiles, and sportswear, textile brands need effective logistics processes to deliver their products to consumers worldwide. At Talay Logistics, we organize transports [&hellip;]\" \/>\n<meta property=\"og:url\" content=\"https:\/\/talay.com\/en\/textile\/\" \/>\n<meta property=\"og:site_name\" content=\"Talay Logistics\" \/>\n<meta property=\"article:publisher\" content=\"https:\/\/facebook.com\/talaylogistics\" \/>\n<meta property=\"article:modified_time\" content=\"2024-10-03T08:06:23+00:00\" \/>\n<meta property=\"og:image\" content=\"https:\/\/talay.com\/wp-content\/uploads\/2024\/05\/Talay-Logistics-Logo.png\" \/>\n\t<meta property=\"og:image:width\" content=\"309\" \/>\n\t<meta property=\"og:image:height\" content=\"50\" \/>\n\t<meta property=\"og:image:type\" content=\"image\/png\" \/>\n<meta name=\"twitter:card\" content=\"summary_large_image\" \/>\n<meta name=\"twitter:site\" content=\"@talaylogistics\" \/>\n<meta name=\"twitter:label1\" content=\"Est. reading time\" \/>\n\t<meta name=\"twitter:data1\" content=\"1 minute\" \/>\n<script type=\"application\/ld+json\" class=\"yoast-schema-graph\">{\"@context\":\"https:\/\/schema.org\",\"@graph\":[{\"@type\":\"WebPage\",\"@id\":\"https:\/\/talay.com\/en\/textile\/\",\"url\":\"https:\/\/talay.com\/en\/textile\/\",\"name\":\"Textile | Talay Logistics\",\"isPartOf\":{\"@id\":\"https:\/\/talay.com\/#website\"},\"datePublished\":\"2024-05-06T15:04:34+00:00\",\"dateModified\":\"2024-10-03T08:06:23+00:00\",\"breadcrumb\":{\"@id\":\"https:\/\/talay.com\/en\/textile\/#breadcrumb\"},\"inLanguage\":\"en-US\",\"potentialAction\":[{\"@type\":\"ReadAction\",\"target\":[\"https:\/\/talay.com\/en\/textile\/\"]}]},{\"@type\":\"BreadcrumbList\",\"@id\":\"https:\/\/talay.com\/en\/textile\/#breadcrumb\",\"itemListElement\":[{\"@type\":\"ListItem\",\"position\":1,\"name\":\"Anasayfa\",\"item\":\"https:\/\/talay.com\/en\/\"},{\"@type\":\"ListItem\",\"position\":2,\"name\":\"Textile\"}]},{\"@type\":\"WebSite\",\"@id\":\"https:\/\/talay.com\/#website\",\"url\":\"https:\/\/talay.com\/\",\"name\":\"Talay Logistics\",\"description\":\"Entegre Ta\u015f\u0131mac\u0131l\u0131k \u00c7\u00f6z\u00fcmleri\",\"publisher\":{\"@id\":\"https:\/\/talay.com\/#organization\"},\"potentialAction\":[{\"@type\":\"SearchAction\",\"target\":{\"@type\":\"EntryPoint\",\"urlTemplate\":\"https:\/\/talay.com\/?s={search_term_string}\"},\"query-input\":{\"@type\":\"PropertyValueSpecification\",\"valueRequired\":true,\"valueName\":\"search_term_string\"}}],\"inLanguage\":\"en-US\"},{\"@type\":\"Organization\",\"@id\":\"https:\/\/talay.com\/#organization\",\"name\":\"Talay Logistics\",\"url\":\"https:\/\/talay.com\/\",\"logo\":{\"@type\":\"ImageObject\",\"inLanguage\":\"en-US\",\"@id\":\"https:\/\/talay.com\/#\/schema\/logo\/image\/\",\"url\":\"https:\/\/talay.com\/wp-content\/uploads\/2024\/05\/talay-web-ikon.png\",\"contentUrl\":\"https:\/\/talay.com\/wp-content\/uploads\/2024\/05\/talay-web-ikon.png\",\"width\":500,\"height\":500,\"caption\":\"Talay Logistics\"},\"image\":{\"@id\":\"https:\/\/talay.com\/#\/schema\/logo\/image\/\"},\"sameAs\":[\"https:\/\/facebook.com\/talaylogistics\",\"https:\/\/x.com\/talaylogistics\",\"https:\/\/linkedin.com\/company\/talaylogistics\",\"https:\/\/instagram.com\/talay.logistics\"]}]}<\/script>\n<!-- \/ Yoast SEO plugin. -->","yoast_head_json":{"title":"Textile | Talay Logistics","robots":{"index":"index","follow":"follow","max-snippet":"max-snippet:-1","max-image-preview":"max-image-preview:large","max-video-preview":"max-video-preview:-1"},"canonical":"https:\/\/talay.com\/en\/textile\/","og_locale":"en_US","og_type":"article","og_title":"Textile | Talay Logistics","og_description":"Confidence, Diligence, Progress! The textile industry, a key influencer of fashion, encompasses extensive and complex processes that span from the design desk to the wardrobe. Operating in diverse sectors such as clothing, home textiles, and sportswear, textile brands need effective logistics processes to deliver their products to consumers worldwide. At Talay Logistics, we organize transports [&hellip;]","og_url":"https:\/\/talay.com\/en\/textile\/","og_site_name":"Talay Logistics","article_publisher":"https:\/\/facebook.com\/talaylogistics","article_modified_time":"2024-10-03T08:06:23+00:00","og_image":[{"width":309,"height":50,"url":"https:\/\/talay.com\/wp-content\/uploads\/2024\/05\/Talay-Logistics-Logo.png","type":"image\/png"}],"twitter_card":"summary_large_image","twitter_site":"@talaylogistics","twitter_misc":{"Est. reading time":"1 minute"},"schema":{"@context":"https:\/\/schema.org","@graph":[{"@type":"WebPage","@id":"https:\/\/talay.com\/en\/textile\/","url":"https:\/\/talay.com\/en\/textile\/","name":"Textile | Talay Logistics","isPartOf":{"@id":"https:\/\/talay.com\/#website"},"datePublished":"2024-05-06T15:04:34+00:00","dateModified":"2024-10-03T08:06:23+00:00","breadcrumb":{"@id":"https:\/\/talay.com\/en\/textile\/#breadcrumb"},"inLanguage":"en-US","potentialAction":[{"@type":"ReadAction","target":["https:\/\/talay.com\/en\/textile\/"]}]},{"@type":"BreadcrumbList","@id":"https:\/\/talay.com\/en\/textile\/#breadcrumb","itemListElement":[{"@type":"ListItem","position":1,"name":"Anasayfa","item":"https:\/\/talay.com\/en\/"},{"@type":"ListItem","position":2,"name":"Textile"}]},{"@type":"WebSite","@id":"https:\/\/talay.com\/#website","url":"https:\/\/talay.com\/","name":"Talay Logistics","description":"Entegre Ta\u015f\u0131mac\u0131l\u0131k \u00c7\u00f6z\u00fcmleri","publisher":{"@id":"https:\/\/talay.com\/#organization"},"potentialAction":[{"@type":"SearchAction","target":{"@type":"EntryPoint","urlTemplate":"https:\/\/talay.com\/?s={search_term_string}"},"query-input":{"@type":"PropertyValueSpecification","valueRequired":true,"valueName":"search_term_string"}}],"inLanguage":"en-US"},{"@type":"Organization","@id":"https:\/\/talay.com\/#organization","name":"Talay Logistics","url":"https:\/\/talay.com\/","logo":{"@type":"ImageObject","inLanguage":"en-US","@id":"https:\/\/talay.com\/#\/schema\/logo\/image\/","url":"https:\/\/talay.com\/wp-content\/uploads\/2024\/05\/talay-web-ikon.png","contentUrl":"https:\/\/talay.com\/wp-content\/uploads\/2024\/05\/talay-web-ikon.png","width":500,"height":500,"caption":"Talay Logistics"},"image":{"@id":"https:\/\/talay.com\/#\/schema\/logo\/image\/"},"sameAs":["https:\/\/facebook.com\/talaylogistics","https:\/\/x.com\/talaylogistics","https:\/\/linkedin.com\/company\/talaylogistics","https:\/\/instagram.com\/talay.logistics"]}]}},"_links":{"self":[{"href":"https:\/\/talay.com\/en\/wp-json\/wp\/v2\/pages\/3924","targetHints":{"allow":["GET"]}}],"collection":[{"href":"https:\/\/talay.com\/en\/wp-json\/wp\/v2\/pages"}],"about":[{"href":"https:\/\/talay.com\/en\/wp-json\/wp\/v2\/types\/page"}],"author":[{"embeddable":true,"href":"https:\/\/talay.com\/en\/wp-json\/wp\/v2\/users\/1"}],"replies":[{"embeddable":true,"href":"https:\/\/talay.com\/en\/wp-json\/wp\/v2\/comments?post=3924"}],"version-history":[{"count":7,"href":"https:\/\/talay.com\/en\/wp-json\/wp\/v2\/pages\/3924\/revisions"}],"predecessor-version":[{"id":4182,"href":"https:\/\/talay.com\/en\/wp-json\/wp\/v2\/pages\/3924\/revisions\/4182"}],"wp:attachment":[{"href":"https:\/\/talay.com\/en\/wp-json\/wp\/v2\/media?parent=3924"}],"curies":[{"name":"wp","href":"https:\/\/api.w.org\/{rel}","templated":true}]}}