{"id":3923,"date":"2024-05-06T17:39:18","date_gmt":"2024-05-06T14:39:18","guid":{"rendered":"https:\/\/talay.com\/sorumluluklarimiz\/"},"modified":"2024-10-01T17:16:27","modified_gmt":"2024-10-01T14:16:27","slug":"our-responsibilities","status":"publish","type":"page","link":"https:\/\/talay.com\/en\/our-responsibilities\/","title":{"rendered":"Our Responsibilities"},"content":{"rendered":"\t\t<div data-elementor-type=\"wp-page\" data-elementor-id=\"3923\" class=\"elementor elementor-3923 elementor-2443\" data-elementor-post-type=\"page\">\n\t\t\t\t<div class=\"elementor-element elementor-element-b44bee9 e-flex e-con-boxed e-con e-parent\" data-id=\"b44bee9\" data-element_type=\"container\" data-settings=\"{&quot;background_background&quot;:&quot;classic&quot;}\">\n\t\t\t\t\t<div class=\"e-con-inner\">\n\t\t<div class=\"elementor-element elementor-element-74618ea e-con-full e-flex e-con e-child\" data-id=\"74618ea\" data-element_type=\"container\">\n\t\t\t\t<div class=\"elementor-element elementor-element-99f09ea lqd-text-tag-h2 elementor-widget elementor-widget-lqd-text\" data-id=\"99f09ea\" data-element_type=\"widget\" data-widget_type=\"lqd-text.default\">\n\t\t\t\t<div class=\"elementor-widget-container\">\n\t\t\t\t\t<h2 class=\"lqd-text-el m-0 p-0\"><span class=\"lqd-text-item relative elementor-repeater-item-5e3578d\">Respect for the past, present, and future.\n<\/span><\/h2>\t\t\t\t<\/div>\n\t\t\t\t<\/div>\n\t\t\t\t<div class=\"elementor-element elementor-element-ebfb109 lqd-text-tag-p elementor-widget elementor-widget-lqd-text\" data-id=\"ebfb109\" data-element_type=\"widget\" data-widget_type=\"lqd-text.default\">\n\t\t\t\t<div class=\"elementor-widget-container\">\n\t\t\t\t\t<p class=\"lqd-text-el m-0 p-0\"><span class=\"lqd-text-item relative elementor-repeater-item-5e3578d\">We act with a strong sense of responsibility toward our customers, the environment, and society.\n<\/span><\/p>\t\t\t\t<\/div>\n\t\t\t\t<\/div>\n\t\t\t\t<div class=\"elementor-element elementor-element-1a40c0a elementor-widget elementor-widget-lqd-accordion lqd-accordion w-full\" data-id=\"1a40c0a\" data-element_type=\"widget\" data-widget_type=\"lqd-accordion.default\">\n\t\t\t\t<div class=\"elementor-widget-container\">\n\t\t\t\t\t\n\t\t<div class=\"lqd-accordion-item elementor-repeater-item-99f981c transition-colors lqd-is-active\">\n\t\t\t<h5 class=\"lqd-accordion-heading m-0 p-0\" tabindex=\"-1\">\n\t\t\t\t<a class=\"lqd-accordion-trigger lqd-togglable-trigger lqd-widget-trigger flex items-center w-full cursor-pointer transition-colors lqd-is-active\" href=\"#lqd-accordion-1a40c0a-content\" aria-expanded=\"true\" aria-controls=\"lqd-accordion-1a40c0a-content\" tabindex=\"0\">\n\t\t\t\t\t<span class=\"lqd-accordion-heading-txt pointer-events-none\">Environmental Sustainability<\/span>\n\t\t\t\t\t\t\t\t\t<\/a>\n\t\t\t<\/h5>\n\t\t\t<div class=\"lqd-accordion-content-wrap lqd-togglable-element lqd-is-active\" id=\"lqd-accordion-1a40c0a-content\">\n\t\t\t\t<div class=\"lqd-accordion-content\">\n\t\t\t\t\t<p>Minimizing our carbon emissions is essential to how we operate. Through our sustainable logistics practices, we consistently strive to reduce our carbon footprint and conserve natural resources. We aim to minimize our environmental impact by implementing measures such as enhancing fuel efficiency, reducing waste, and investing in green technologies. We also encourage our partners throughout the supply chain to adhere to sustainability principles.<br \/><br \/>To achieve this, we have invested in T\u00fcrkiye\u2019s first fully electric trucks and integrated them into our operations. We maximize the utilization of solar energy in our headquarters, storage areas, and other facilities. Through our utilization of intermodal transportation, we prevent approximately 80,000 metric tons of carbon emissions in a year and save 180 million kilowatt-hours of energy, and 30 million liters of diesel. As one of the first logistics companies in T\u00fcrkiye to be awarded the Green Logistics certificate, we are committed to further enhancing our environmental contribution. We shape our business processes through SAP, aligning with our objectives of digital transformation, sustainability, efficiency, and operational excellence. We are the first logistics company to utilize the latest version of this software, S\/4HANA Cloud, in real time.<\/p>\t\t\t\t<\/div>\n\t\t\t<\/div>\n\t\t<\/div>\n\n\t\t\n\t\t<div class=\"lqd-accordion-item elementor-repeater-item-222fa37 transition-colors\">\n\t\t\t<h5 class=\"lqd-accordion-heading m-0 p-0\" tabindex=\"-1\">\n\t\t\t\t<a class=\"lqd-accordion-trigger lqd-togglable-trigger lqd-widget-trigger flex items-center w-full cursor-pointer transition-colors\" href=\"#lqd-accordion-1a40c0a-content\" aria-expanded=\"false\" aria-controls=\"lqd-accordion-1a40c0a-content\" tabindex=\"0\">\n\t\t\t\t\t<span class=\"lqd-accordion-heading-txt pointer-events-none\">Customer Relations and Trust<\/span>\n\t\t\t\t\t\t\t\t\t<\/a>\n\t\t\t<\/h5>\n\t\t\t<div class=\"lqd-accordion-content-wrap lqd-togglable-element hidden\" id=\"lqd-accordion-1a40c0a-content\">\n\t\t\t\t<div class=\"lqd-accordion-content\">\n\t\t\t\t\t<p>Customer satisfaction and trust form the building blocks of our business. We continually improve our services by measuring their quality and reliability for our customers.<br \/><br \/>We leverage technology to fully understand our customers\u2019 needs and provide them with the most suitable solutions. We ensure they receive top-quality logistics services through our tailored solutions.<\/p>\t\t\t\t<\/div>\n\t\t\t<\/div>\n\t\t<\/div>\n\n\t\t\n\t\t<div class=\"lqd-accordion-item elementor-repeater-item-a58fb46 transition-colors\">\n\t\t\t<h5 class=\"lqd-accordion-heading m-0 p-0\" tabindex=\"-1\">\n\t\t\t\t<a class=\"lqd-accordion-trigger lqd-togglable-trigger lqd-widget-trigger flex items-center w-full cursor-pointer transition-colors\" href=\"#lqd-accordion-1a40c0a-content\" aria-expanded=\"false\" aria-controls=\"lqd-accordion-1a40c0a-content\" tabindex=\"0\">\n\t\t\t\t\t<span class=\"lqd-accordion-heading-txt pointer-events-none\">Contributions to Society<\/span>\n\t\t\t\t\t\t\t\t\t<\/a>\n\t\t\t<\/h5>\n\t\t\t<div class=\"lqd-accordion-content-wrap lqd-togglable-element hidden\" id=\"lqd-accordion-1a40c0a-content\">\n\t\t\t\t<div class=\"lqd-accordion-content\">\n\t\t\t\t\t<p>As a member of society, we support various social responsibility projects to contribute to the social and economic development of our regions. We actively contribute to initiatives in areas such as education, health, and environmental protection. We also support and encourage our employees to engage in these activities. We engage with university students to share insights about logistics and regularly offer internship opportunities.<\/p>\t\t\t\t<\/div>\n\t\t\t<\/div>\n\t\t<\/div>\n\n\t\t\n\t\t<div class=\"lqd-accordion-item elementor-repeater-item-de6b80b transition-colors\">\n\t\t\t<h5 class=\"lqd-accordion-heading m-0 p-0\" tabindex=\"-1\">\n\t\t\t\t<a class=\"lqd-accordion-trigger lqd-togglable-trigger lqd-widget-trigger flex items-center w-full cursor-pointer transition-colors\" href=\"#lqd-accordion-1a40c0a-content\" aria-expanded=\"false\" aria-controls=\"lqd-accordion-1a40c0a-content\" tabindex=\"0\">\n\t\t\t\t\t<span class=\"lqd-accordion-heading-txt pointer-events-none\">Ethical Principles<\/span>\n\t\t\t\t\t\t\t\t\t<\/a>\n\t\t\t<\/h5>\n\t\t\t<div class=\"lqd-accordion-content-wrap lqd-togglable-element hidden\" id=\"lqd-accordion-1a40c0a-content\">\n\t\t\t\t<div class=\"lqd-accordion-content\">\n\t\t\t\t\t<table border=\"0\" cellspacing=\"0\"><tbody><tr><td align=\"left\" valign=\"bottom\"><span style=\"color: #000000;\">Our core principles are honesty, transparency, and business ethics. We strive to uphold ethical values, foster healthy relationships with our business partners, and create a business environment built on trust. We firmly reject any illegal activity and share information with our customers and business partners in situations that may involve illicit conduct.<\/span><\/td><\/tr><\/tbody><\/table>\t\t\t\t<\/div>\n\t\t\t<\/div>\n\t\t<\/div>\n\n\t\t\n\t\t<div class=\"lqd-accordion-item elementor-repeater-item-161b7a2 transition-colors\">\n\t\t\t<h5 class=\"lqd-accordion-heading m-0 p-0\" tabindex=\"-1\">\n\t\t\t\t<a class=\"lqd-accordion-trigger lqd-togglable-trigger lqd-widget-trigger flex items-center w-full cursor-pointer transition-colors\" href=\"#lqd-accordion-1a40c0a-content\" aria-expanded=\"false\" aria-controls=\"lqd-accordion-1a40c0a-content\" tabindex=\"0\">\n\t\t\t\t\t<span class=\"lqd-accordion-heading-txt pointer-events-none\">Transporting Towards a Green Future<\/span>\n\t\t\t\t\t\t\t\t\t<\/a>\n\t\t\t<\/h5>\n\t\t\t<div class=\"lqd-accordion-content-wrap lqd-togglable-element hidden\" id=\"lqd-accordion-1a40c0a-content\">\n\t\t\t\t<div class=\"lqd-accordion-content\">\n\t\t\t\t\t<table border=\"0\" cellspacing=\"0\"><tbody><tr><td align=\"left\" valign=\"bottom\"><span style=\"color: #000000;\">With an awareness of our responsibilities, we are dedicated to leaving a livable world for future generations. We continually review and improve our work processes, taking steps toward a more sustainable future.<\/span><\/td><\/tr><\/tbody><\/table>\t\t\t\t<\/div>\n\t\t\t<\/div>\n\t\t<\/div>\n\n\t\t\t\t\t\t<\/div>\n\t\t\t\t<\/div>\n\t\t<script>\n\t\twindow.liquid.behaviors.push( {\n\t\t\tdataId: \"1a40c0a\",\n\t\t\tbehaviors:[\n\t\t\t\t{behaviorName:'liquidToggle',options:{changePropPrefix:'lqdAccordionToggle-1a40c0a',openedItems:[0],parentToChangeClassname:'.lqd-accordion-item',toggleOffActiveItem:true,ui:{togglableTriggers:'.lqd-accordion-trigger',togglableElements:'.lqd-accordion-content-wrap'}}},{behaviorName:'liquidEffectsSlideToggle',options:{changePropPrefix:'lqdAccordionToggle-1a40c0a'}},\n\t\t\t]\n\t\t} );\n\t\t\n\t\t<\/script>\t\t<\/div>\n\t\t<div class=\"elementor-element elementor-element-5555d4f e-con-full e-flex e-con e-child\" data-id=\"5555d4f\" data-element_type=\"container\">\n\t\t\t\t<div class=\"elementor-element elementor-element-bab0f98 elementor-widget elementor-widget-lqd-image\" data-id=\"bab0f98\" data-element_type=\"widget\" data-widget_type=\"lqd-image.default\">\n\t\t\t\t<div class=\"elementor-widget-container\">\n\t\t\t\t\t\n\t\t<figure class=\"inline-block relative align-middle overflow-hidden lqd-transform-perspective transition-colors\" data-lqd-look-at-mouse data-lqd-hover3d-el>\n\n\t\t\t\n\t\t\t\t\n\t\t\t\t<img fetchpriority=\"high\" decoding=\"async\" width=\"1224\" height=\"1798\" src=\"https:\/\/talay.com\/wp-content\/uploads\/2024\/05\/Talay-logistics-sorumluluk.png\" class=\"attachment-full size-full wp-image-3173\" alt=\"\" srcset=\"https:\/\/talay.com\/wp-content\/uploads\/2024\/05\/Talay-logistics-sorumluluk.png 1224w, https:\/\/talay.com\/wp-content\/uploads\/2024\/05\/Talay-logistics-sorumluluk-204x300.png 204w, https:\/\/talay.com\/wp-content\/uploads\/2024\/05\/Talay-logistics-sorumluluk-697x1024.png 697w\" sizes=\"(max-width: 1224px) 100vw, 1224px\" \/>\n\t\t\t\t\n\t\t\t\t\n\t\t\t\t\n\t\t\t\n\t\t\t\n\t\t<\/figure>\n\n\t\t\t\t\t\t<\/div>\n\t\t\t\t<\/div>\n\t\t\t\t<\/div>\n\t\t\t\t\t<\/div>\n\t\t\t\t<\/div>\n\t\t\t\t<\/div>\n\t\t","protected":false},"excerpt":{"rendered":"<p>Respect for the past, present, and future. We act with a strong sense of responsibility toward our customers, the environment, and society. Environmental Sustainability Minimizing our carbon emissions is essential to how we operate. Through our sustainable logistics practices, we consistently strive to reduce our carbon footprint and conserve natural resources. We aim to minimize [&hellip;]<\/p>\n","protected":false},"author":1,"featured_media":0,"parent":0,"menu_order":0,"comment_status":"closed","ping_status":"closed","template":"","meta":{"footnotes":""},"class_list":["post-3923","page","type-page","status-publish","hentry"],"yoast_head":"<!-- This site is optimized with the Yoast SEO plugin v26.7 - https:\/\/yoast.com\/wordpress\/plugins\/seo\/ -->\n<title>Our Responsibilities | Talay Logistics<\/title>\n<meta name=\"robots\" content=\"index, follow, max-snippet:-1, max-image-preview:large, max-video-preview:-1\" \/>\n<link rel=\"canonical\" href=\"https:\/\/talay.com\/en\/our-responsibilities\/\" \/>\n<meta property=\"og:locale\" content=\"en_US\" \/>\n<meta property=\"og:type\" content=\"article\" \/>\n<meta property=\"og:title\" content=\"Our Responsibilities | Talay Logistics\" \/>\n<meta property=\"og:description\" content=\"Respect for the past, present, and future. We act with a strong sense of responsibility toward our customers, the environment, and society. Environmental Sustainability Minimizing our carbon emissions is essential to how we operate. Through our sustainable logistics practices, we consistently strive to reduce our carbon footprint and conserve natural resources. We aim to minimize [&hellip;]\" \/>\n<meta property=\"og:url\" content=\"https:\/\/talay.com\/en\/our-responsibilities\/\" \/>\n<meta property=\"og:site_name\" content=\"Talay Logistics\" \/>\n<meta property=\"article:publisher\" content=\"https:\/\/facebook.com\/talaylogistics\" \/>\n<meta property=\"article:modified_time\" content=\"2024-10-01T14:16:27+00:00\" \/>\n<meta property=\"og:image\" content=\"https:\/\/talay.com\/wp-content\/uploads\/2024\/05\/Talay-logistics-sorumluluk.png\" \/>\n<meta name=\"twitter:card\" content=\"summary_large_image\" \/>\n<meta name=\"twitter:site\" content=\"@talaylogistics\" \/>\n<meta name=\"twitter:label1\" content=\"Est. reading time\" \/>\n\t<meta name=\"twitter:data1\" content=\"3 minutes\" \/>\n<script type=\"application\/ld+json\" class=\"yoast-schema-graph\">{\"@context\":\"https:\/\/schema.org\",\"@graph\":[{\"@type\":\"WebPage\",\"@id\":\"https:\/\/talay.com\/en\/our-responsibilities\/\",\"url\":\"https:\/\/talay.com\/en\/our-responsibilities\/\",\"name\":\"Our Responsibilities | Talay Logistics\",\"isPartOf\":{\"@id\":\"https:\/\/talay.com\/#website\"},\"primaryImageOfPage\":{\"@id\":\"https:\/\/talay.com\/en\/our-responsibilities\/#primaryimage\"},\"image\":{\"@id\":\"https:\/\/talay.com\/en\/our-responsibilities\/#primaryimage\"},\"thumbnailUrl\":\"https:\/\/talay.com\/wp-content\/uploads\/2024\/05\/Talay-logistics-sorumluluk.png\",\"datePublished\":\"2024-05-06T14:39:18+00:00\",\"dateModified\":\"2024-10-01T14:16:27+00:00\",\"breadcrumb\":{\"@id\":\"https:\/\/talay.com\/en\/our-responsibilities\/#breadcrumb\"},\"inLanguage\":\"en-US\",\"potentialAction\":[{\"@type\":\"ReadAction\",\"target\":[\"https:\/\/talay.com\/en\/our-responsibilities\/\"]}]},{\"@type\":\"ImageObject\",\"inLanguage\":\"en-US\",\"@id\":\"https:\/\/talay.com\/en\/our-responsibilities\/#primaryimage\",\"url\":\"https:\/\/talay.com\/wp-content\/uploads\/2024\/05\/Talay-logistics-sorumluluk.png\",\"contentUrl\":\"https:\/\/talay.com\/wp-content\/uploads\/2024\/05\/Talay-logistics-sorumluluk.png\"},{\"@type\":\"BreadcrumbList\",\"@id\":\"https:\/\/talay.com\/en\/our-responsibilities\/#breadcrumb\",\"itemListElement\":[{\"@type\":\"ListItem\",\"position\":1,\"name\":\"Anasayfa\",\"item\":\"https:\/\/talay.com\/en\/\"},{\"@type\":\"ListItem\",\"position\":2,\"name\":\"Our Responsibilities\"}]},{\"@type\":\"WebSite\",\"@id\":\"https:\/\/talay.com\/#website\",\"url\":\"https:\/\/talay.com\/\",\"name\":\"Talay Logistics\",\"description\":\"Entegre Ta\u015f\u0131mac\u0131l\u0131k \u00c7\u00f6z\u00fcmleri\",\"publisher\":{\"@id\":\"https:\/\/talay.com\/#organization\"},\"potentialAction\":[{\"@type\":\"SearchAction\",\"target\":{\"@type\":\"EntryPoint\",\"urlTemplate\":\"https:\/\/talay.com\/?s={search_term_string}\"},\"query-input\":{\"@type\":\"PropertyValueSpecification\",\"valueRequired\":true,\"valueName\":\"search_term_string\"}}],\"inLanguage\":\"en-US\"},{\"@type\":\"Organization\",\"@id\":\"https:\/\/talay.com\/#organization\",\"name\":\"Talay Logistics\",\"url\":\"https:\/\/talay.com\/\",\"logo\":{\"@type\":\"ImageObject\",\"inLanguage\":\"en-US\",\"@id\":\"https:\/\/talay.com\/#\/schema\/logo\/image\/\",\"url\":\"https:\/\/talay.com\/wp-content\/uploads\/2024\/05\/talay-web-ikon.png\",\"contentUrl\":\"https:\/\/talay.com\/wp-content\/uploads\/2024\/05\/talay-web-ikon.png\",\"width\":500,\"height\":500,\"caption\":\"Talay Logistics\"},\"image\":{\"@id\":\"https:\/\/talay.com\/#\/schema\/logo\/image\/\"},\"sameAs\":[\"https:\/\/facebook.com\/talaylogistics\",\"https:\/\/x.com\/talaylogistics\",\"https:\/\/linkedin.com\/company\/talaylogistics\",\"https:\/\/instagram.com\/talay.logistics\"]}]}<\/script>\n<!-- \/ Yoast SEO plugin. -->","yoast_head_json":{"title":"Our Responsibilities | Talay Logistics","robots":{"index":"index","follow":"follow","max-snippet":"max-snippet:-1","max-image-preview":"max-image-preview:large","max-video-preview":"max-video-preview:-1"},"canonical":"https:\/\/talay.com\/en\/our-responsibilities\/","og_locale":"en_US","og_type":"article","og_title":"Our Responsibilities | Talay Logistics","og_description":"Respect for the past, present, and future. We act with a strong sense of responsibility toward our customers, the environment, and society. Environmental Sustainability Minimizing our carbon emissions is essential to how we operate. Through our sustainable logistics practices, we consistently strive to reduce our carbon footprint and conserve natural resources. We aim to minimize [&hellip;]","og_url":"https:\/\/talay.com\/en\/our-responsibilities\/","og_site_name":"Talay Logistics","article_publisher":"https:\/\/facebook.com\/talaylogistics","article_modified_time":"2024-10-01T14:16:27+00:00","og_image":[{"url":"https:\/\/talay.com\/wp-content\/uploads\/2024\/05\/Talay-logistics-sorumluluk.png","type":"","width":"","height":""}],"twitter_card":"summary_large_image","twitter_site":"@talaylogistics","twitter_misc":{"Est. reading time":"3 minutes"},"schema":{"@context":"https:\/\/schema.org","@graph":[{"@type":"WebPage","@id":"https:\/\/talay.com\/en\/our-responsibilities\/","url":"https:\/\/talay.com\/en\/our-responsibilities\/","name":"Our Responsibilities | Talay Logistics","isPartOf":{"@id":"https:\/\/talay.com\/#website"},"primaryImageOfPage":{"@id":"https:\/\/talay.com\/en\/our-responsibilities\/#primaryimage"},"image":{"@id":"https:\/\/talay.com\/en\/our-responsibilities\/#primaryimage"},"thumbnailUrl":"https:\/\/talay.com\/wp-content\/uploads\/2024\/05\/Talay-logistics-sorumluluk.png","datePublished":"2024-05-06T14:39:18+00:00","dateModified":"2024-10-01T14:16:27+00:00","breadcrumb":{"@id":"https:\/\/talay.com\/en\/our-responsibilities\/#breadcrumb"},"inLanguage":"en-US","potentialAction":[{"@type":"ReadAction","target":["https:\/\/talay.com\/en\/our-responsibilities\/"]}]},{"@type":"ImageObject","inLanguage":"en-US","@id":"https:\/\/talay.com\/en\/our-responsibilities\/#primaryimage","url":"https:\/\/talay.com\/wp-content\/uploads\/2024\/05\/Talay-logistics-sorumluluk.png","contentUrl":"https:\/\/talay.com\/wp-content\/uploads\/2024\/05\/Talay-logistics-sorumluluk.png"},{"@type":"BreadcrumbList","@id":"https:\/\/talay.com\/en\/our-responsibilities\/#breadcrumb","itemListElement":[{"@type":"ListItem","position":1,"name":"Anasayfa","item":"https:\/\/talay.com\/en\/"},{"@type":"ListItem","position":2,"name":"Our Responsibilities"}]},{"@type":"WebSite","@id":"https:\/\/talay.com\/#website","url":"https:\/\/talay.com\/","name":"Talay Logistics","description":"Entegre Ta\u015f\u0131mac\u0131l\u0131k \u00c7\u00f6z\u00fcmleri","publisher":{"@id":"https:\/\/talay.com\/#organization"},"potentialAction":[{"@type":"SearchAction","target":{"@type":"EntryPoint","urlTemplate":"https:\/\/talay.com\/?s={search_term_string}"},"query-input":{"@type":"PropertyValueSpecification","valueRequired":true,"valueName":"search_term_string"}}],"inLanguage":"en-US"},{"@type":"Organization","@id":"https:\/\/talay.com\/#organization","name":"Talay Logistics","url":"https:\/\/talay.com\/","logo":{"@type":"ImageObject","inLanguage":"en-US","@id":"https:\/\/talay.com\/#\/schema\/logo\/image\/","url":"https:\/\/talay.com\/wp-content\/uploads\/2024\/05\/talay-web-ikon.png","contentUrl":"https:\/\/talay.com\/wp-content\/uploads\/2024\/05\/talay-web-ikon.png","width":500,"height":500,"caption":"Talay Logistics"},"image":{"@id":"https:\/\/talay.com\/#\/schema\/logo\/image\/"},"sameAs":["https:\/\/facebook.com\/talaylogistics","https:\/\/x.com\/talaylogistics","https:\/\/linkedin.com\/company\/talaylogistics","https:\/\/instagram.com\/talay.logistics"]}]}},"_links":{"self":[{"href":"https:\/\/talay.com\/en\/wp-json\/wp\/v2\/pages\/3923","targetHints":{"allow":["GET"]}}],"collection":[{"href":"https:\/\/talay.com\/en\/wp-json\/wp\/v2\/pages"}],"about":[{"href":"https:\/\/talay.com\/en\/wp-json\/wp\/v2\/types\/page"}],"author":[{"embeddable":true,"href":"https:\/\/talay.com\/en\/wp-json\/wp\/v2\/users\/1"}],"replies":[{"embeddable":true,"href":"https:\/\/talay.com\/en\/wp-json\/wp\/v2\/comments?post=3923"}],"version-history":[{"count":4,"href":"https:\/\/talay.com\/en\/wp-json\/wp\/v2\/pages\/3923\/revisions"}],"predecessor-version":[{"id":4161,"href":"https:\/\/talay.com\/en\/wp-json\/wp\/v2\/pages\/3923\/revisions\/4161"}],"wp:attachment":[{"href":"https:\/\/talay.com\/en\/wp-json\/wp\/v2\/media?parent=3923"}],"curies":[{"name":"wp","href":"https:\/\/api.w.org\/{rel}","templated":true}]}}