{"id":3922,"date":"2024-05-29T21:57:57","date_gmt":"2024-05-29T18:57:57","guid":{"rendered":"https:\/\/talay.com\/politikalarimiz\/"},"modified":"2024-10-01T17:16:15","modified_gmt":"2024-10-01T14:16:15","slug":"our-policies","status":"publish","type":"page","link":"https:\/\/talay.com\/en\/our-policies\/","title":{"rendered":"Our policies"},"content":{"rendered":"\t\t<div data-elementor-type=\"wp-page\" data-elementor-id=\"3922\" class=\"elementor elementor-3922 elementor-3282\" data-elementor-post-type=\"page\">\n\t\t\t\t<div class=\"elementor-element elementor-element-b44bee9 e-flex e-con-boxed e-con e-parent\" data-id=\"b44bee9\" data-element_type=\"container\" data-settings=\"{&quot;background_background&quot;:&quot;classic&quot;}\">\n\t\t\t\t\t<div class=\"e-con-inner\">\n\t\t<div class=\"elementor-element elementor-element-74618ea e-con-full e-flex e-con e-child\" data-id=\"74618ea\" data-element_type=\"container\">\n\t\t\t\t<div class=\"elementor-element elementor-element-5dbbf56 lqd-box-icon-inline-heading lqd-box-icon-outlined-rounded lqd-box-separate-content-placement-start lqd-box-image-top elementor-widget elementor-widget-lqd-box lqd-widget-container-flex lqd-group-box\" data-id=\"5dbbf56\" data-element_type=\"widget\" data-settings=\"{&quot;lqd_predefined_style_box&quot;:&quot;icon-inline-heading&quot;,&quot;lqd_predefined_style_box_icon&quot;:&quot;outlined-rounded&quot;}\" data-widget_type=\"lqd-box.default\">\n\t\t\t\t<div class=\"elementor-widget-container\">\n\t\t\t\t\t\n\t\t<div class=\"lqd-box-content relative z-1 transition-all flex flex-row-reverse\">\n\n\t\t\t\n\t\t\t<div class=\"lqd-box-content-separate relative\">\n\t\t\t<h3 class=\"items-center relative mb-0 transition-effects lqd-box-title\">Corporate Social Responsibility Policy<\/h3>\t\t\t<\/div>\n\t\t\t\t\t<div class=\"lqd-box-content-separate transition-all relative\">\n\t\t\n\t\t<span class=\"lqd-box-icon inline-flex shrink-0 grow-0 basis-auto items-center justify-center relative transition-all\"><svg aria-hidden=\"true\" class=\"w-1em h-auto align-middle fill-current relative e-font-icon-svg e-fas-file-pdf\" viewBox=\"0 0 384 512\" xmlns=\"http:\/\/www.w3.org\/2000\/svg\"><path d=\"M181.9 256.1c-5-16-4.9-46.9-2-46.9 8.4 0 7.6 36.9 2 46.9zm-1.7 47.2c-7.7 20.2-17.3 43.3-28.4 62.7 18.3-7 39-17.2 62.9-21.9-12.7-9.6-24.9-23.4-34.5-40.8zM86.1 428.1c0 .8 13.2-5.4 34.9-40.2-6.7 6.3-29.1 24.5-34.9 40.2zM248 160h136v328c0 13.3-10.7 24-24 24H24c-13.3 0-24-10.7-24-24V24C0 10.7 10.7 0 24 0h200v136c0 13.2 10.8 24 24 24zm-8 171.8c-20-12.2-33.3-29-42.7-53.8 4.5-18.5 11.6-46.6 6.2-64.2-4.7-29.4-42.4-26.5-47.8-6.8-5 18.3-.4 44.1 8.1 77-11.6 27.6-28.7 64.6-40.8 85.8-.1 0-.1.1-.2.1-27.1 13.9-73.6 44.5-54.5 68 5.6 6.9 16 10 21.5 10 17.9 0 35.7-18 61.1-61.8 25.8-8.5 54.1-19.1 79-23.2 21.7 11.8 47.1 19.5 64 19.5 29.2 0 31.2-32 19.7-43.4-13.9-13.6-54.3-9.7-73.6-7.2zM377 105L279 7c-4.5-4.5-10.6-7-17-7h-6v128h128v-6.1c0-6.3-2.5-12.4-7-16.9zm-74.1 255.3c4.1-2.7-2.5-11.9-42.8-9 37.1 15.8 42.8 9 42.8 9z\"><\/path><\/svg><\/span>\n\n\t\t\t\t<\/div>\n\t\t\n\t\t<\/div>\n\n\t\t\t\t\t<div class=\"absolute top-0 start-0 w-full h-full overflow-hidden z-2 lqd-transform-3d lqd-box-link\">\n\t\t\t\t<a href=\"https:\/\/talay.com\/wp-content\/uploads\/2024\/05\/Talay-Logistics-Kurumsal-Sosyal-Sorumluluk-Politikasi-KSS.01.00.pdf\" target=\"_blank\" class=\"inline-block w-full h-full absolute top-0 start-0 -indent-full\"><\/a>\n\t\t\t<\/div>\n\t\t\t\t\t\t<\/div>\n\t\t\t\t<\/div>\n\t\t\t\t<div class=\"elementor-element elementor-element-7bca79e lqd-box-icon-inline-heading lqd-box-icon-outlined-rounded lqd-box-separate-content-placement-start lqd-box-image-top elementor-widget elementor-widget-lqd-box lqd-widget-container-flex lqd-group-box\" data-id=\"7bca79e\" data-element_type=\"widget\" data-settings=\"{&quot;lqd_predefined_style_box&quot;:&quot;icon-inline-heading&quot;,&quot;lqd_predefined_style_box_icon&quot;:&quot;outlined-rounded&quot;}\" data-widget_type=\"lqd-box.default\">\n\t\t\t\t<div class=\"elementor-widget-container\">\n\t\t\t\t\t\n\t\t<div class=\"lqd-box-content relative z-1 transition-all flex flex-row-reverse\">\n\n\t\t\t\n\t\t\t<div class=\"lqd-box-content-separate relative\">\n\t\t\t<h3 class=\"items-center relative mb-0 transition-effects lqd-box-title\">Subcontractor Policy<\/h3>\t\t\t<\/div>\n\t\t\t\t\t<div class=\"lqd-box-content-separate transition-all relative\">\n\t\t\n\t\t<span class=\"lqd-box-icon inline-flex shrink-0 grow-0 basis-auto items-center justify-center relative transition-all\"><svg aria-hidden=\"true\" class=\"w-1em h-auto align-middle fill-current relative e-font-icon-svg e-fas-file-pdf\" viewBox=\"0 0 384 512\" xmlns=\"http:\/\/www.w3.org\/2000\/svg\"><path d=\"M181.9 256.1c-5-16-4.9-46.9-2-46.9 8.4 0 7.6 36.9 2 46.9zm-1.7 47.2c-7.7 20.2-17.3 43.3-28.4 62.7 18.3-7 39-17.2 62.9-21.9-12.7-9.6-24.9-23.4-34.5-40.8zM86.1 428.1c0 .8 13.2-5.4 34.9-40.2-6.7 6.3-29.1 24.5-34.9 40.2zM248 160h136v328c0 13.3-10.7 24-24 24H24c-13.3 0-24-10.7-24-24V24C0 10.7 10.7 0 24 0h200v136c0 13.2 10.8 24 24 24zm-8 171.8c-20-12.2-33.3-29-42.7-53.8 4.5-18.5 11.6-46.6 6.2-64.2-4.7-29.4-42.4-26.5-47.8-6.8-5 18.3-.4 44.1 8.1 77-11.6 27.6-28.7 64.6-40.8 85.8-.1 0-.1.1-.2.1-27.1 13.9-73.6 44.5-54.5 68 5.6 6.9 16 10 21.5 10 17.9 0 35.7-18 61.1-61.8 25.8-8.5 54.1-19.1 79-23.2 21.7 11.8 47.1 19.5 64 19.5 29.2 0 31.2-32 19.7-43.4-13.9-13.6-54.3-9.7-73.6-7.2zM377 105L279 7c-4.5-4.5-10.6-7-17-7h-6v128h128v-6.1c0-6.3-2.5-12.4-7-16.9zm-74.1 255.3c4.1-2.7-2.5-11.9-42.8-9 37.1 15.8 42.8 9 42.8 9z\"><\/path><\/svg><\/span>\n\n\t\t\t\t<\/div>\n\t\t\n\t\t<\/div>\n\n\t\t\t\t\t<div class=\"absolute top-0 start-0 w-full h-full overflow-hidden z-2 lqd-transform-3d lqd-box-link\">\n\t\t\t\t<a href=\"https:\/\/talay.com\/wp-content\/uploads\/2024\/05\/Talay-Logistics-Alt-Yuklenici-Politikasi-ALT.01.00.pdf\" target=\"_blank\" class=\"inline-block w-full h-full absolute top-0 start-0 -indent-full\"><\/a>\n\t\t\t<\/div>\n\t\t\t\t\t\t<\/div>\n\t\t\t\t<\/div>\n\t\t\t\t<div class=\"elementor-element elementor-element-e2d645d lqd-box-icon-inline-heading lqd-box-icon-outlined-rounded lqd-box-separate-content-placement-start lqd-box-image-top elementor-widget elementor-widget-lqd-box lqd-widget-container-flex lqd-group-box\" data-id=\"e2d645d\" data-element_type=\"widget\" data-settings=\"{&quot;lqd_predefined_style_box&quot;:&quot;icon-inline-heading&quot;,&quot;lqd_predefined_style_box_icon&quot;:&quot;outlined-rounded&quot;}\" data-widget_type=\"lqd-box.default\">\n\t\t\t\t<div class=\"elementor-widget-container\">\n\t\t\t\t\t\n\t\t<div class=\"lqd-box-content relative z-1 transition-all flex flex-row-reverse\">\n\n\t\t\t\n\t\t\t<div class=\"lqd-box-content-separate relative\">\n\t\t\t<h3 class=\"items-center relative mb-0 transition-effects lqd-box-title\">Ethical Principles and Business Ethics Policy<\/h3>\t\t\t<\/div>\n\t\t\t\t\t<div class=\"lqd-box-content-separate transition-all relative\">\n\t\t\n\t\t<span class=\"lqd-box-icon inline-flex shrink-0 grow-0 basis-auto items-center justify-center relative transition-all\"><svg aria-hidden=\"true\" class=\"w-1em h-auto align-middle fill-current relative e-font-icon-svg e-fas-file-pdf\" viewBox=\"0 0 384 512\" xmlns=\"http:\/\/www.w3.org\/2000\/svg\"><path d=\"M181.9 256.1c-5-16-4.9-46.9-2-46.9 8.4 0 7.6 36.9 2 46.9zm-1.7 47.2c-7.7 20.2-17.3 43.3-28.4 62.7 18.3-7 39-17.2 62.9-21.9-12.7-9.6-24.9-23.4-34.5-40.8zM86.1 428.1c0 .8 13.2-5.4 34.9-40.2-6.7 6.3-29.1 24.5-34.9 40.2zM248 160h136v328c0 13.3-10.7 24-24 24H24c-13.3 0-24-10.7-24-24V24C0 10.7 10.7 0 24 0h200v136c0 13.2 10.8 24 24 24zm-8 171.8c-20-12.2-33.3-29-42.7-53.8 4.5-18.5 11.6-46.6 6.2-64.2-4.7-29.4-42.4-26.5-47.8-6.8-5 18.3-.4 44.1 8.1 77-11.6 27.6-28.7 64.6-40.8 85.8-.1 0-.1.1-.2.1-27.1 13.9-73.6 44.5-54.5 68 5.6 6.9 16 10 21.5 10 17.9 0 35.7-18 61.1-61.8 25.8-8.5 54.1-19.1 79-23.2 21.7 11.8 47.1 19.5 64 19.5 29.2 0 31.2-32 19.7-43.4-13.9-13.6-54.3-9.7-73.6-7.2zM377 105L279 7c-4.5-4.5-10.6-7-17-7h-6v128h128v-6.1c0-6.3-2.5-12.4-7-16.9zm-74.1 255.3c4.1-2.7-2.5-11.9-42.8-9 37.1 15.8 42.8 9 42.8 9z\"><\/path><\/svg><\/span>\n\n\t\t\t\t<\/div>\n\t\t\n\t\t<\/div>\n\n\t\t\t\t\t<div class=\"absolute top-0 start-0 w-full h-full overflow-hidden z-2 lqd-transform-3d lqd-box-link\">\n\t\t\t\t<a href=\"https:\/\/talay.com\/wp-content\/uploads\/2024\/05\/Talay-Logistics-Etik-ilkeler-ve-is-Ahlaki-Politikasi-ETK.01.00.pdf\" target=\"_blank\" class=\"inline-block w-full h-full absolute top-0 start-0 -indent-full\"><\/a>\n\t\t\t<\/div>\n\t\t\t\t\t\t<\/div>\n\t\t\t\t<\/div>\n\t\t\t\t<div class=\"elementor-element elementor-element-27c41ec lqd-box-icon-inline-heading lqd-box-icon-outlined-rounded lqd-box-separate-content-placement-start lqd-box-image-top elementor-widget elementor-widget-lqd-box lqd-widget-container-flex lqd-group-box\" data-id=\"27c41ec\" data-element_type=\"widget\" data-settings=\"{&quot;lqd_predefined_style_box&quot;:&quot;icon-inline-heading&quot;,&quot;lqd_predefined_style_box_icon&quot;:&quot;outlined-rounded&quot;}\" data-widget_type=\"lqd-box.default\">\n\t\t\t\t<div class=\"elementor-widget-container\">\n\t\t\t\t\t\n\t\t<div class=\"lqd-box-content relative z-1 transition-all flex flex-row-reverse\">\n\n\t\t\t\n\t\t\t<div class=\"lqd-box-content-separate relative\">\n\t\t\t<h3 class=\"items-center relative mb-0 transition-effects lqd-box-title\">Integrated Management Systems Policy<\/h3>\t\t\t<\/div>\n\t\t\t\t\t<div class=\"lqd-box-content-separate transition-all relative\">\n\t\t\n\t\t<span class=\"lqd-box-icon inline-flex shrink-0 grow-0 basis-auto items-center justify-center relative transition-all\"><svg aria-hidden=\"true\" class=\"w-1em h-auto align-middle fill-current relative e-font-icon-svg e-fas-file-pdf\" viewBox=\"0 0 384 512\" xmlns=\"http:\/\/www.w3.org\/2000\/svg\"><path d=\"M181.9 256.1c-5-16-4.9-46.9-2-46.9 8.4 0 7.6 36.9 2 46.9zm-1.7 47.2c-7.7 20.2-17.3 43.3-28.4 62.7 18.3-7 39-17.2 62.9-21.9-12.7-9.6-24.9-23.4-34.5-40.8zM86.1 428.1c0 .8 13.2-5.4 34.9-40.2-6.7 6.3-29.1 24.5-34.9 40.2zM248 160h136v328c0 13.3-10.7 24-24 24H24c-13.3 0-24-10.7-24-24V24C0 10.7 10.7 0 24 0h200v136c0 13.2 10.8 24 24 24zm-8 171.8c-20-12.2-33.3-29-42.7-53.8 4.5-18.5 11.6-46.6 6.2-64.2-4.7-29.4-42.4-26.5-47.8-6.8-5 18.3-.4 44.1 8.1 77-11.6 27.6-28.7 64.6-40.8 85.8-.1 0-.1.1-.2.1-27.1 13.9-73.6 44.5-54.5 68 5.6 6.9 16 10 21.5 10 17.9 0 35.7-18 61.1-61.8 25.8-8.5 54.1-19.1 79-23.2 21.7 11.8 47.1 19.5 64 19.5 29.2 0 31.2-32 19.7-43.4-13.9-13.6-54.3-9.7-73.6-7.2zM377 105L279 7c-4.5-4.5-10.6-7-17-7h-6v128h128v-6.1c0-6.3-2.5-12.4-7-16.9zm-74.1 255.3c4.1-2.7-2.5-11.9-42.8-9 37.1 15.8 42.8 9 42.8 9z\"><\/path><\/svg><\/span>\n\n\t\t\t\t<\/div>\n\t\t\n\t\t<\/div>\n\n\t\t\t\t\t<div class=\"absolute top-0 start-0 w-full h-full overflow-hidden z-2 lqd-transform-3d lqd-box-link\">\n\t\t\t\t<a href=\"https:\/\/talay.com\/wp-content\/uploads\/2024\/05\/Talay-Logistics-Entegre-Yonetim-Sistemi-Politikasi-EYS.01.00-.pdf\" target=\"_blank\" class=\"inline-block w-full h-full absolute top-0 start-0 -indent-full\"><\/a>\n\t\t\t<\/div>\n\t\t\t\t\t\t<\/div>\n\t\t\t\t<\/div>\n\t\t\t\t<\/div>\n\t\t\t\t\t<\/div>\n\t\t\t\t<\/div>\n\t\t\t\t<\/div>\n\t\t","protected":false},"excerpt":{"rendered":"<p>Corporate Social Responsibility Policy Subcontractor Policy Ethical Principles and Business Ethics Policy Integrated Management Systems Policy<\/p>\n","protected":false},"author":1,"featured_media":0,"parent":0,"menu_order":0,"comment_status":"closed","ping_status":"closed","template":"","meta":{"footnotes":""},"class_list":["post-3922","page","type-page","status-publish","hentry"],"yoast_head":"<!-- This site is optimized with the Yoast SEO plugin v26.7 - https:\/\/yoast.com\/wordpress\/plugins\/seo\/ -->\n<title>Our policies | Talay Logistics<\/title>\n<meta name=\"robots\" content=\"index, follow, max-snippet:-1, max-image-preview:large, max-video-preview:-1\" \/>\n<link rel=\"canonical\" href=\"https:\/\/talay.com\/en\/our-policies\/\" \/>\n<meta property=\"og:locale\" content=\"en_US\" \/>\n<meta property=\"og:type\" content=\"article\" \/>\n<meta property=\"og:title\" content=\"Our policies | Talay Logistics\" \/>\n<meta property=\"og:description\" content=\"Corporate Social Responsibility Policy Subcontractor Policy Ethical Principles and Business Ethics Policy Integrated Management Systems Policy\" \/>\n<meta property=\"og:url\" content=\"https:\/\/talay.com\/en\/our-policies\/\" \/>\n<meta property=\"og:site_name\" content=\"Talay Logistics\" \/>\n<meta property=\"article:publisher\" content=\"https:\/\/facebook.com\/talaylogistics\" \/>\n<meta property=\"article:modified_time\" content=\"2024-10-01T14:16:15+00:00\" \/>\n<meta property=\"og:image\" content=\"https:\/\/talay.com\/wp-content\/uploads\/2024\/05\/Talay-Logistics-Logo.png\" \/>\n\t<meta property=\"og:image:width\" content=\"309\" \/>\n\t<meta property=\"og:image:height\" content=\"50\" \/>\n\t<meta property=\"og:image:type\" content=\"image\/png\" \/>\n<meta name=\"twitter:card\" content=\"summary_large_image\" \/>\n<meta name=\"twitter:site\" content=\"@talaylogistics\" \/>\n<meta name=\"twitter:label1\" content=\"Est. reading time\" \/>\n\t<meta name=\"twitter:data1\" content=\"1 minute\" \/>\n<script type=\"application\/ld+json\" class=\"yoast-schema-graph\">{\"@context\":\"https:\/\/schema.org\",\"@graph\":[{\"@type\":\"WebPage\",\"@id\":\"https:\/\/talay.com\/en\/our-policies\/\",\"url\":\"https:\/\/talay.com\/en\/our-policies\/\",\"name\":\"Our policies | Talay Logistics\",\"isPartOf\":{\"@id\":\"https:\/\/talay.com\/#website\"},\"datePublished\":\"2024-05-29T18:57:57+00:00\",\"dateModified\":\"2024-10-01T14:16:15+00:00\",\"breadcrumb\":{\"@id\":\"https:\/\/talay.com\/en\/our-policies\/#breadcrumb\"},\"inLanguage\":\"en-US\",\"potentialAction\":[{\"@type\":\"ReadAction\",\"target\":[\"https:\/\/talay.com\/en\/our-policies\/\"]}]},{\"@type\":\"BreadcrumbList\",\"@id\":\"https:\/\/talay.com\/en\/our-policies\/#breadcrumb\",\"itemListElement\":[{\"@type\":\"ListItem\",\"position\":1,\"name\":\"Anasayfa\",\"item\":\"https:\/\/talay.com\/en\/\"},{\"@type\":\"ListItem\",\"position\":2,\"name\":\"Our policies\"}]},{\"@type\":\"WebSite\",\"@id\":\"https:\/\/talay.com\/#website\",\"url\":\"https:\/\/talay.com\/\",\"name\":\"Talay Logistics\",\"description\":\"Entegre Ta\u015f\u0131mac\u0131l\u0131k \u00c7\u00f6z\u00fcmleri\",\"publisher\":{\"@id\":\"https:\/\/talay.com\/#organization\"},\"potentialAction\":[{\"@type\":\"SearchAction\",\"target\":{\"@type\":\"EntryPoint\",\"urlTemplate\":\"https:\/\/talay.com\/?s={search_term_string}\"},\"query-input\":{\"@type\":\"PropertyValueSpecification\",\"valueRequired\":true,\"valueName\":\"search_term_string\"}}],\"inLanguage\":\"en-US\"},{\"@type\":\"Organization\",\"@id\":\"https:\/\/talay.com\/#organization\",\"name\":\"Talay Logistics\",\"url\":\"https:\/\/talay.com\/\",\"logo\":{\"@type\":\"ImageObject\",\"inLanguage\":\"en-US\",\"@id\":\"https:\/\/talay.com\/#\/schema\/logo\/image\/\",\"url\":\"https:\/\/talay.com\/wp-content\/uploads\/2024\/05\/talay-web-ikon.png\",\"contentUrl\":\"https:\/\/talay.com\/wp-content\/uploads\/2024\/05\/talay-web-ikon.png\",\"width\":500,\"height\":500,\"caption\":\"Talay Logistics\"},\"image\":{\"@id\":\"https:\/\/talay.com\/#\/schema\/logo\/image\/\"},\"sameAs\":[\"https:\/\/facebook.com\/talaylogistics\",\"https:\/\/x.com\/talaylogistics\",\"https:\/\/linkedin.com\/company\/talaylogistics\",\"https:\/\/instagram.com\/talay.logistics\"]}]}<\/script>\n<!-- \/ Yoast SEO plugin. -->","yoast_head_json":{"title":"Our policies | Talay Logistics","robots":{"index":"index","follow":"follow","max-snippet":"max-snippet:-1","max-image-preview":"max-image-preview:large","max-video-preview":"max-video-preview:-1"},"canonical":"https:\/\/talay.com\/en\/our-policies\/","og_locale":"en_US","og_type":"article","og_title":"Our policies | Talay Logistics","og_description":"Corporate Social Responsibility Policy Subcontractor Policy Ethical Principles and Business Ethics Policy Integrated Management Systems Policy","og_url":"https:\/\/talay.com\/en\/our-policies\/","og_site_name":"Talay Logistics","article_publisher":"https:\/\/facebook.com\/talaylogistics","article_modified_time":"2024-10-01T14:16:15+00:00","og_image":[{"width":309,"height":50,"url":"https:\/\/talay.com\/wp-content\/uploads\/2024\/05\/Talay-Logistics-Logo.png","type":"image\/png"}],"twitter_card":"summary_large_image","twitter_site":"@talaylogistics","twitter_misc":{"Est. reading time":"1 minute"},"schema":{"@context":"https:\/\/schema.org","@graph":[{"@type":"WebPage","@id":"https:\/\/talay.com\/en\/our-policies\/","url":"https:\/\/talay.com\/en\/our-policies\/","name":"Our policies | Talay Logistics","isPartOf":{"@id":"https:\/\/talay.com\/#website"},"datePublished":"2024-05-29T18:57:57+00:00","dateModified":"2024-10-01T14:16:15+00:00","breadcrumb":{"@id":"https:\/\/talay.com\/en\/our-policies\/#breadcrumb"},"inLanguage":"en-US","potentialAction":[{"@type":"ReadAction","target":["https:\/\/talay.com\/en\/our-policies\/"]}]},{"@type":"BreadcrumbList","@id":"https:\/\/talay.com\/en\/our-policies\/#breadcrumb","itemListElement":[{"@type":"ListItem","position":1,"name":"Anasayfa","item":"https:\/\/talay.com\/en\/"},{"@type":"ListItem","position":2,"name":"Our policies"}]},{"@type":"WebSite","@id":"https:\/\/talay.com\/#website","url":"https:\/\/talay.com\/","name":"Talay Logistics","description":"Entegre Ta\u015f\u0131mac\u0131l\u0131k \u00c7\u00f6z\u00fcmleri","publisher":{"@id":"https:\/\/talay.com\/#organization"},"potentialAction":[{"@type":"SearchAction","target":{"@type":"EntryPoint","urlTemplate":"https:\/\/talay.com\/?s={search_term_string}"},"query-input":{"@type":"PropertyValueSpecification","valueRequired":true,"valueName":"search_term_string"}}],"inLanguage":"en-US"},{"@type":"Organization","@id":"https:\/\/talay.com\/#organization","name":"Talay Logistics","url":"https:\/\/talay.com\/","logo":{"@type":"ImageObject","inLanguage":"en-US","@id":"https:\/\/talay.com\/#\/schema\/logo\/image\/","url":"https:\/\/talay.com\/wp-content\/uploads\/2024\/05\/talay-web-ikon.png","contentUrl":"https:\/\/talay.com\/wp-content\/uploads\/2024\/05\/talay-web-ikon.png","width":500,"height":500,"caption":"Talay Logistics"},"image":{"@id":"https:\/\/talay.com\/#\/schema\/logo\/image\/"},"sameAs":["https:\/\/facebook.com\/talaylogistics","https:\/\/x.com\/talaylogistics","https:\/\/linkedin.com\/company\/talaylogistics","https:\/\/instagram.com\/talay.logistics"]}]}},"_links":{"self":[{"href":"https:\/\/talay.com\/en\/wp-json\/wp\/v2\/pages\/3922","targetHints":{"allow":["GET"]}}],"collection":[{"href":"https:\/\/talay.com\/en\/wp-json\/wp\/v2\/pages"}],"about":[{"href":"https:\/\/talay.com\/en\/wp-json\/wp\/v2\/types\/page"}],"author":[{"embeddable":true,"href":"https:\/\/talay.com\/en\/wp-json\/wp\/v2\/users\/1"}],"replies":[{"embeddable":true,"href":"https:\/\/talay.com\/en\/wp-json\/wp\/v2\/comments?post=3922"}],"version-history":[{"count":4,"href":"https:\/\/talay.com\/en\/wp-json\/wp\/v2\/pages\/3922\/revisions"}],"predecessor-version":[{"id":4160,"href":"https:\/\/talay.com\/en\/wp-json\/wp\/v2\/pages\/3922\/revisions\/4160"}],"wp:attachment":[{"href":"https:\/\/talay.com\/en\/wp-json\/wp\/v2\/media?parent=3922"}],"curies":[{"name":"wp","href":"https:\/\/api.w.org\/{rel}","templated":true}]}}