{"id":3919,"date":"2024-05-06T18:07:54","date_gmt":"2024-05-06T15:07:54","guid":{"rendered":"https:\/\/talay.com\/medya\/"},"modified":"2026-03-03T12:35:59","modified_gmt":"2026-03-03T09:35:59","slug":"medya","status":"publish","type":"page","link":"https:\/\/talay.com\/en\/medya\/","title":{"rendered":"Media"},"content":{"rendered":"\t\t<div data-elementor-type=\"wp-page\" data-elementor-id=\"3919\" class=\"elementor elementor-3919 elementor-2507\" data-elementor-post-type=\"page\">\n\t\t\t\t<div class=\"elementor-element elementor-element-473ff89 e-flex e-con-boxed e-con e-parent\" data-id=\"473ff89\" data-element_type=\"container\">\n\t\t\t\t\t<div class=\"e-con-inner\">\n\t\t\t\t<div class=\"elementor-element elementor-element-c25e489 elementor-widget elementor-widget-lqd-posts-list lqd-widget-container-flex lqd-widget-container-flex-wrap w-full\" data-id=\"c25e489\" data-element_type=\"widget\" data-widget_type=\"lqd-posts-list.default\">\n\t\t\t\t<div class=\"elementor-widget-container\">\n\t\t\t\t\t\n\t\t<article id=\"post-5606\" class=\"lqd-post relative transition-all post-5606 post type-post status-publish format-standard has-post-thumbnail hentry category-haber-en\" data-lqd-post-type=\"post\">\t\t<div class=\"lqd-post-media relative z-0 elementor-repeater-item-9c75e2f\">\n\t\t\t<figure class=\"lqd-post-media-fig rounded-inherit\">\n\t\t\t\t\t\t\t\t<a href=\"https:\/\/talay.com\/en\/talay-logistics-to-sustain-growth-in-2026-with-focus-on-investment-acquisitions-and-employment\/\">\n\t\t\t\t\t\t\t\t<img fetchpriority=\"high\" decoding=\"async\" width=\"1500\" height=\"1500\" src=\"https:\/\/talay.com\/wp-content\/uploads\/2026\/01\/Talay_Logistics_01.jpg\" class=\"w-full rounded-inherit object-cover object-center wp-post-image\" alt=\"\" srcset=\"https:\/\/talay.com\/wp-content\/uploads\/2026\/01\/Talay_Logistics_01.jpg 1500w, https:\/\/talay.com\/wp-content\/uploads\/2026\/01\/Talay_Logistics_01-300x300.jpg 300w, https:\/\/talay.com\/wp-content\/uploads\/2026\/01\/Talay_Logistics_01-1024x1024.jpg 1024w, https:\/\/talay.com\/wp-content\/uploads\/2026\/01\/Talay_Logistics_01-150x150.jpg 150w\" sizes=\"(max-width: 1500px) 100vw, 1500px\" \/>\t\t\t\t\t\t\t\t<\/a>\n\t\t\t\t\t\t\t<\/figure>\t\t<\/div>\n\t\t\n\t\t<div class=\"lqd-post-meta flex flex-wrap items-center relative z-1 transition-colors elementor-repeater-item-69899ed\">\t\t\t\t<span class=\"lqd-post-meta-part inline-flex flex-wrap items-center transition-colors\" data-lqd-post-meta-part=\"time\">\n\t\t\t\t<time class=\"lqd-post-date\" datetime=\"2026-01-16T11:45:13+03:00\">4 months ago<\/time>\t\t\t\t<\/span>\t\t\t\t\t<span class=\"lqd-post-meta-separator\">\u23fa<\/span>\n\t\t\t\t\t\t\t\t<span class=\"lqd-post-meta-part inline-flex flex-wrap items-center transition-colors\" data-lqd-post-meta-part=\"categories\">\n\t\t\t\t\n\t\t<span class=\"screen-reader-text\">\n\t\t\tCategories\t\t<\/span>\n\t\t\t\t<a href=\"https:\/\/talay.com\/en\/category\/haber-en\/\" class=\"text-inherit rounded-inherit transition-colors\" rel=\"category\">News<\/a>\n\t\t\t\t\t\t<\/span><\/div>\n\n\t\t<h4 class=\"lqd-post-title m-0 p-0 relative z-1 elementor-repeater-item-41fac2f\"><a class=\"text-inherit transition-colors\" href=\"https:\/\/talay.com\/en\/talay-logistics-to-sustain-growth-in-2026-with-focus-on-investment-acquisitions-and-employment\/\">Talay Logistics to Sustain Growth in 2026 with Focus on Investment, Acquisitions, and Employment<\/a><\/h4><\/article>\n\n\t\t\n\t\t<article id=\"post-5608\" class=\"lqd-post relative transition-all post-5608 post type-post status-publish format-standard has-post-thumbnail hentry category-haber-en\" data-lqd-post-type=\"post\">\t\t<div class=\"lqd-post-media relative z-0 elementor-repeater-item-9c75e2f\">\n\t\t\t<figure class=\"lqd-post-media-fig rounded-inherit\">\n\t\t\t\t\t\t\t\t<a href=\"https:\/\/talay.com\/en\/talay-logistics-golf-cup-brings-together-golf-enthusiasts\/\">\n\t\t\t\t\t\t\t\t<img decoding=\"async\" width=\"1500\" height=\"1500\" src=\"https:\/\/talay.com\/wp-content\/uploads\/2026\/01\/Talay_Logistics_02.jpg\" class=\"w-full rounded-inherit object-cover object-center wp-post-image\" alt=\"\" srcset=\"https:\/\/talay.com\/wp-content\/uploads\/2026\/01\/Talay_Logistics_02.jpg 1500w, https:\/\/talay.com\/wp-content\/uploads\/2026\/01\/Talay_Logistics_02-300x300.jpg 300w, https:\/\/talay.com\/wp-content\/uploads\/2026\/01\/Talay_Logistics_02-1024x1024.jpg 1024w, https:\/\/talay.com\/wp-content\/uploads\/2026\/01\/Talay_Logistics_02-150x150.jpg 150w\" sizes=\"(max-width: 1500px) 100vw, 1500px\" \/>\t\t\t\t\t\t\t\t<\/a>\n\t\t\t\t\t\t\t<\/figure>\t\t<\/div>\n\t\t\n\t\t<div class=\"lqd-post-meta flex flex-wrap items-center relative z-1 transition-colors elementor-repeater-item-69899ed\">\t\t\t\t<span class=\"lqd-post-meta-part inline-flex flex-wrap items-center transition-colors\" data-lqd-post-meta-part=\"time\">\n\t\t\t\t<time class=\"lqd-post-date\" datetime=\"2026-01-16T11:42:37+03:00\">4 months ago<\/time>\t\t\t\t<\/span>\t\t\t\t\t<span class=\"lqd-post-meta-separator\">\u23fa<\/span>\n\t\t\t\t\t\t\t\t<span class=\"lqd-post-meta-part inline-flex flex-wrap items-center transition-colors\" data-lqd-post-meta-part=\"categories\">\n\t\t\t\t\n\t\t<span class=\"screen-reader-text\">\n\t\t\tCategories\t\t<\/span>\n\t\t\t\t<a href=\"https:\/\/talay.com\/en\/category\/haber-en\/\" class=\"text-inherit rounded-inherit transition-colors\" rel=\"category\">News<\/a>\n\t\t\t\t\t\t<\/span><\/div>\n\n\t\t<h4 class=\"lqd-post-title m-0 p-0 relative z-1 elementor-repeater-item-41fac2f\"><a class=\"text-inherit transition-colors\" href=\"https:\/\/talay.com\/en\/talay-logistics-golf-cup-brings-together-golf-enthusiasts\/\">Talay Logistics Golf Cup Brings Together Golf Enthusiasts<\/a><\/h4><\/article>\n\n\t\t\n\t\t<article id=\"post-5610\" class=\"lqd-post relative transition-all post-5610 post type-post status-publish format-standard has-post-thumbnail hentry category-haber-en\" data-lqd-post-type=\"post\">\t\t<div class=\"lqd-post-media relative z-0 elementor-repeater-item-9c75e2f\">\n\t\t\t<figure class=\"lqd-post-media-fig rounded-inherit\">\n\t\t\t\t\t\t\t\t<a href=\"https:\/\/talay.com\/en\/talay-logistics-enters-strategic-collaboration-with-belgian-transuniverse\/\">\n\t\t\t\t\t\t\t\t<img decoding=\"async\" width=\"1500\" height=\"1500\" src=\"https:\/\/talay.com\/wp-content\/uploads\/2026\/01\/Talay_Logistics_03.jpg\" class=\"w-full rounded-inherit object-cover object-center wp-post-image\" alt=\"\" srcset=\"https:\/\/talay.com\/wp-content\/uploads\/2026\/01\/Talay_Logistics_03.jpg 1500w, https:\/\/talay.com\/wp-content\/uploads\/2026\/01\/Talay_Logistics_03-300x300.jpg 300w, https:\/\/talay.com\/wp-content\/uploads\/2026\/01\/Talay_Logistics_03-1024x1024.jpg 1024w, https:\/\/talay.com\/wp-content\/uploads\/2026\/01\/Talay_Logistics_03-150x150.jpg 150w\" sizes=\"(max-width: 1500px) 100vw, 1500px\" \/>\t\t\t\t\t\t\t\t<\/a>\n\t\t\t\t\t\t\t<\/figure>\t\t<\/div>\n\t\t\n\t\t<div class=\"lqd-post-meta flex flex-wrap items-center relative z-1 transition-colors elementor-repeater-item-69899ed\">\t\t\t\t<span class=\"lqd-post-meta-part inline-flex flex-wrap items-center transition-colors\" data-lqd-post-meta-part=\"time\">\n\t\t\t\t<time class=\"lqd-post-date\" datetime=\"2026-01-16T11:40:11+03:00\">4 months ago<\/time>\t\t\t\t<\/span>\t\t\t\t\t<span class=\"lqd-post-meta-separator\">\u23fa<\/span>\n\t\t\t\t\t\t\t\t<span class=\"lqd-post-meta-part inline-flex flex-wrap items-center transition-colors\" data-lqd-post-meta-part=\"categories\">\n\t\t\t\t\n\t\t<span class=\"screen-reader-text\">\n\t\t\tCategories\t\t<\/span>\n\t\t\t\t<a href=\"https:\/\/talay.com\/en\/category\/haber-en\/\" class=\"text-inherit rounded-inherit transition-colors\" rel=\"category\">News<\/a>\n\t\t\t\t\t\t<\/span><\/div>\n\n\t\t<h4 class=\"lqd-post-title m-0 p-0 relative z-1 elementor-repeater-item-41fac2f\"><a class=\"text-inherit transition-colors\" href=\"https:\/\/talay.com\/en\/talay-logistics-enters-strategic-collaboration-with-belgian-transuniverse\/\">Talay Logistics Enters Strategic Collaboration with Belgian Transuniverse<\/a><\/h4><\/article>\n\n\t\t\n\t\t<article id=\"post-5611\" class=\"lqd-post relative transition-all post-5611 post type-post status-publish format-standard has-post-thumbnail hentry category-haber-en\" data-lqd-post-type=\"post\">\t\t<div class=\"lqd-post-media relative z-0 elementor-repeater-item-9c75e2f\">\n\t\t\t<figure class=\"lqd-post-media-fig rounded-inherit\">\n\t\t\t\t\t\t\t\t<a href=\"https:\/\/talay.com\/en\/talay-logistics-enters-2025-with-an-eastern-europe-move\/\">\n\t\t\t\t\t\t\t\t<img loading=\"lazy\" decoding=\"async\" width=\"2160\" height=\"2160\" src=\"https:\/\/talay.com\/wp-content\/uploads\/2025\/01\/talay-DemirYolu.jpg\" class=\"w-full rounded-inherit object-cover object-center wp-post-image\" alt=\"\" srcset=\"https:\/\/talay.com\/wp-content\/uploads\/2025\/01\/talay-DemirYolu.jpg 2160w, https:\/\/talay.com\/wp-content\/uploads\/2025\/01\/talay-DemirYolu-300x300.jpg 300w, https:\/\/talay.com\/wp-content\/uploads\/2025\/01\/talay-DemirYolu-1024x1024.jpg 1024w, https:\/\/talay.com\/wp-content\/uploads\/2025\/01\/talay-DemirYolu-150x150.jpg 150w\" sizes=\"(max-width: 2160px) 100vw, 2160px\" \/>\t\t\t\t\t\t\t\t<\/a>\n\t\t\t\t\t\t\t<\/figure>\t\t<\/div>\n\t\t\n\t\t<div class=\"lqd-post-meta flex flex-wrap items-center relative z-1 transition-colors elementor-repeater-item-69899ed\">\t\t\t\t<span class=\"lqd-post-meta-part inline-flex flex-wrap items-center transition-colors\" data-lqd-post-meta-part=\"time\">\n\t\t\t\t<time class=\"lqd-post-date\" datetime=\"2025-01-17T00:28:50+03:00\">1 year ago<\/time>\t\t\t\t<\/span>\t\t\t\t\t<span class=\"lqd-post-meta-separator\">\u23fa<\/span>\n\t\t\t\t\t\t\t\t<span class=\"lqd-post-meta-part inline-flex flex-wrap items-center transition-colors\" data-lqd-post-meta-part=\"categories\">\n\t\t\t\t\n\t\t<span class=\"screen-reader-text\">\n\t\t\tCategories\t\t<\/span>\n\t\t\t\t<a href=\"https:\/\/talay.com\/en\/category\/haber-en\/\" class=\"text-inherit rounded-inherit transition-colors\" rel=\"category\">News<\/a>\n\t\t\t\t\t\t<\/span><\/div>\n\n\t\t<h4 class=\"lqd-post-title m-0 p-0 relative z-1 elementor-repeater-item-41fac2f\"><a class=\"text-inherit transition-colors\" href=\"https:\/\/talay.com\/en\/talay-logistics-enters-2025-with-an-eastern-europe-move\/\">Talay Logistics Enters 2025 with an &#8220;Eastern Europe Move&#8221;<\/a><\/h4><\/article>\n\n\t\t\n\t\t<article id=\"post-5612\" class=\"lqd-post relative transition-all post-5612 post type-post status-publish format-standard has-post-thumbnail hentry category-haber-en\" data-lqd-post-type=\"post\">\t\t<div class=\"lqd-post-media relative z-0 elementor-repeater-item-9c75e2f\">\n\t\t\t<figure class=\"lqd-post-media-fig rounded-inherit\">\n\t\t\t\t\t\t\t\t<a href=\"https:\/\/talay.com\/en\/talay-logistics-expands-in-contract-logistics\/\">\n\t\t\t\t\t\t\t\t<img loading=\"lazy\" decoding=\"async\" width=\"2160\" height=\"2160\" src=\"https:\/\/talay.com\/wp-content\/uploads\/2025\/01\/talay-AyhanTurkmen-1-1.webp\" class=\"w-full rounded-inherit object-cover object-center wp-post-image\" alt=\"\" srcset=\"https:\/\/talay.com\/wp-content\/uploads\/2025\/01\/talay-AyhanTurkmen-1-1.webp 2160w, https:\/\/talay.com\/wp-content\/uploads\/2025\/01\/talay-AyhanTurkmen-1-1-300x300.webp 300w, https:\/\/talay.com\/wp-content\/uploads\/2025\/01\/talay-AyhanTurkmen-1-1-1024x1024.webp 1024w, https:\/\/talay.com\/wp-content\/uploads\/2025\/01\/talay-AyhanTurkmen-1-1-150x150.webp 150w\" sizes=\"(max-width: 2160px) 100vw, 2160px\" \/>\t\t\t\t\t\t\t\t<\/a>\n\t\t\t\t\t\t\t<\/figure>\t\t<\/div>\n\t\t\n\t\t<div class=\"lqd-post-meta flex flex-wrap items-center relative z-1 transition-colors elementor-repeater-item-69899ed\">\t\t\t\t<span class=\"lqd-post-meta-part inline-flex flex-wrap items-center transition-colors\" data-lqd-post-meta-part=\"time\">\n\t\t\t\t<time class=\"lqd-post-date\" datetime=\"2025-01-17T00:26:06+03:00\">1 year ago<\/time>\t\t\t\t<\/span>\t\t\t\t\t<span class=\"lqd-post-meta-separator\">\u23fa<\/span>\n\t\t\t\t\t\t\t\t<span class=\"lqd-post-meta-part inline-flex flex-wrap items-center transition-colors\" data-lqd-post-meta-part=\"categories\">\n\t\t\t\t\n\t\t<span class=\"screen-reader-text\">\n\t\t\tCategories\t\t<\/span>\n\t\t\t\t<a href=\"https:\/\/talay.com\/en\/category\/haber-en\/\" class=\"text-inherit rounded-inherit transition-colors\" rel=\"category\">News<\/a>\n\t\t\t\t\t\t<\/span><\/div>\n\n\t\t<h4 class=\"lqd-post-title m-0 p-0 relative z-1 elementor-repeater-item-41fac2f\"><a class=\"text-inherit transition-colors\" href=\"https:\/\/talay.com\/en\/talay-logistics-expands-in-contract-logistics\/\">Talay Logistics Expands in Contract Logistics<\/a><\/h4><\/article>\n\n\t\t\n\t\t<article id=\"post-5613\" class=\"lqd-post relative transition-all post-5613 post type-post status-publish format-standard has-post-thumbnail hentry category-haber-en\" data-lqd-post-type=\"post\">\t\t<div class=\"lqd-post-media relative z-0 elementor-repeater-item-9c75e2f\">\n\t\t\t<figure class=\"lqd-post-media-fig rounded-inherit\">\n\t\t\t\t\t\t\t\t<a href=\"https:\/\/talay.com\/en\/talay-logistics-strengthens-digital-infrastructure-with-sap\/\">\n\t\t\t\t\t\t\t\t<img loading=\"lazy\" decoding=\"async\" width=\"2160\" height=\"2160\" src=\"https:\/\/talay.com\/wp-content\/uploads\/2025\/01\/talay-MuratKeskin.jpg\" class=\"w-full rounded-inherit object-cover object-center wp-post-image\" alt=\"\" srcset=\"https:\/\/talay.com\/wp-content\/uploads\/2025\/01\/talay-MuratKeskin.jpg 2160w, https:\/\/talay.com\/wp-content\/uploads\/2025\/01\/talay-MuratKeskin-300x300.jpg 300w, https:\/\/talay.com\/wp-content\/uploads\/2025\/01\/talay-MuratKeskin-1024x1024.jpg 1024w, https:\/\/talay.com\/wp-content\/uploads\/2025\/01\/talay-MuratKeskin-150x150.jpg 150w\" sizes=\"(max-width: 2160px) 100vw, 2160px\" \/>\t\t\t\t\t\t\t\t<\/a>\n\t\t\t\t\t\t\t<\/figure>\t\t<\/div>\n\t\t\n\t\t<div class=\"lqd-post-meta flex flex-wrap items-center relative z-1 transition-colors elementor-repeater-item-69899ed\">\t\t\t\t<span class=\"lqd-post-meta-part inline-flex flex-wrap items-center transition-colors\" data-lqd-post-meta-part=\"time\">\n\t\t\t\t<time class=\"lqd-post-date\" datetime=\"2025-01-16T21:14:25+03:00\">1 year ago<\/time>\t\t\t\t<\/span>\t\t\t\t\t<span class=\"lqd-post-meta-separator\">\u23fa<\/span>\n\t\t\t\t\t\t\t\t<span class=\"lqd-post-meta-part inline-flex flex-wrap items-center transition-colors\" data-lqd-post-meta-part=\"categories\">\n\t\t\t\t\n\t\t<span class=\"screen-reader-text\">\n\t\t\tCategories\t\t<\/span>\n\t\t\t\t<a href=\"https:\/\/talay.com\/en\/category\/haber-en\/\" class=\"text-inherit rounded-inherit transition-colors\" rel=\"category\">News<\/a>\n\t\t\t\t\t\t<\/span><\/div>\n\n\t\t<h4 class=\"lqd-post-title m-0 p-0 relative z-1 elementor-repeater-item-41fac2f\"><a class=\"text-inherit transition-colors\" href=\"https:\/\/talay.com\/en\/talay-logistics-strengthens-digital-infrastructure-with-sap\/\">Talay Logistics Strengthens Digital Infrastructure with SAP<\/a><\/h4><\/article>\n\n\t\t\t\t\t\t<\/div>\n\t\t\t\t<\/div>\n\t\t\t\t\t<\/div>\n\t\t\t\t<\/div>\n\t\t\t\t<\/div>\n\t\t","protected":false},"excerpt":{"rendered":"<p>2 months ago \u23fa Categories News Sarp Intermodal 10. Y\u0131l\u0131nda Talay Logistics&#8217;e D\u00f6n\u00fc\u015ft\u00fc 2 months ago \u23fa Categories News Sarp Intermodal 10. Y\u0131l\u0131nda Talay Logistics&#8217;e D\u00f6n\u00fc\u015ft\u00fc 2 months ago \u23fa Categories News Sarp Intermodal 10. Y\u0131l\u0131nda Talay Logistics&#8217;e D\u00f6n\u00fc\u015ft\u00fc 1 year ago \u23fa Categories News Sarp Intermodal 10. Y\u0131l\u0131nda Talay Logistics&#8217;e D\u00f6n\u00fc\u015ft\u00fc 1 year ago [&hellip;]<\/p>\n","protected":false},"author":1,"featured_media":0,"parent":0,"menu_order":0,"comment_status":"closed","ping_status":"closed","template":"","meta":{"footnotes":""},"class_list":["post-3919","page","type-page","status-publish","hentry"],"yoast_head":"<!-- This site is optimized with the Yoast SEO plugin v26.7 - https:\/\/yoast.com\/wordpress\/plugins\/seo\/ -->\n<title>Media | Talay Logistics<\/title>\n<meta name=\"robots\" content=\"index, follow, max-snippet:-1, max-image-preview:large, max-video-preview:-1\" \/>\n<link rel=\"canonical\" href=\"https:\/\/talay.com\/en\/medya\/\" \/>\n<meta property=\"og:locale\" content=\"en_US\" \/>\n<meta property=\"og:type\" content=\"article\" \/>\n<meta property=\"og:title\" content=\"Media | Talay Logistics\" \/>\n<meta property=\"og:description\" content=\"2 months ago \u23fa Categories News Sarp Intermodal 10. Y\u0131l\u0131nda Talay Logistics&#8217;e D\u00f6n\u00fc\u015ft\u00fc 2 months ago \u23fa Categories News Sarp Intermodal 10. Y\u0131l\u0131nda Talay Logistics&#8217;e D\u00f6n\u00fc\u015ft\u00fc 2 months ago \u23fa Categories News Sarp Intermodal 10. Y\u0131l\u0131nda Talay Logistics&#8217;e D\u00f6n\u00fc\u015ft\u00fc 1 year ago \u23fa Categories News Sarp Intermodal 10. Y\u0131l\u0131nda Talay Logistics&#8217;e D\u00f6n\u00fc\u015ft\u00fc 1 year ago [&hellip;]\" \/>\n<meta property=\"og:url\" content=\"https:\/\/talay.com\/en\/medya\/\" \/>\n<meta property=\"og:site_name\" content=\"Talay Logistics\" \/>\n<meta property=\"article:publisher\" content=\"https:\/\/facebook.com\/talaylogistics\" \/>\n<meta property=\"article:modified_time\" content=\"2026-03-03T09:35:59+00:00\" \/>\n<meta property=\"og:image\" content=\"https:\/\/talay.com\/wp-content\/uploads\/2026\/01\/Talay_Logistics_01.jpg\" \/>\n<meta name=\"twitter:card\" content=\"summary_large_image\" \/>\n<meta name=\"twitter:site\" content=\"@talaylogistics\" \/>\n<meta name=\"twitter:label1\" content=\"Est. reading time\" \/>\n\t<meta name=\"twitter:data1\" content=\"3 minutes\" \/>\n<script type=\"application\/ld+json\" class=\"yoast-schema-graph\">{\"@context\":\"https:\/\/schema.org\",\"@graph\":[{\"@type\":\"WebPage\",\"@id\":\"https:\/\/talay.com\/en\/medya\/\",\"url\":\"https:\/\/talay.com\/en\/medya\/\",\"name\":\"Media | Talay Logistics\",\"isPartOf\":{\"@id\":\"https:\/\/talay.com\/#website\"},\"primaryImageOfPage\":{\"@id\":\"https:\/\/talay.com\/en\/medya\/#primaryimage\"},\"image\":{\"@id\":\"https:\/\/talay.com\/en\/medya\/#primaryimage\"},\"thumbnailUrl\":\"https:\/\/talay.com\/wp-content\/uploads\/2026\/01\/Talay_Logistics_01.jpg\",\"datePublished\":\"2024-05-06T15:07:54+00:00\",\"dateModified\":\"2026-03-03T09:35:59+00:00\",\"breadcrumb\":{\"@id\":\"https:\/\/talay.com\/en\/medya\/#breadcrumb\"},\"inLanguage\":\"en-US\",\"potentialAction\":[{\"@type\":\"ReadAction\",\"target\":[\"https:\/\/talay.com\/en\/medya\/\"]}]},{\"@type\":\"ImageObject\",\"inLanguage\":\"en-US\",\"@id\":\"https:\/\/talay.com\/en\/medya\/#primaryimage\",\"url\":\"https:\/\/talay.com\/wp-content\/uploads\/2026\/01\/Talay_Logistics_01.jpg\",\"contentUrl\":\"https:\/\/talay.com\/wp-content\/uploads\/2026\/01\/Talay_Logistics_01.jpg\"},{\"@type\":\"BreadcrumbList\",\"@id\":\"https:\/\/talay.com\/en\/medya\/#breadcrumb\",\"itemListElement\":[{\"@type\":\"ListItem\",\"position\":1,\"name\":\"Anasayfa\",\"item\":\"https:\/\/talay.com\/en\/\"},{\"@type\":\"ListItem\",\"position\":2,\"name\":\"Media\"}]},{\"@type\":\"WebSite\",\"@id\":\"https:\/\/talay.com\/#website\",\"url\":\"https:\/\/talay.com\/\",\"name\":\"Talay Logistics\",\"description\":\"Entegre Ta\u015f\u0131mac\u0131l\u0131k \u00c7\u00f6z\u00fcmleri\",\"publisher\":{\"@id\":\"https:\/\/talay.com\/#organization\"},\"potentialAction\":[{\"@type\":\"SearchAction\",\"target\":{\"@type\":\"EntryPoint\",\"urlTemplate\":\"https:\/\/talay.com\/?s={search_term_string}\"},\"query-input\":{\"@type\":\"PropertyValueSpecification\",\"valueRequired\":true,\"valueName\":\"search_term_string\"}}],\"inLanguage\":\"en-US\"},{\"@type\":\"Organization\",\"@id\":\"https:\/\/talay.com\/#organization\",\"name\":\"Talay Logistics\",\"url\":\"https:\/\/talay.com\/\",\"logo\":{\"@type\":\"ImageObject\",\"inLanguage\":\"en-US\",\"@id\":\"https:\/\/talay.com\/#\/schema\/logo\/image\/\",\"url\":\"https:\/\/talay.com\/wp-content\/uploads\/2024\/05\/talay-web-ikon.png\",\"contentUrl\":\"https:\/\/talay.com\/wp-content\/uploads\/2024\/05\/talay-web-ikon.png\",\"width\":500,\"height\":500,\"caption\":\"Talay Logistics\"},\"image\":{\"@id\":\"https:\/\/talay.com\/#\/schema\/logo\/image\/\"},\"sameAs\":[\"https:\/\/facebook.com\/talaylogistics\",\"https:\/\/x.com\/talaylogistics\",\"https:\/\/linkedin.com\/company\/talaylogistics\",\"https:\/\/instagram.com\/talay.logistics\"]}]}<\/script>\n<!-- \/ Yoast SEO plugin. -->","yoast_head_json":{"title":"Media | Talay Logistics","robots":{"index":"index","follow":"follow","max-snippet":"max-snippet:-1","max-image-preview":"max-image-preview:large","max-video-preview":"max-video-preview:-1"},"canonical":"https:\/\/talay.com\/en\/medya\/","og_locale":"en_US","og_type":"article","og_title":"Media | Talay Logistics","og_description":"2 months ago \u23fa Categories News Sarp Intermodal 10. Y\u0131l\u0131nda Talay Logistics&#8217;e D\u00f6n\u00fc\u015ft\u00fc 2 months ago \u23fa Categories News Sarp Intermodal 10. Y\u0131l\u0131nda Talay Logistics&#8217;e D\u00f6n\u00fc\u015ft\u00fc 2 months ago \u23fa Categories News Sarp Intermodal 10. Y\u0131l\u0131nda Talay Logistics&#8217;e D\u00f6n\u00fc\u015ft\u00fc 1 year ago \u23fa Categories News Sarp Intermodal 10. Y\u0131l\u0131nda Talay Logistics&#8217;e D\u00f6n\u00fc\u015ft\u00fc 1 year ago [&hellip;]","og_url":"https:\/\/talay.com\/en\/medya\/","og_site_name":"Talay Logistics","article_publisher":"https:\/\/facebook.com\/talaylogistics","article_modified_time":"2026-03-03T09:35:59+00:00","og_image":[{"url":"https:\/\/talay.com\/wp-content\/uploads\/2026\/01\/Talay_Logistics_01.jpg","type":"","width":"","height":""}],"twitter_card":"summary_large_image","twitter_site":"@talaylogistics","twitter_misc":{"Est. reading time":"3 minutes"},"schema":{"@context":"https:\/\/schema.org","@graph":[{"@type":"WebPage","@id":"https:\/\/talay.com\/en\/medya\/","url":"https:\/\/talay.com\/en\/medya\/","name":"Media | Talay Logistics","isPartOf":{"@id":"https:\/\/talay.com\/#website"},"primaryImageOfPage":{"@id":"https:\/\/talay.com\/en\/medya\/#primaryimage"},"image":{"@id":"https:\/\/talay.com\/en\/medya\/#primaryimage"},"thumbnailUrl":"https:\/\/talay.com\/wp-content\/uploads\/2026\/01\/Talay_Logistics_01.jpg","datePublished":"2024-05-06T15:07:54+00:00","dateModified":"2026-03-03T09:35:59+00:00","breadcrumb":{"@id":"https:\/\/talay.com\/en\/medya\/#breadcrumb"},"inLanguage":"en-US","potentialAction":[{"@type":"ReadAction","target":["https:\/\/talay.com\/en\/medya\/"]}]},{"@type":"ImageObject","inLanguage":"en-US","@id":"https:\/\/talay.com\/en\/medya\/#primaryimage","url":"https:\/\/talay.com\/wp-content\/uploads\/2026\/01\/Talay_Logistics_01.jpg","contentUrl":"https:\/\/talay.com\/wp-content\/uploads\/2026\/01\/Talay_Logistics_01.jpg"},{"@type":"BreadcrumbList","@id":"https:\/\/talay.com\/en\/medya\/#breadcrumb","itemListElement":[{"@type":"ListItem","position":1,"name":"Anasayfa","item":"https:\/\/talay.com\/en\/"},{"@type":"ListItem","position":2,"name":"Media"}]},{"@type":"WebSite","@id":"https:\/\/talay.com\/#website","url":"https:\/\/talay.com\/","name":"Talay Logistics","description":"Entegre Ta\u015f\u0131mac\u0131l\u0131k \u00c7\u00f6z\u00fcmleri","publisher":{"@id":"https:\/\/talay.com\/#organization"},"potentialAction":[{"@type":"SearchAction","target":{"@type":"EntryPoint","urlTemplate":"https:\/\/talay.com\/?s={search_term_string}"},"query-input":{"@type":"PropertyValueSpecification","valueRequired":true,"valueName":"search_term_string"}}],"inLanguage":"en-US"},{"@type":"Organization","@id":"https:\/\/talay.com\/#organization","name":"Talay Logistics","url":"https:\/\/talay.com\/","logo":{"@type":"ImageObject","inLanguage":"en-US","@id":"https:\/\/talay.com\/#\/schema\/logo\/image\/","url":"https:\/\/talay.com\/wp-content\/uploads\/2024\/05\/talay-web-ikon.png","contentUrl":"https:\/\/talay.com\/wp-content\/uploads\/2024\/05\/talay-web-ikon.png","width":500,"height":500,"caption":"Talay Logistics"},"image":{"@id":"https:\/\/talay.com\/#\/schema\/logo\/image\/"},"sameAs":["https:\/\/facebook.com\/talaylogistics","https:\/\/x.com\/talaylogistics","https:\/\/linkedin.com\/company\/talaylogistics","https:\/\/instagram.com\/talay.logistics"]}]}},"_links":{"self":[{"href":"https:\/\/talay.com\/en\/wp-json\/wp\/v2\/pages\/3919","targetHints":{"allow":["GET"]}}],"collection":[{"href":"https:\/\/talay.com\/en\/wp-json\/wp\/v2\/pages"}],"about":[{"href":"https:\/\/talay.com\/en\/wp-json\/wp\/v2\/types\/page"}],"author":[{"embeddable":true,"href":"https:\/\/talay.com\/en\/wp-json\/wp\/v2\/users\/1"}],"replies":[{"embeddable":true,"href":"https:\/\/talay.com\/en\/wp-json\/wp\/v2\/comments?post=3919"}],"version-history":[{"count":16,"href":"https:\/\/talay.com\/en\/wp-json\/wp\/v2\/pages\/3919\/revisions"}],"predecessor-version":[{"id":5601,"href":"https:\/\/talay.com\/en\/wp-json\/wp\/v2\/pages\/3919\/revisions\/5601"}],"wp:attachment":[{"href":"https:\/\/talay.com\/en\/wp-json\/wp\/v2\/media?parent=3919"}],"curies":[{"name":"wp","href":"https:\/\/api.w.org\/{rel}","templated":true}]}}