{"id":3914,"date":"2024-05-06T17:41:17","date_gmt":"2024-05-06T14:41:17","guid":{"rendered":"https:\/\/talay.com\/kariyer\/"},"modified":"2024-10-01T17:14:55","modified_gmt":"2024-10-01T14:14:55","slug":"career","status":"publish","type":"page","link":"https:\/\/talay.com\/en\/career\/","title":{"rendered":"Career"},"content":{"rendered":"\t\t<div data-elementor-type=\"wp-page\" data-elementor-id=\"3914\" class=\"elementor elementor-3914 elementor-2449\" data-elementor-post-type=\"page\">\n\t\t\t\t<div class=\"elementor-element elementor-element-b44bee9 e-flex e-con-boxed e-con e-parent\" data-id=\"b44bee9\" data-element_type=\"container\" data-settings=\"{&quot;background_background&quot;:&quot;classic&quot;}\">\n\t\t\t\t\t<div class=\"e-con-inner\">\n\t\t<div class=\"elementor-element elementor-element-74618ea e-con-full e-flex e-con e-child\" data-id=\"74618ea\" data-element_type=\"container\">\n\t\t\t\t<div class=\"elementor-element elementor-element-99f09ea lqd-text-tag-h2 elementor-widget elementor-widget-lqd-text\" data-id=\"99f09ea\" data-element_type=\"widget\" data-widget_type=\"lqd-text.default\">\n\t\t\t\t<div class=\"elementor-widget-container\">\n\t\t\t\t\t<h2 class=\"lqd-text-el m-0 p-0\"><span class=\"lqd-text-item relative elementor-repeater-item-5e3578d\">People are our most important resource.<\/span><\/h2>\t\t\t\t<\/div>\n\t\t\t\t<\/div>\n\t\t\t\t<div class=\"elementor-element elementor-element-ebfb109 lqd-text-tag-p elementor-widget elementor-widget-lqd-text\" data-id=\"ebfb109\" data-element_type=\"widget\" data-widget_type=\"lqd-text.default\">\n\t\t\t\t<div class=\"elementor-widget-container\">\n\t\t\t\t\t<p class=\"lqd-text-el m-0 p-0\"><span class=\"lqd-text-item relative elementor-repeater-item-5e3578d\">We see consider our colleagues to be the source of our success, progress and growth. We walk this path together. Accordingly, we adopt a career policy that prioritizes the development and success of our colleagues.\n<br><br>\nWe enable our team members to discover their talents and maximize their potential. From the recruitment process onward, we believe that each employee possesses unique talents. At Talay Logistics, we emphasize uncovering unrecognized talents and abilities, empowering our employees to advance in their careers. This ensures that they operate efficiently in the most suitable positions.\n<br><br>\nWe help our employees reach their potential by regularly providing development opportunities, including training and mentoring programs.\n<br><br>\nWe regularly assess performance and establish goals for each employee. This allows us to track their progress, celebrate their successes, and boost their motivation. We identify our employees\u2019 development areas and enhance their performance through constructive feedback.<\/span><\/p>\t\t\t\t<\/div>\n\t\t\t\t<\/div>\n\t\t\t\t<div class=\"elementor-element elementor-element-1a40c0a elementor-widget elementor-widget-lqd-accordion lqd-accordion w-full\" data-id=\"1a40c0a\" data-element_type=\"widget\" data-widget_type=\"lqd-accordion.default\">\n\t\t\t\t<div class=\"elementor-widget-container\">\n\t\t\t\t\t\n\t\t<div class=\"lqd-accordion-item elementor-repeater-item-99f981c transition-colors lqd-is-active\">\n\t\t\t<h5 class=\"lqd-accordion-heading m-0 p-0\" tabindex=\"-1\">\n\t\t\t\t<a class=\"lqd-accordion-trigger lqd-togglable-trigger lqd-widget-trigger flex items-center w-full cursor-pointer transition-colors lqd-is-active\" href=\"#lqd-accordion-1a40c0a-content\" aria-expanded=\"true\" aria-controls=\"lqd-accordion-1a40c0a-content\" tabindex=\"0\">\n\t\t\t\t\t<span class=\"lqd-accordion-heading-txt pointer-events-none\">Open Positions<\/span>\n\t\t\t\t\t\t\t\t\t<\/a>\n\t\t\t<\/h5>\n\t\t\t<div class=\"lqd-accordion-content-wrap lqd-togglable-element lqd-is-active\" id=\"lqd-accordion-1a40c0a-content\">\n\t\t\t\t<div class=\"lqd-accordion-content\">\n\t\t\t\t\t<p>You are welcome to apply for any open position of your choice and send your CV to our Human Resources team.<\/p>\t\t\t\t<\/div>\n\t\t\t<\/div>\n\t\t<\/div>\n\n\t\t\n\t\t<div class=\"lqd-accordion-item elementor-repeater-item-222fa37 transition-colors\">\n\t\t\t<h5 class=\"lqd-accordion-heading m-0 p-0\" tabindex=\"-1\">\n\t\t\t\t<a class=\"lqd-accordion-trigger lqd-togglable-trigger lqd-widget-trigger flex items-center w-full cursor-pointer transition-colors\" href=\"#lqd-accordion-1a40c0a-content\" aria-expanded=\"false\" aria-controls=\"lqd-accordion-1a40c0a-content\" tabindex=\"0\">\n\t\t\t\t\t<span class=\"lqd-accordion-heading-txt pointer-events-none\">Internship Program<\/span>\n\t\t\t\t\t\t\t\t\t<\/a>\n\t\t\t<\/h5>\n\t\t\t<div class=\"lqd-accordion-content-wrap lqd-togglable-element hidden\" id=\"lqd-accordion-1a40c0a-content\">\n\t\t\t\t<div class=\"lqd-accordion-content\">\n\t\t\t\t\t<p>We designed our internship program to provide students with logistics experience and help them become the professionals of the future.<br \/><br \/><strong>Application requirements:<\/strong><\/p><p>\u2713 Logistics student or graduate,<br \/>\u2713 Education or interest in a related field,<br \/>\u2713 Strong communication skills and open to teamwork,<br \/>\u2713 Willing to learn and improve.<\/p>\t\t\t\t<\/div>\n\t\t\t<\/div>\n\t\t<\/div>\n\n\t\t\t\t\t\t<\/div>\n\t\t\t\t<\/div>\n\t\t<script>\n\t\twindow.liquid.behaviors.push( {\n\t\t\tdataId: \"1a40c0a\",\n\t\t\tbehaviors:[\n\t\t\t\t{behaviorName:'liquidToggle',options:{changePropPrefix:'lqdAccordionToggle-1a40c0a',openedItems:[0],parentToChangeClassname:'.lqd-accordion-item',toggleOffActiveItem:true,ui:{togglableTriggers:'.lqd-accordion-trigger',togglableElements:'.lqd-accordion-content-wrap'}}},{behaviorName:'liquidEffectsSlideToggle',options:{changePropPrefix:'lqdAccordionToggle-1a40c0a'}},\n\t\t\t]\n\t\t} );\n\t\t\n\t\t<\/script>\t\t<\/div>\n\t\t<div class=\"elementor-element elementor-element-5555d4f e-con-full e-flex e-con e-child\" data-id=\"5555d4f\" data-element_type=\"container\">\n\t\t\t\t<div class=\"elementor-element elementor-element-bab0f98 elementor-widget elementor-widget-lqd-image\" data-id=\"bab0f98\" data-element_type=\"widget\" data-widget_type=\"lqd-image.default\">\n\t\t\t\t<div class=\"elementor-widget-container\">\n\t\t\t\t\t\n\t\t<figure class=\"inline-block relative align-middle overflow-hidden lqd-transform-perspective transition-colors\" data-lqd-look-at-mouse data-lqd-hover3d-el>\n\n\t\t\t\n\t\t\t\t\n\t\t\t\t<img fetchpriority=\"high\" decoding=\"async\" width=\"912\" height=\"1040\" src=\"https:\/\/talay.com\/wp-content\/uploads\/2023\/11\/accordion-jpg.webp\" class=\"attachment-full size-full wp-image-983\" alt=\"\" srcset=\"https:\/\/talay.com\/wp-content\/uploads\/2023\/11\/accordion-jpg.webp 912w, https:\/\/talay.com\/wp-content\/uploads\/2023\/11\/accordion-jpg-263x300.webp 263w, https:\/\/talay.com\/wp-content\/uploads\/2023\/11\/accordion-jpg-898x1024.webp 898w\" sizes=\"(max-width: 912px) 100vw, 912px\" \/>\n\t\t\t\t\n\t\t\t\t\n\t\t\t\t\n\t\t\t\n\t\t\t\n\t\t<\/figure>\n\n\t\t\t\t\t\t<\/div>\n\t\t\t\t<\/div>\n\t\t\t\t<\/div>\n\t\t\t\t\t<\/div>\n\t\t\t\t<\/div>\n\t\t\t\t<\/div>\n\t\t","protected":false},"excerpt":{"rendered":"<p>People are our most important resource. We see consider our colleagues to be the source of our success, progress and growth. We walk this path together. Accordingly, we adopt a career policy that prioritizes the development and success of our colleagues. We enable our team members to discover their talents and maximize their potential. From [&hellip;]<\/p>\n","protected":false},"author":1,"featured_media":0,"parent":0,"menu_order":0,"comment_status":"closed","ping_status":"closed","template":"","meta":{"footnotes":""},"class_list":["post-3914","page","type-page","status-publish","hentry"],"yoast_head":"<!-- This site is optimized with the Yoast SEO plugin v26.7 - https:\/\/yoast.com\/wordpress\/plugins\/seo\/ -->\n<title>Career | Talay Logistics<\/title>\n<meta name=\"robots\" content=\"index, follow, max-snippet:-1, max-image-preview:large, max-video-preview:-1\" \/>\n<link rel=\"canonical\" href=\"https:\/\/talay.com\/en\/career\/\" \/>\n<meta property=\"og:locale\" content=\"en_US\" \/>\n<meta property=\"og:type\" content=\"article\" \/>\n<meta property=\"og:title\" content=\"Career | Talay Logistics\" \/>\n<meta property=\"og:description\" content=\"People are our most important resource. We see consider our colleagues to be the source of our success, progress and growth. We walk this path together. Accordingly, we adopt a career policy that prioritizes the development and success of our colleagues. We enable our team members to discover their talents and maximize their potential. From [&hellip;]\" \/>\n<meta property=\"og:url\" content=\"https:\/\/talay.com\/en\/career\/\" \/>\n<meta property=\"og:site_name\" content=\"Talay Logistics\" \/>\n<meta property=\"article:publisher\" content=\"https:\/\/facebook.com\/talaylogistics\" \/>\n<meta property=\"article:modified_time\" content=\"2024-10-01T14:14:55+00:00\" \/>\n<meta property=\"og:image\" content=\"https:\/\/talay.com\/wp-content\/uploads\/2023\/11\/accordion-jpg.webp\" \/>\n<meta name=\"twitter:card\" content=\"summary_large_image\" \/>\n<meta name=\"twitter:site\" content=\"@talaylogistics\" \/>\n<meta name=\"twitter:label1\" content=\"Est. reading time\" \/>\n\t<meta name=\"twitter:data1\" content=\"2 minutes\" \/>\n<script type=\"application\/ld+json\" class=\"yoast-schema-graph\">{\"@context\":\"https:\/\/schema.org\",\"@graph\":[{\"@type\":\"WebPage\",\"@id\":\"https:\/\/talay.com\/en\/career\/\",\"url\":\"https:\/\/talay.com\/en\/career\/\",\"name\":\"Career | Talay Logistics\",\"isPartOf\":{\"@id\":\"https:\/\/talay.com\/#website\"},\"primaryImageOfPage\":{\"@id\":\"https:\/\/talay.com\/en\/career\/#primaryimage\"},\"image\":{\"@id\":\"https:\/\/talay.com\/en\/career\/#primaryimage\"},\"thumbnailUrl\":\"https:\/\/talay.com\/wp-content\/uploads\/2023\/11\/accordion-jpg.webp\",\"datePublished\":\"2024-05-06T14:41:17+00:00\",\"dateModified\":\"2024-10-01T14:14:55+00:00\",\"breadcrumb\":{\"@id\":\"https:\/\/talay.com\/en\/career\/#breadcrumb\"},\"inLanguage\":\"en-US\",\"potentialAction\":[{\"@type\":\"ReadAction\",\"target\":[\"https:\/\/talay.com\/en\/career\/\"]}]},{\"@type\":\"ImageObject\",\"inLanguage\":\"en-US\",\"@id\":\"https:\/\/talay.com\/en\/career\/#primaryimage\",\"url\":\"https:\/\/talay.com\/wp-content\/uploads\/2023\/11\/accordion-jpg.webp\",\"contentUrl\":\"https:\/\/talay.com\/wp-content\/uploads\/2023\/11\/accordion-jpg.webp\"},{\"@type\":\"BreadcrumbList\",\"@id\":\"https:\/\/talay.com\/en\/career\/#breadcrumb\",\"itemListElement\":[{\"@type\":\"ListItem\",\"position\":1,\"name\":\"Anasayfa\",\"item\":\"https:\/\/talay.com\/en\/\"},{\"@type\":\"ListItem\",\"position\":2,\"name\":\"Career\"}]},{\"@type\":\"WebSite\",\"@id\":\"https:\/\/talay.com\/#website\",\"url\":\"https:\/\/talay.com\/\",\"name\":\"Talay Logistics\",\"description\":\"Entegre Ta\u015f\u0131mac\u0131l\u0131k \u00c7\u00f6z\u00fcmleri\",\"publisher\":{\"@id\":\"https:\/\/talay.com\/#organization\"},\"potentialAction\":[{\"@type\":\"SearchAction\",\"target\":{\"@type\":\"EntryPoint\",\"urlTemplate\":\"https:\/\/talay.com\/?s={search_term_string}\"},\"query-input\":{\"@type\":\"PropertyValueSpecification\",\"valueRequired\":true,\"valueName\":\"search_term_string\"}}],\"inLanguage\":\"en-US\"},{\"@type\":\"Organization\",\"@id\":\"https:\/\/talay.com\/#organization\",\"name\":\"Talay Logistics\",\"url\":\"https:\/\/talay.com\/\",\"logo\":{\"@type\":\"ImageObject\",\"inLanguage\":\"en-US\",\"@id\":\"https:\/\/talay.com\/#\/schema\/logo\/image\/\",\"url\":\"https:\/\/talay.com\/wp-content\/uploads\/2024\/05\/talay-web-ikon.png\",\"contentUrl\":\"https:\/\/talay.com\/wp-content\/uploads\/2024\/05\/talay-web-ikon.png\",\"width\":500,\"height\":500,\"caption\":\"Talay Logistics\"},\"image\":{\"@id\":\"https:\/\/talay.com\/#\/schema\/logo\/image\/\"},\"sameAs\":[\"https:\/\/facebook.com\/talaylogistics\",\"https:\/\/x.com\/talaylogistics\",\"https:\/\/linkedin.com\/company\/talaylogistics\",\"https:\/\/instagram.com\/talay.logistics\"]}]}<\/script>\n<!-- \/ Yoast SEO plugin. -->","yoast_head_json":{"title":"Career | Talay Logistics","robots":{"index":"index","follow":"follow","max-snippet":"max-snippet:-1","max-image-preview":"max-image-preview:large","max-video-preview":"max-video-preview:-1"},"canonical":"https:\/\/talay.com\/en\/career\/","og_locale":"en_US","og_type":"article","og_title":"Career | Talay Logistics","og_description":"People are our most important resource. We see consider our colleagues to be the source of our success, progress and growth. We walk this path together. Accordingly, we adopt a career policy that prioritizes the development and success of our colleagues. We enable our team members to discover their talents and maximize their potential. From [&hellip;]","og_url":"https:\/\/talay.com\/en\/career\/","og_site_name":"Talay Logistics","article_publisher":"https:\/\/facebook.com\/talaylogistics","article_modified_time":"2024-10-01T14:14:55+00:00","og_image":[{"url":"https:\/\/talay.com\/wp-content\/uploads\/2023\/11\/accordion-jpg.webp","type":"","width":"","height":""}],"twitter_card":"summary_large_image","twitter_site":"@talaylogistics","twitter_misc":{"Est. reading time":"2 minutes"},"schema":{"@context":"https:\/\/schema.org","@graph":[{"@type":"WebPage","@id":"https:\/\/talay.com\/en\/career\/","url":"https:\/\/talay.com\/en\/career\/","name":"Career | Talay Logistics","isPartOf":{"@id":"https:\/\/talay.com\/#website"},"primaryImageOfPage":{"@id":"https:\/\/talay.com\/en\/career\/#primaryimage"},"image":{"@id":"https:\/\/talay.com\/en\/career\/#primaryimage"},"thumbnailUrl":"https:\/\/talay.com\/wp-content\/uploads\/2023\/11\/accordion-jpg.webp","datePublished":"2024-05-06T14:41:17+00:00","dateModified":"2024-10-01T14:14:55+00:00","breadcrumb":{"@id":"https:\/\/talay.com\/en\/career\/#breadcrumb"},"inLanguage":"en-US","potentialAction":[{"@type":"ReadAction","target":["https:\/\/talay.com\/en\/career\/"]}]},{"@type":"ImageObject","inLanguage":"en-US","@id":"https:\/\/talay.com\/en\/career\/#primaryimage","url":"https:\/\/talay.com\/wp-content\/uploads\/2023\/11\/accordion-jpg.webp","contentUrl":"https:\/\/talay.com\/wp-content\/uploads\/2023\/11\/accordion-jpg.webp"},{"@type":"BreadcrumbList","@id":"https:\/\/talay.com\/en\/career\/#breadcrumb","itemListElement":[{"@type":"ListItem","position":1,"name":"Anasayfa","item":"https:\/\/talay.com\/en\/"},{"@type":"ListItem","position":2,"name":"Career"}]},{"@type":"WebSite","@id":"https:\/\/talay.com\/#website","url":"https:\/\/talay.com\/","name":"Talay Logistics","description":"Entegre Ta\u015f\u0131mac\u0131l\u0131k \u00c7\u00f6z\u00fcmleri","publisher":{"@id":"https:\/\/talay.com\/#organization"},"potentialAction":[{"@type":"SearchAction","target":{"@type":"EntryPoint","urlTemplate":"https:\/\/talay.com\/?s={search_term_string}"},"query-input":{"@type":"PropertyValueSpecification","valueRequired":true,"valueName":"search_term_string"}}],"inLanguage":"en-US"},{"@type":"Organization","@id":"https:\/\/talay.com\/#organization","name":"Talay Logistics","url":"https:\/\/talay.com\/","logo":{"@type":"ImageObject","inLanguage":"en-US","@id":"https:\/\/talay.com\/#\/schema\/logo\/image\/","url":"https:\/\/talay.com\/wp-content\/uploads\/2024\/05\/talay-web-ikon.png","contentUrl":"https:\/\/talay.com\/wp-content\/uploads\/2024\/05\/talay-web-ikon.png","width":500,"height":500,"caption":"Talay Logistics"},"image":{"@id":"https:\/\/talay.com\/#\/schema\/logo\/image\/"},"sameAs":["https:\/\/facebook.com\/talaylogistics","https:\/\/x.com\/talaylogistics","https:\/\/linkedin.com\/company\/talaylogistics","https:\/\/instagram.com\/talay.logistics"]}]}},"_links":{"self":[{"href":"https:\/\/talay.com\/en\/wp-json\/wp\/v2\/pages\/3914","targetHints":{"allow":["GET"]}}],"collection":[{"href":"https:\/\/talay.com\/en\/wp-json\/wp\/v2\/pages"}],"about":[{"href":"https:\/\/talay.com\/en\/wp-json\/wp\/v2\/types\/page"}],"author":[{"embeddable":true,"href":"https:\/\/talay.com\/en\/wp-json\/wp\/v2\/users\/1"}],"replies":[{"embeddable":true,"href":"https:\/\/talay.com\/en\/wp-json\/wp\/v2\/comments?post=3914"}],"version-history":[{"count":4,"href":"https:\/\/talay.com\/en\/wp-json\/wp\/v2\/pages\/3914\/revisions"}],"predecessor-version":[{"id":4156,"href":"https:\/\/talay.com\/en\/wp-json\/wp\/v2\/pages\/3914\/revisions\/4156"}],"wp:attachment":[{"href":"https:\/\/talay.com\/en\/wp-json\/wp\/v2\/media?parent=3914"}],"curies":[{"name":"wp","href":"https:\/\/api.w.org\/{rel}","templated":true}]}}