{"id":3908,"date":"2024-05-06T17:40:07","date_gmt":"2024-05-06T14:40:07","guid":{"rendered":"https:\/\/talay.com\/grup-sirketlerimiz\/"},"modified":"2024-10-10T14:50:16","modified_gmt":"2024-10-10T11:50:16","slug":"group-companies","status":"publish","type":"page","link":"https:\/\/talay.com\/en\/group-companies\/","title":{"rendered":"Group Companies"},"content":{"rendered":"\t\t<div data-elementor-type=\"wp-page\" data-elementor-id=\"3908\" class=\"elementor elementor-3908 elementor-2447\" data-elementor-post-type=\"page\">\n\t\t\t\t<div class=\"elementor-element elementor-element-467a33e e-flex e-con-boxed e-con e-parent\" data-id=\"467a33e\" data-element_type=\"container\">\n\t\t\t\t\t<div class=\"e-con-inner\">\n\t\t<div class=\"elementor-element elementor-element-073e0c5 e-con-full e-flex e-con e-child\" data-id=\"073e0c5\" data-element_type=\"container\">\n\t\t\t\t<div class=\"elementor-element elementor-element-056accb lqd-text-tag-h2 elementor-widget elementor-widget-lqd-text\" data-id=\"056accb\" data-element_type=\"widget\" data-widget_type=\"lqd-text.default\" data-lqd-has-inner-animatables=\"true\">\n\t\t\t\t<div class=\"elementor-widget-container\">\n\t\t\t\t\t<h2 class=\"lqd-text-el m-0 p-0\" data-lqd-split-text-el=\"1\" data-lqd-split-type=\"words\"><span class=\"lqd-text-item relative elementor-repeater-item-9be7254\"><span class=\"lqd-split-text-words inline-flex bg-inherit relative\" data-lqd-inner-animatable-el>Subsidiaries<\/span><\/span><\/h2>\t\t\t\t<\/div>\n\t\t\t\t<\/div>\n\t\t<script>\n\t\twindow.liquid.behaviors.push( {\n\t\t\tdataId: \"056accb\",\n\t\t\tbehaviors:[\n\t\t\t\t{behaviorName:'liquidSplitText',options:{splitDoneFromBackend:true,splitType:'words'}},\n\t\t\t]\n\t\t} );\n\t\t\n\t\t<\/script>\t\t<div class=\"elementor-element elementor-element-ef9e8af lqd-text-tag-p elementor-widget__width-initial elementor-widget elementor-widget-lqd-text\" data-id=\"ef9e8af\" data-element_type=\"widget\" data-widget_type=\"lqd-text.default\">\n\t\t\t\t<div class=\"elementor-widget-container\">\n\t\t\t\t\t<p class=\"lqd-text-el m-0 p-0\"><span class=\"lqd-text-item relative elementor-repeater-item-9be7254\">We manage our fleet, warehouses, and international operations with greater strength through our subsidiaries.<\/span><\/p>\t\t\t\t<\/div>\n\t\t\t\t<\/div>\n\t\t\t\t<\/div>\n\t\t<div class=\"elementor-element elementor-element-6443289 e-con-full e-flex e-con e-child\" data-id=\"6443289\" data-element_type=\"container\">\n\t\t\t\t<div class=\"elementor-element elementor-element-0d06f77 elementor-widget__width-initial elementor-widget-mobile__width-inherit lqd-box-image-top elementor-widget elementor-widget-lqd-box lqd-widget-container-flex lqd-group-box\" data-id=\"0d06f77\" data-element_type=\"widget\" data-widget_type=\"lqd-box.default\">\n\t\t\t\t<div class=\"elementor-widget-container\">\n\t\t\t\t\t\n\t\t<figure class=\"shrink-0 basis-auto transition-all relative w-full lqd-box-image\">\t\t<span class=\"lqd-bg-layer lqd-image-wrap lqd-bg-image-wrap block w-full h-full rounded-inherit overflow-hidden elementor-repeater-item-359c3a1-0d06f77 pointer-events-none lqd-bg-layer-box-image\" style=\"--lqd-bg-layer-pt:106.63615560641%\"><img fetchpriority=\"high\" decoding=\"async\" width=\"437\" height=\"466\" src=\"https:\/\/talay.com\/wp-content\/uploads\/2024\/09\/image.webp\" class=\"hidden\" alt=\"\" srcset=\"https:\/\/talay.com\/wp-content\/uploads\/2024\/09\/image.webp 437w, https:\/\/talay.com\/wp-content\/uploads\/2024\/09\/image-281x300.webp 281w\" sizes=\"(max-width: 437px) 100vw, 437px\" \/><\/span>\n\t\t<\/figure>\n\n\t\t\n\t\t<div class=\"lqd-box-content relative z-1 transition-all grow\">\n\n\t\t\t\n\t\t\t<h4 class=\"items-center relative mb-0 transition-effects lqd-box-title\">TAL TRAILER<\/h4>\n\t\t<div class=\"relative transition-effects lqd-box-description\"><p>TAL Trailer, along with its team of experts, is dedicated to offering customers unique transportation equipment and solutions grounded in the principles of quality, durability, and innovation since 2023 Discover a brighter and more connected future with both our standard trailer models and customized solutions tailored to your needs.<\/p><\/div>\n\n\t\t\n\t\t<div class=\"lqd-box-btn relative\">\n\t\t\t\n\t\t<a href=\"https:\/\/taltrailer.com\/\" role=\"button\" class=\"lqd-btn inline-flex items-center relative lqd-group lqd-group-btn\" data-lqd-local-scroll-el=\"\"><span class=\"lqd-btn-txt relative z-1 transition-all\">Website<\/span><\/a>\n\n\t\t\t\t<\/div>\n\n\t\t\n\t\t<\/div>\n\n\t\t\t\t\t<div class=\"absolute top-0 start-0 w-full h-full overflow-hidden z-2 lqd-transform-3d lqd-box-link\">\n\t\t\t\t<a href=\"https:\/\/taltrailer.com\/\" class=\"inline-block w-full h-full absolute top-0 start-0 -indent-full\"><\/a>\n\t\t\t<\/div>\n\t\t\t\t\t\t<\/div>\n\t\t\t\t<\/div>\n\t\t<style>.elementor-element-0d06f77 .elementor-repeater-item-359c3a1-0d06f77{background-size:cover;background-repeat:no-repeat;background-position:center center;background-image:url(\"https:\/\/talay.com\/wp-content\/uploads\/2024\/09\/image.webp\")}<\/style>\t\t<div class=\"elementor-element elementor-element-7bce836 elementor-widget__width-initial elementor-widget-mobile__width-inherit lqd-box-image-top elementor-widget elementor-widget-lqd-box lqd-widget-container-flex lqd-group-box\" data-id=\"7bce836\" data-element_type=\"widget\" data-widget_type=\"lqd-box.default\">\n\t\t\t\t<div class=\"elementor-widget-container\">\n\t\t\t\t\t\n\t\t<figure class=\"shrink-0 basis-auto transition-all relative w-full lqd-box-image\">\t\t<span class=\"lqd-bg-layer lqd-image-wrap lqd-bg-image-wrap block w-full h-full rounded-inherit overflow-hidden elementor-repeater-item-359c3a1-7bce836 pointer-events-none lqd-bg-layer-box-image\" style=\"--lqd-bg-layer-pt:106.63615560641%\"><img decoding=\"async\" width=\"437\" height=\"466\" src=\"https:\/\/talay.com\/wp-content\/uploads\/2024\/09\/image-2-1.webp\" class=\"hidden\" alt=\"\" srcset=\"https:\/\/talay.com\/wp-content\/uploads\/2024\/09\/image-2-1.webp 437w, https:\/\/talay.com\/wp-content\/uploads\/2024\/09\/image-2-1-281x300.webp 281w\" sizes=\"(max-width: 437px) 100vw, 437px\" \/><\/span>\n\t\t<\/figure>\n\n\t\t\n\t\t<div class=\"lqd-box-content relative z-1 transition-all grow\">\n\n\t\t\t\n\t\t\t<h4 class=\"items-center relative mb-0 transition-effects lqd-box-title\">TALAY CUSTOMS<\/h4>\n\t\t<div class=\"relative transition-effects lqd-box-description\"><p>Talay Customs provides comprehensive end-to-end customs brokerage services to both global and local customers with its experienced team since 2023 We collaborate with other companies within our group to deliver the highest quality service to our customers. This collaboration enables us to support our customers at every stage of the customs clearance process.<\/p><\/div>\n\n\t\t\n\t\t<div class=\"lqd-box-btn relative\">\n\t\t\t\n\t\t<a href=\"https:\/\/talaycustoms.com\/\" role=\"button\" class=\"lqd-btn inline-flex items-center relative lqd-group lqd-group-btn\" data-lqd-local-scroll-el=\"\"><span class=\"lqd-btn-txt relative z-1 transition-all\">Website<\/span><\/a>\n\n\t\t\t\t<\/div>\n\n\t\t\n\t\t<\/div>\n\n\t\t\t\t\t<div class=\"absolute top-0 start-0 w-full h-full overflow-hidden z-2 lqd-transform-3d lqd-box-link\">\n\t\t\t\t<a href=\"https:\/\/talaycustoms.com\/\" class=\"inline-block w-full h-full absolute top-0 start-0 -indent-full\"><\/a>\n\t\t\t<\/div>\n\t\t\t\t\t\t<\/div>\n\t\t\t\t<\/div>\n\t\t<style>.elementor-element-7bce836 .elementor-repeater-item-359c3a1-7bce836{background-size:cover;background-repeat:no-repeat;background-position:center center;background-image:url(\"https:\/\/talay.com\/wp-content\/uploads\/2024\/09\/image-2-1.webp\")}<\/style>\t\t<div class=\"elementor-element elementor-element-39a1d01 elementor-widget__width-initial elementor-widget-mobile__width-inherit lqd-box-image-top elementor-widget elementor-widget-lqd-box lqd-widget-container-flex lqd-group-box\" data-id=\"39a1d01\" data-element_type=\"widget\" data-widget_type=\"lqd-box.default\">\n\t\t\t\t<div class=\"elementor-widget-container\">\n\t\t\t\t\t\n\t\t<figure class=\"shrink-0 basis-auto transition-all relative w-full lqd-box-image\">\t\t<span class=\"lqd-bg-layer lqd-image-wrap lqd-bg-image-wrap block w-full h-full rounded-inherit overflow-hidden elementor-repeater-item-359c3a1-39a1d01 pointer-events-none lqd-bg-layer-box-image\" style=\"--lqd-bg-layer-pt:106.63615560641%\"><img decoding=\"async\" width=\"437\" height=\"466\" src=\"https:\/\/talay.com\/wp-content\/uploads\/2024\/09\/image-2-1-1.webp\" class=\"hidden\" alt=\"\" srcset=\"https:\/\/talay.com\/wp-content\/uploads\/2024\/09\/image-2-1-1.webp 437w, https:\/\/talay.com\/wp-content\/uploads\/2024\/09\/image-2-1-1-281x300.webp 281w\" sizes=\"(max-width: 437px) 100vw, 437px\" \/><\/span>\n\t\t<\/figure>\n\n\t\t\n\t\t<div class=\"lqd-box-content relative z-1 transition-all grow\">\n\n\t\t\t\n\t\t\t<h4 class=\"items-center relative mb-0 transition-effects lqd-box-title\">TAL B\u0130L\u0130\u015e\u0130M<\/h4>\n\t\t<\/div>\n\n\t\t\t\t\t\t<\/div>\n\t\t\t\t<\/div>\n\t\t<style>.elementor-element-39a1d01 .elementor-repeater-item-359c3a1-39a1d01{background-size:cover;background-repeat:no-repeat;background-position:center center;background-image:url(\"https:\/\/talay.com\/wp-content\/uploads\/2024\/09\/image-2-1-1.webp\")}<\/style>\t\t<\/div>\n\t\t\t\t\t<\/div>\n\t\t\t\t<\/div>\n\t\t\t\t<\/div>\n\t\t","protected":false},"excerpt":{"rendered":"<p>Subsidiaries We manage our fleet, warehouses, and international operations with greater strength through our subsidiaries. TAL TRAILER TAL Trailer, along with its team of experts, is dedicated to offering customers unique transportation equipment and solutions grounded in the principles of quality, durability, and innovation since 2023 Discover a brighter and more connected future with both [&hellip;]<\/p>\n","protected":false},"author":1,"featured_media":0,"parent":0,"menu_order":0,"comment_status":"closed","ping_status":"closed","template":"","meta":{"footnotes":""},"class_list":["post-3908","page","type-page","status-publish","hentry"],"yoast_head":"<!-- This site is optimized with the Yoast SEO plugin v26.7 - https:\/\/yoast.com\/wordpress\/plugins\/seo\/ -->\n<title>Group Companies | Talay Logistics<\/title>\n<meta name=\"robots\" content=\"index, follow, max-snippet:-1, max-image-preview:large, max-video-preview:-1\" \/>\n<link rel=\"canonical\" href=\"https:\/\/talay.com\/en\/group-companies\/\" \/>\n<meta property=\"og:locale\" content=\"en_US\" \/>\n<meta property=\"og:type\" content=\"article\" \/>\n<meta property=\"og:title\" content=\"Group Companies | Talay Logistics\" \/>\n<meta property=\"og:description\" content=\"Subsidiaries We manage our fleet, warehouses, and international operations with greater strength through our subsidiaries. TAL TRAILER TAL Trailer, along with its team of experts, is dedicated to offering customers unique transportation equipment and solutions grounded in the principles of quality, durability, and innovation since 2023 Discover a brighter and more connected future with both [&hellip;]\" \/>\n<meta property=\"og:url\" content=\"https:\/\/talay.com\/en\/group-companies\/\" \/>\n<meta property=\"og:site_name\" content=\"Talay Logistics\" \/>\n<meta property=\"article:publisher\" content=\"https:\/\/facebook.com\/talaylogistics\" \/>\n<meta property=\"article:modified_time\" content=\"2024-10-10T11:50:16+00:00\" \/>\n<meta property=\"og:image\" content=\"https:\/\/talay.com\/wp-content\/uploads\/2024\/09\/image.webp\" \/>\n<meta name=\"twitter:card\" content=\"summary_large_image\" \/>\n<meta name=\"twitter:site\" content=\"@talaylogistics\" \/>\n<meta name=\"twitter:label1\" content=\"Est. reading time\" \/>\n\t<meta name=\"twitter:data1\" content=\"2 minutes\" \/>\n<script type=\"application\/ld+json\" class=\"yoast-schema-graph\">{\"@context\":\"https:\/\/schema.org\",\"@graph\":[{\"@type\":\"WebPage\",\"@id\":\"https:\/\/talay.com\/en\/group-companies\/\",\"url\":\"https:\/\/talay.com\/en\/group-companies\/\",\"name\":\"Group Companies | Talay Logistics\",\"isPartOf\":{\"@id\":\"https:\/\/talay.com\/#website\"},\"primaryImageOfPage\":{\"@id\":\"https:\/\/talay.com\/en\/group-companies\/#primaryimage\"},\"image\":{\"@id\":\"https:\/\/talay.com\/en\/group-companies\/#primaryimage\"},\"thumbnailUrl\":\"https:\/\/talay.com\/wp-content\/uploads\/2024\/09\/image.webp\",\"datePublished\":\"2024-05-06T14:40:07+00:00\",\"dateModified\":\"2024-10-10T11:50:16+00:00\",\"breadcrumb\":{\"@id\":\"https:\/\/talay.com\/en\/group-companies\/#breadcrumb\"},\"inLanguage\":\"en-US\",\"potentialAction\":[{\"@type\":\"ReadAction\",\"target\":[\"https:\/\/talay.com\/en\/group-companies\/\"]}]},{\"@type\":\"ImageObject\",\"inLanguage\":\"en-US\",\"@id\":\"https:\/\/talay.com\/en\/group-companies\/#primaryimage\",\"url\":\"https:\/\/talay.com\/wp-content\/uploads\/2024\/09\/image.webp\",\"contentUrl\":\"https:\/\/talay.com\/wp-content\/uploads\/2024\/09\/image.webp\"},{\"@type\":\"BreadcrumbList\",\"@id\":\"https:\/\/talay.com\/en\/group-companies\/#breadcrumb\",\"itemListElement\":[{\"@type\":\"ListItem\",\"position\":1,\"name\":\"Anasayfa\",\"item\":\"https:\/\/talay.com\/en\/\"},{\"@type\":\"ListItem\",\"position\":2,\"name\":\"Group Companies\"}]},{\"@type\":\"WebSite\",\"@id\":\"https:\/\/talay.com\/#website\",\"url\":\"https:\/\/talay.com\/\",\"name\":\"Talay Logistics\",\"description\":\"Entegre Ta\u015f\u0131mac\u0131l\u0131k \u00c7\u00f6z\u00fcmleri\",\"publisher\":{\"@id\":\"https:\/\/talay.com\/#organization\"},\"potentialAction\":[{\"@type\":\"SearchAction\",\"target\":{\"@type\":\"EntryPoint\",\"urlTemplate\":\"https:\/\/talay.com\/?s={search_term_string}\"},\"query-input\":{\"@type\":\"PropertyValueSpecification\",\"valueRequired\":true,\"valueName\":\"search_term_string\"}}],\"inLanguage\":\"en-US\"},{\"@type\":\"Organization\",\"@id\":\"https:\/\/talay.com\/#organization\",\"name\":\"Talay Logistics\",\"url\":\"https:\/\/talay.com\/\",\"logo\":{\"@type\":\"ImageObject\",\"inLanguage\":\"en-US\",\"@id\":\"https:\/\/talay.com\/#\/schema\/logo\/image\/\",\"url\":\"https:\/\/talay.com\/wp-content\/uploads\/2024\/05\/talay-web-ikon.png\",\"contentUrl\":\"https:\/\/talay.com\/wp-content\/uploads\/2024\/05\/talay-web-ikon.png\",\"width\":500,\"height\":500,\"caption\":\"Talay Logistics\"},\"image\":{\"@id\":\"https:\/\/talay.com\/#\/schema\/logo\/image\/\"},\"sameAs\":[\"https:\/\/facebook.com\/talaylogistics\",\"https:\/\/x.com\/talaylogistics\",\"https:\/\/linkedin.com\/company\/talaylogistics\",\"https:\/\/instagram.com\/talay.logistics\"]}]}<\/script>\n<!-- \/ Yoast SEO plugin. -->","yoast_head_json":{"title":"Group Companies | Talay Logistics","robots":{"index":"index","follow":"follow","max-snippet":"max-snippet:-1","max-image-preview":"max-image-preview:large","max-video-preview":"max-video-preview:-1"},"canonical":"https:\/\/talay.com\/en\/group-companies\/","og_locale":"en_US","og_type":"article","og_title":"Group Companies | Talay Logistics","og_description":"Subsidiaries We manage our fleet, warehouses, and international operations with greater strength through our subsidiaries. TAL TRAILER TAL Trailer, along with its team of experts, is dedicated to offering customers unique transportation equipment and solutions grounded in the principles of quality, durability, and innovation since 2023 Discover a brighter and more connected future with both [&hellip;]","og_url":"https:\/\/talay.com\/en\/group-companies\/","og_site_name":"Talay Logistics","article_publisher":"https:\/\/facebook.com\/talaylogistics","article_modified_time":"2024-10-10T11:50:16+00:00","og_image":[{"url":"https:\/\/talay.com\/wp-content\/uploads\/2024\/09\/image.webp","type":"","width":"","height":""}],"twitter_card":"summary_large_image","twitter_site":"@talaylogistics","twitter_misc":{"Est. reading time":"2 minutes"},"schema":{"@context":"https:\/\/schema.org","@graph":[{"@type":"WebPage","@id":"https:\/\/talay.com\/en\/group-companies\/","url":"https:\/\/talay.com\/en\/group-companies\/","name":"Group Companies | Talay Logistics","isPartOf":{"@id":"https:\/\/talay.com\/#website"},"primaryImageOfPage":{"@id":"https:\/\/talay.com\/en\/group-companies\/#primaryimage"},"image":{"@id":"https:\/\/talay.com\/en\/group-companies\/#primaryimage"},"thumbnailUrl":"https:\/\/talay.com\/wp-content\/uploads\/2024\/09\/image.webp","datePublished":"2024-05-06T14:40:07+00:00","dateModified":"2024-10-10T11:50:16+00:00","breadcrumb":{"@id":"https:\/\/talay.com\/en\/group-companies\/#breadcrumb"},"inLanguage":"en-US","potentialAction":[{"@type":"ReadAction","target":["https:\/\/talay.com\/en\/group-companies\/"]}]},{"@type":"ImageObject","inLanguage":"en-US","@id":"https:\/\/talay.com\/en\/group-companies\/#primaryimage","url":"https:\/\/talay.com\/wp-content\/uploads\/2024\/09\/image.webp","contentUrl":"https:\/\/talay.com\/wp-content\/uploads\/2024\/09\/image.webp"},{"@type":"BreadcrumbList","@id":"https:\/\/talay.com\/en\/group-companies\/#breadcrumb","itemListElement":[{"@type":"ListItem","position":1,"name":"Anasayfa","item":"https:\/\/talay.com\/en\/"},{"@type":"ListItem","position":2,"name":"Group Companies"}]},{"@type":"WebSite","@id":"https:\/\/talay.com\/#website","url":"https:\/\/talay.com\/","name":"Talay Logistics","description":"Entegre Ta\u015f\u0131mac\u0131l\u0131k \u00c7\u00f6z\u00fcmleri","publisher":{"@id":"https:\/\/talay.com\/#organization"},"potentialAction":[{"@type":"SearchAction","target":{"@type":"EntryPoint","urlTemplate":"https:\/\/talay.com\/?s={search_term_string}"},"query-input":{"@type":"PropertyValueSpecification","valueRequired":true,"valueName":"search_term_string"}}],"inLanguage":"en-US"},{"@type":"Organization","@id":"https:\/\/talay.com\/#organization","name":"Talay Logistics","url":"https:\/\/talay.com\/","logo":{"@type":"ImageObject","inLanguage":"en-US","@id":"https:\/\/talay.com\/#\/schema\/logo\/image\/","url":"https:\/\/talay.com\/wp-content\/uploads\/2024\/05\/talay-web-ikon.png","contentUrl":"https:\/\/talay.com\/wp-content\/uploads\/2024\/05\/talay-web-ikon.png","width":500,"height":500,"caption":"Talay Logistics"},"image":{"@id":"https:\/\/talay.com\/#\/schema\/logo\/image\/"},"sameAs":["https:\/\/facebook.com\/talaylogistics","https:\/\/x.com\/talaylogistics","https:\/\/linkedin.com\/company\/talaylogistics","https:\/\/instagram.com\/talay.logistics"]}]}},"_links":{"self":[{"href":"https:\/\/talay.com\/en\/wp-json\/wp\/v2\/pages\/3908","targetHints":{"allow":["GET"]}}],"collection":[{"href":"https:\/\/talay.com\/en\/wp-json\/wp\/v2\/pages"}],"about":[{"href":"https:\/\/talay.com\/en\/wp-json\/wp\/v2\/types\/page"}],"author":[{"embeddable":true,"href":"https:\/\/talay.com\/en\/wp-json\/wp\/v2\/users\/1"}],"replies":[{"embeddable":true,"href":"https:\/\/talay.com\/en\/wp-json\/wp\/v2\/comments?post=3908"}],"version-history":[{"count":16,"href":"https:\/\/talay.com\/en\/wp-json\/wp\/v2\/pages\/3908\/revisions"}],"predecessor-version":[{"id":4597,"href":"https:\/\/talay.com\/en\/wp-json\/wp\/v2\/pages\/3908\/revisions\/4597"}],"wp:attachment":[{"href":"https:\/\/talay.com\/en\/wp-json\/wp\/v2\/media?parent=3908"}],"curies":[{"name":"wp","href":"https:\/\/api.w.org\/{rel}","templated":true}]}}