{"id":3906,"date":"2024-05-06T17:38:11","date_gmt":"2024-05-06T14:38:11","guid":{"rendered":"https:\/\/talay.com\/felsefemiz\/"},"modified":"2024-10-01T17:12:39","modified_gmt":"2024-10-01T14:12:39","slug":"our-philosophy","status":"publish","type":"page","link":"https:\/\/talay.com\/en\/our-philosophy\/","title":{"rendered":"Our Philosophy"},"content":{"rendered":"\t\t<div data-elementor-type=\"wp-page\" data-elementor-id=\"3906\" class=\"elementor elementor-3906 elementor-2439\" data-elementor-post-type=\"page\">\n\t\t\t\t<div class=\"elementor-element elementor-element-b44bee9 e-flex e-con-boxed e-con e-parent\" data-id=\"b44bee9\" data-element_type=\"container\" data-settings=\"{&quot;background_background&quot;:&quot;classic&quot;}\">\n\t\t\t\t\t<div class=\"e-con-inner\">\n\t\t<div class=\"elementor-element elementor-element-74618ea e-con-full e-flex e-con e-child\" data-id=\"74618ea\" data-element_type=\"container\">\n\t\t\t\t<div class=\"elementor-element elementor-element-ebfb109 lqd-text-tag-p elementor-widget elementor-widget-lqd-text\" data-id=\"ebfb109\" data-element_type=\"widget\" data-widget_type=\"lqd-text.default\">\n\t\t\t\t<div class=\"elementor-widget-container\">\n\t\t\t\t\t<p class=\"lqd-text-el m-0 p-0\"><span class=\"lqd-text-item relative elementor-repeater-item-5e3578d\">We deliver our services based on the philosophy of adding value to our customers, the industry, and our corporate culture. We create value for our customers and business partners by integrating sustainability, innovation, and technology.\n<\/span><\/p>\t\t\t\t<\/div>\n\t\t\t\t<\/div>\n\t\t\t\t<div class=\"elementor-element elementor-element-d6ffb50 lqd-text-tag-p elementor-widget elementor-widget-lqd-text\" data-id=\"d6ffb50\" data-element_type=\"widget\" data-widget_type=\"lqd-text.default\">\n\t\t\t\t<div class=\"elementor-widget-container\">\n\t\t\t\t\t<p class=\"lqd-text-el m-0 p-0\"><span class=\"lqd-text-item relative elementor-repeater-item-5e3578d\">With the awareness of our responsibility for the future of nature and humanity, we manage our business processes with a focus on sustainability and develop environmentally friendly solutions. We view sustainability as more than just a business strategy and consider it our way of life.<\/span><\/p>\t\t\t\t<\/div>\n\t\t\t\t<\/div>\n\t\t\t\t<div class=\"elementor-element elementor-element-0778297 lqd-text-tag-p elementor-widget elementor-widget-lqd-text\" data-id=\"0778297\" data-element_type=\"widget\" data-widget_type=\"lqd-text.default\">\n\t\t\t\t<div class=\"elementor-widget-container\">\n\t\t\t\t\t<p class=\"lqd-text-el m-0 p-0\"><span class=\"lqd-text-item relative elementor-repeater-item-5e3578d\">With our focus on innovation and efficiency, we consistently deliver the best solutions to our customers. Our self-control mechanism allows us to continually assess our business processes and surpass operational standards.<\/span><\/p>\t\t\t\t<\/div>\n\t\t\t\t<\/div>\n\t\t\t\t<div class=\"elementor-element elementor-element-f621c94 lqd-text-tag-p elementor-widget elementor-widget-lqd-text\" data-id=\"f621c94\" data-element_type=\"widget\" data-widget_type=\"lqd-text.default\">\n\t\t\t\t<div class=\"elementor-widget-container\">\n\t\t\t\t\t<p class=\"lqd-text-el m-0 p-0\"><span class=\"lqd-text-item relative elementor-repeater-item-5e3578d\">We evaluate all our processes from a customer perspective and tailor our insights accordingly.<\/span><\/p>\t\t\t\t<\/div>\n\t\t\t\t<\/div>\n\t\t\t\t<\/div>\n\t\t<div class=\"elementor-element elementor-element-5555d4f e-con-full e-flex e-con e-child\" data-id=\"5555d4f\" data-element_type=\"container\">\n\t\t\t\t<div class=\"elementor-element elementor-element-bab0f98 elementor-widget elementor-widget-lqd-image\" data-id=\"bab0f98\" data-element_type=\"widget\" data-widget_type=\"lqd-image.default\">\n\t\t\t\t<div class=\"elementor-widget-container\">\n\t\t\t\t\t\n\t\t<figure class=\"inline-block relative align-middle overflow-hidden lqd-transform-perspective transition-colors\" data-lqd-look-at-mouse data-lqd-hover3d-el>\n\n\t\t\t\n\t\t\t\t\n\t\t\t\t<img fetchpriority=\"high\" decoding=\"async\" width=\"912\" height=\"1040\" src=\"https:\/\/talay.com\/wp-content\/uploads\/2023\/11\/accordion-jpg.webp\" class=\"attachment-full size-full wp-image-983\" alt=\"\" srcset=\"https:\/\/talay.com\/wp-content\/uploads\/2023\/11\/accordion-jpg.webp 912w, https:\/\/talay.com\/wp-content\/uploads\/2023\/11\/accordion-jpg-263x300.webp 263w, https:\/\/talay.com\/wp-content\/uploads\/2023\/11\/accordion-jpg-898x1024.webp 898w\" sizes=\"(max-width: 912px) 100vw, 912px\" \/>\n\t\t\t\t\n\t\t\t\t\n\t\t\t\t\n\t\t\t\n\t\t\t\n\t\t<\/figure>\n\n\t\t\t\t\t\t<\/div>\n\t\t\t\t<\/div>\n\t\t\t\t<\/div>\n\t\t\t\t\t<\/div>\n\t\t\t\t<\/div>\n\t\t\t\t<\/div>\n\t\t","protected":false},"excerpt":{"rendered":"<p>We deliver our services based on the philosophy of adding value to our customers, the industry, and our corporate culture. We create value for our customers and business partners by integrating sustainability, innovation, and technology. With the awareness of our responsibility for the future of nature and humanity, we manage our business processes with a [&hellip;]<\/p>\n","protected":false},"author":1,"featured_media":0,"parent":0,"menu_order":0,"comment_status":"closed","ping_status":"closed","template":"","meta":{"footnotes":""},"class_list":["post-3906","page","type-page","status-publish","hentry"],"yoast_head":"<!-- This site is optimized with the Yoast SEO plugin v26.7 - https:\/\/yoast.com\/wordpress\/plugins\/seo\/ -->\n<title>Our Philosophy | Talay Logistics<\/title>\n<meta name=\"robots\" content=\"index, follow, max-snippet:-1, max-image-preview:large, max-video-preview:-1\" \/>\n<link rel=\"canonical\" href=\"https:\/\/talay.com\/en\/our-philosophy\/\" \/>\n<meta property=\"og:locale\" content=\"en_US\" \/>\n<meta property=\"og:type\" content=\"article\" \/>\n<meta property=\"og:title\" content=\"Our Philosophy | Talay Logistics\" \/>\n<meta property=\"og:description\" content=\"We deliver our services based on the philosophy of adding value to our customers, the industry, and our corporate culture. We create value for our customers and business partners by integrating sustainability, innovation, and technology. With the awareness of our responsibility for the future of nature and humanity, we manage our business processes with a [&hellip;]\" \/>\n<meta property=\"og:url\" content=\"https:\/\/talay.com\/en\/our-philosophy\/\" \/>\n<meta property=\"og:site_name\" content=\"Talay Logistics\" \/>\n<meta property=\"article:publisher\" content=\"https:\/\/facebook.com\/talaylogistics\" \/>\n<meta property=\"article:modified_time\" content=\"2024-10-01T14:12:39+00:00\" \/>\n<meta property=\"og:image\" content=\"https:\/\/talay.com\/wp-content\/uploads\/2023\/11\/accordion-jpg.webp\" \/>\n<meta name=\"twitter:card\" content=\"summary_large_image\" \/>\n<meta name=\"twitter:site\" content=\"@talaylogistics\" \/>\n<meta name=\"twitter:label1\" content=\"Est. reading time\" \/>\n\t<meta name=\"twitter:data1\" content=\"1 minute\" \/>\n<script type=\"application\/ld+json\" class=\"yoast-schema-graph\">{\"@context\":\"https:\/\/schema.org\",\"@graph\":[{\"@type\":\"WebPage\",\"@id\":\"https:\/\/talay.com\/en\/our-philosophy\/\",\"url\":\"https:\/\/talay.com\/en\/our-philosophy\/\",\"name\":\"Our Philosophy | Talay Logistics\",\"isPartOf\":{\"@id\":\"https:\/\/talay.com\/#website\"},\"primaryImageOfPage\":{\"@id\":\"https:\/\/talay.com\/en\/our-philosophy\/#primaryimage\"},\"image\":{\"@id\":\"https:\/\/talay.com\/en\/our-philosophy\/#primaryimage\"},\"thumbnailUrl\":\"https:\/\/talay.com\/wp-content\/uploads\/2023\/11\/accordion-jpg.webp\",\"datePublished\":\"2024-05-06T14:38:11+00:00\",\"dateModified\":\"2024-10-01T14:12:39+00:00\",\"breadcrumb\":{\"@id\":\"https:\/\/talay.com\/en\/our-philosophy\/#breadcrumb\"},\"inLanguage\":\"en-US\",\"potentialAction\":[{\"@type\":\"ReadAction\",\"target\":[\"https:\/\/talay.com\/en\/our-philosophy\/\"]}]},{\"@type\":\"ImageObject\",\"inLanguage\":\"en-US\",\"@id\":\"https:\/\/talay.com\/en\/our-philosophy\/#primaryimage\",\"url\":\"https:\/\/talay.com\/wp-content\/uploads\/2023\/11\/accordion-jpg.webp\",\"contentUrl\":\"https:\/\/talay.com\/wp-content\/uploads\/2023\/11\/accordion-jpg.webp\"},{\"@type\":\"BreadcrumbList\",\"@id\":\"https:\/\/talay.com\/en\/our-philosophy\/#breadcrumb\",\"itemListElement\":[{\"@type\":\"ListItem\",\"position\":1,\"name\":\"Anasayfa\",\"item\":\"https:\/\/talay.com\/en\/\"},{\"@type\":\"ListItem\",\"position\":2,\"name\":\"Our Philosophy\"}]},{\"@type\":\"WebSite\",\"@id\":\"https:\/\/talay.com\/#website\",\"url\":\"https:\/\/talay.com\/\",\"name\":\"Talay Logistics\",\"description\":\"Entegre Ta\u015f\u0131mac\u0131l\u0131k \u00c7\u00f6z\u00fcmleri\",\"publisher\":{\"@id\":\"https:\/\/talay.com\/#organization\"},\"potentialAction\":[{\"@type\":\"SearchAction\",\"target\":{\"@type\":\"EntryPoint\",\"urlTemplate\":\"https:\/\/talay.com\/?s={search_term_string}\"},\"query-input\":{\"@type\":\"PropertyValueSpecification\",\"valueRequired\":true,\"valueName\":\"search_term_string\"}}],\"inLanguage\":\"en-US\"},{\"@type\":\"Organization\",\"@id\":\"https:\/\/talay.com\/#organization\",\"name\":\"Talay Logistics\",\"url\":\"https:\/\/talay.com\/\",\"logo\":{\"@type\":\"ImageObject\",\"inLanguage\":\"en-US\",\"@id\":\"https:\/\/talay.com\/#\/schema\/logo\/image\/\",\"url\":\"https:\/\/talay.com\/wp-content\/uploads\/2024\/05\/talay-web-ikon.png\",\"contentUrl\":\"https:\/\/talay.com\/wp-content\/uploads\/2024\/05\/talay-web-ikon.png\",\"width\":500,\"height\":500,\"caption\":\"Talay Logistics\"},\"image\":{\"@id\":\"https:\/\/talay.com\/#\/schema\/logo\/image\/\"},\"sameAs\":[\"https:\/\/facebook.com\/talaylogistics\",\"https:\/\/x.com\/talaylogistics\",\"https:\/\/linkedin.com\/company\/talaylogistics\",\"https:\/\/instagram.com\/talay.logistics\"]}]}<\/script>\n<!-- \/ Yoast SEO plugin. -->","yoast_head_json":{"title":"Our Philosophy | Talay Logistics","robots":{"index":"index","follow":"follow","max-snippet":"max-snippet:-1","max-image-preview":"max-image-preview:large","max-video-preview":"max-video-preview:-1"},"canonical":"https:\/\/talay.com\/en\/our-philosophy\/","og_locale":"en_US","og_type":"article","og_title":"Our Philosophy | Talay Logistics","og_description":"We deliver our services based on the philosophy of adding value to our customers, the industry, and our corporate culture. We create value for our customers and business partners by integrating sustainability, innovation, and technology. With the awareness of our responsibility for the future of nature and humanity, we manage our business processes with a [&hellip;]","og_url":"https:\/\/talay.com\/en\/our-philosophy\/","og_site_name":"Talay Logistics","article_publisher":"https:\/\/facebook.com\/talaylogistics","article_modified_time":"2024-10-01T14:12:39+00:00","og_image":[{"url":"https:\/\/talay.com\/wp-content\/uploads\/2023\/11\/accordion-jpg.webp","type":"","width":"","height":""}],"twitter_card":"summary_large_image","twitter_site":"@talaylogistics","twitter_misc":{"Est. reading time":"1 minute"},"schema":{"@context":"https:\/\/schema.org","@graph":[{"@type":"WebPage","@id":"https:\/\/talay.com\/en\/our-philosophy\/","url":"https:\/\/talay.com\/en\/our-philosophy\/","name":"Our Philosophy | Talay Logistics","isPartOf":{"@id":"https:\/\/talay.com\/#website"},"primaryImageOfPage":{"@id":"https:\/\/talay.com\/en\/our-philosophy\/#primaryimage"},"image":{"@id":"https:\/\/talay.com\/en\/our-philosophy\/#primaryimage"},"thumbnailUrl":"https:\/\/talay.com\/wp-content\/uploads\/2023\/11\/accordion-jpg.webp","datePublished":"2024-05-06T14:38:11+00:00","dateModified":"2024-10-01T14:12:39+00:00","breadcrumb":{"@id":"https:\/\/talay.com\/en\/our-philosophy\/#breadcrumb"},"inLanguage":"en-US","potentialAction":[{"@type":"ReadAction","target":["https:\/\/talay.com\/en\/our-philosophy\/"]}]},{"@type":"ImageObject","inLanguage":"en-US","@id":"https:\/\/talay.com\/en\/our-philosophy\/#primaryimage","url":"https:\/\/talay.com\/wp-content\/uploads\/2023\/11\/accordion-jpg.webp","contentUrl":"https:\/\/talay.com\/wp-content\/uploads\/2023\/11\/accordion-jpg.webp"},{"@type":"BreadcrumbList","@id":"https:\/\/talay.com\/en\/our-philosophy\/#breadcrumb","itemListElement":[{"@type":"ListItem","position":1,"name":"Anasayfa","item":"https:\/\/talay.com\/en\/"},{"@type":"ListItem","position":2,"name":"Our Philosophy"}]},{"@type":"WebSite","@id":"https:\/\/talay.com\/#website","url":"https:\/\/talay.com\/","name":"Talay Logistics","description":"Entegre Ta\u015f\u0131mac\u0131l\u0131k \u00c7\u00f6z\u00fcmleri","publisher":{"@id":"https:\/\/talay.com\/#organization"},"potentialAction":[{"@type":"SearchAction","target":{"@type":"EntryPoint","urlTemplate":"https:\/\/talay.com\/?s={search_term_string}"},"query-input":{"@type":"PropertyValueSpecification","valueRequired":true,"valueName":"search_term_string"}}],"inLanguage":"en-US"},{"@type":"Organization","@id":"https:\/\/talay.com\/#organization","name":"Talay Logistics","url":"https:\/\/talay.com\/","logo":{"@type":"ImageObject","inLanguage":"en-US","@id":"https:\/\/talay.com\/#\/schema\/logo\/image\/","url":"https:\/\/talay.com\/wp-content\/uploads\/2024\/05\/talay-web-ikon.png","contentUrl":"https:\/\/talay.com\/wp-content\/uploads\/2024\/05\/talay-web-ikon.png","width":500,"height":500,"caption":"Talay Logistics"},"image":{"@id":"https:\/\/talay.com\/#\/schema\/logo\/image\/"},"sameAs":["https:\/\/facebook.com\/talaylogistics","https:\/\/x.com\/talaylogistics","https:\/\/linkedin.com\/company\/talaylogistics","https:\/\/instagram.com\/talay.logistics"]}]}},"_links":{"self":[{"href":"https:\/\/talay.com\/en\/wp-json\/wp\/v2\/pages\/3906","targetHints":{"allow":["GET"]}}],"collection":[{"href":"https:\/\/talay.com\/en\/wp-json\/wp\/v2\/pages"}],"about":[{"href":"https:\/\/talay.com\/en\/wp-json\/wp\/v2\/types\/page"}],"author":[{"embeddable":true,"href":"https:\/\/talay.com\/en\/wp-json\/wp\/v2\/users\/1"}],"replies":[{"embeddable":true,"href":"https:\/\/talay.com\/en\/wp-json\/wp\/v2\/comments?post=3906"}],"version-history":[{"count":4,"href":"https:\/\/talay.com\/en\/wp-json\/wp\/v2\/pages\/3906\/revisions"}],"predecessor-version":[{"id":4148,"href":"https:\/\/talay.com\/en\/wp-json\/wp\/v2\/pages\/3906\/revisions\/4148"}],"wp:attachment":[{"href":"https:\/\/talay.com\/en\/wp-json\/wp\/v2\/media?parent=3906"}],"curies":[{"name":"wp","href":"https:\/\/api.w.org\/{rel}","templated":true}]}}