{"id":3901,"date":"2024-05-06T17:39:41","date_gmt":"2024-05-06T14:39:41","guid":{"rendered":"https:\/\/talay.com\/belgelerimiz\/"},"modified":"2024-10-01T17:11:21","modified_gmt":"2024-10-01T14:11:21","slug":"certifications","status":"publish","type":"page","link":"https:\/\/talay.com\/en\/certifications\/","title":{"rendered":"Certifications"},"content":{"rendered":"\t\t<div data-elementor-type=\"wp-page\" data-elementor-id=\"3901\" class=\"elementor elementor-3901 elementor-2445\" data-elementor-post-type=\"page\">\n\t\t\t\t<div class=\"elementor-element elementor-element-b44bee9 e-flex e-con-boxed e-con e-parent\" data-id=\"b44bee9\" data-element_type=\"container\" data-settings=\"{&quot;background_background&quot;:&quot;classic&quot;}\">\n\t\t\t\t\t<div class=\"e-con-inner\">\n\t\t<div class=\"elementor-element elementor-element-74618ea e-con-full e-flex e-con e-child\" data-id=\"74618ea\" data-element_type=\"container\">\n\t\t\t\t<div class=\"elementor-element elementor-element-ebfb109 lqd-text-tag-p elementor-widget elementor-widget-lqd-text\" data-id=\"ebfb109\" data-element_type=\"widget\" data-widget_type=\"lqd-text.default\">\n\t\t\t\t<div class=\"elementor-widget-container\">\n\t\t\t\t\t<p class=\"lqd-text-el m-0 p-0\"><span class=\"lqd-text-item relative elementor-repeater-item-5e3578d\">We prioritize quality and sustainability in all our solutions. We showcase our national and international capabilities by documenting our compliance with these principles through our efforts and certifications.<\/span><\/p>\t\t\t\t<\/div>\n\t\t\t\t<\/div>\n\t\t\t\t<div class=\"elementor-element elementor-element-d6f6343 gallery-spacing-custom elementor-widget elementor-widget-image-gallery\" data-id=\"d6f6343\" data-element_type=\"widget\" data-widget_type=\"image-gallery.default\">\n\t\t\t\t<div class=\"elementor-widget-container\">\n\t\t\t\t\t\t\t<div class=\"elementor-image-gallery\">\n\t\t\t<div id='gallery-1' class='gallery galleryid-3901 gallery-columns-5 gallery-size-thumbnail'><figure class='gallery-item'>\n\t\t\t<div class='gallery-icon landscape'>\n\t\t\t\t<img decoding=\"async\" width=\"150\" height=\"150\" src=\"https:\/\/talay.com\/wp-content\/uploads\/2024\/06\/iso-14001-150x150.png\" class=\"attachment-thumbnail size-thumbnail\" alt=\"\" aria-describedby=\"gallery-1-3864\" srcset=\"https:\/\/talay.com\/wp-content\/uploads\/2024\/06\/iso-14001-150x150.png 150w, https:\/\/talay.com\/wp-content\/uploads\/2024\/06\/iso-14001-300x300.png 300w, https:\/\/talay.com\/wp-content\/uploads\/2024\/06\/iso-14001.png 400w\" sizes=\"(max-width: 150px) 100vw, 150px\" \/>\n\t\t\t<\/div>\n\t\t\t\t<figcaption class='wp-caption-text gallery-caption' id='gallery-1-3864'>\n\t\t\t\tISO 14001\n\t\t\t\t<\/figcaption><\/figure><figure class='gallery-item'>\n\t\t\t<div class='gallery-icon landscape'>\n\t\t\t\t<img decoding=\"async\" width=\"150\" height=\"150\" src=\"https:\/\/talay.com\/wp-content\/uploads\/2024\/06\/ISO-10002-2018-Musteri-Memnuniyeti-Yonetim-Sistemi-150x150.png\" class=\"attachment-thumbnail size-thumbnail\" alt=\"\" aria-describedby=\"gallery-1-3863\" srcset=\"https:\/\/talay.com\/wp-content\/uploads\/2024\/06\/ISO-10002-2018-Musteri-Memnuniyeti-Yonetim-Sistemi-150x150.png 150w, https:\/\/talay.com\/wp-content\/uploads\/2024\/06\/ISO-10002-2018-Musteri-Memnuniyeti-Yonetim-Sistemi-300x300.png 300w, https:\/\/talay.com\/wp-content\/uploads\/2024\/06\/ISO-10002-2018-Musteri-Memnuniyeti-Yonetim-Sistemi.png 400w\" sizes=\"(max-width: 150px) 100vw, 150px\" \/>\n\t\t\t<\/div>\n\t\t\t\t<figcaption class='wp-caption-text gallery-caption' id='gallery-1-3863'>\n\t\t\t\tISO 10002\n\t\t\t\t<\/figcaption><\/figure><figure class='gallery-item'>\n\t\t\t<div class='gallery-icon landscape'>\n\t\t\t\t<img decoding=\"async\" width=\"150\" height=\"150\" src=\"https:\/\/talay.com\/wp-content\/uploads\/2024\/06\/iso-14064-1-150x150.png\" class=\"attachment-thumbnail size-thumbnail\" alt=\"\" aria-describedby=\"gallery-1-3865\" srcset=\"https:\/\/talay.com\/wp-content\/uploads\/2024\/06\/iso-14064-1-150x150.png 150w, https:\/\/talay.com\/wp-content\/uploads\/2024\/06\/iso-14064-1-300x300.png 300w, https:\/\/talay.com\/wp-content\/uploads\/2024\/06\/iso-14064-1.png 400w\" sizes=\"(max-width: 150px) 100vw, 150px\" \/>\n\t\t\t<\/div>\n\t\t\t\t<figcaption class='wp-caption-text gallery-caption' id='gallery-1-3865'>\n\t\t\t\tISO 14064-1\n\t\t\t\t<\/figcaption><\/figure><figure class='gallery-item'>\n\t\t\t<div class='gallery-icon landscape'>\n\t\t\t\t<img loading=\"lazy\" decoding=\"async\" width=\"150\" height=\"150\" src=\"https:\/\/talay.com\/wp-content\/uploads\/2024\/06\/iso-45001-150x150.png\" class=\"attachment-thumbnail size-thumbnail\" alt=\"\" aria-describedby=\"gallery-1-3867\" srcset=\"https:\/\/talay.com\/wp-content\/uploads\/2024\/06\/iso-45001-150x150.png 150w, https:\/\/talay.com\/wp-content\/uploads\/2024\/06\/iso-45001-300x300.png 300w, https:\/\/talay.com\/wp-content\/uploads\/2024\/06\/iso-45001.png 400w\" sizes=\"(max-width: 150px) 100vw, 150px\" \/>\n\t\t\t<\/div>\n\t\t\t\t<figcaption class='wp-caption-text gallery-caption' id='gallery-1-3867'>\n\t\t\t\tISO 45001\n\t\t\t\t<\/figcaption><\/figure><figure class='gallery-item'>\n\t\t\t<div class='gallery-icon landscape'>\n\t\t\t\t<img loading=\"lazy\" decoding=\"async\" width=\"150\" height=\"150\" src=\"https:\/\/talay.com\/wp-content\/uploads\/2024\/06\/ISO-9001-150x150.png\" class=\"attachment-thumbnail size-thumbnail\" alt=\"\" aria-describedby=\"gallery-1-3862\" srcset=\"https:\/\/talay.com\/wp-content\/uploads\/2024\/06\/ISO-9001-150x150.png 150w, https:\/\/talay.com\/wp-content\/uploads\/2024\/06\/ISO-9001-300x300.png 300w, https:\/\/talay.com\/wp-content\/uploads\/2024\/06\/ISO-9001.png 400w\" sizes=\"(max-width: 150px) 100vw, 150px\" \/>\n\t\t\t<\/div>\n\t\t\t\t<figcaption class='wp-caption-text gallery-caption' id='gallery-1-3862'>\n\t\t\t\tISO 9001\n\t\t\t\t<\/figcaption><\/figure><figure class='gallery-item'>\n\t\t\t<div class='gallery-icon landscape'>\n\t\t\t\t<img loading=\"lazy\" decoding=\"async\" width=\"150\" height=\"150\" src=\"https:\/\/talay.com\/wp-content\/uploads\/2024\/06\/ISO-27001-copy-150x150.png\" class=\"attachment-thumbnail size-thumbnail\" alt=\"\" aria-describedby=\"gallery-1-3866\" srcset=\"https:\/\/talay.com\/wp-content\/uploads\/2024\/06\/ISO-27001-copy-150x150.png 150w, https:\/\/talay.com\/wp-content\/uploads\/2024\/06\/ISO-27001-copy-300x300.png 300w, https:\/\/talay.com\/wp-content\/uploads\/2024\/06\/ISO-27001-copy.png 400w\" sizes=\"(max-width: 150px) 100vw, 150px\" \/>\n\t\t\t<\/div>\n\t\t\t\t<figcaption class='wp-caption-text gallery-caption' id='gallery-1-3866'>\n\t\t\t\tISO 27001\n\t\t\t\t<\/figcaption><\/figure><figure class='gallery-item'>\n\t\t\t<div class='gallery-icon landscape'>\n\t\t\t\t<img loading=\"lazy\" decoding=\"async\" width=\"150\" height=\"150\" src=\"https:\/\/talay.com\/wp-content\/uploads\/2024\/06\/Green-150x150.png\" class=\"attachment-thumbnail size-thumbnail\" alt=\"\" aria-describedby=\"gallery-1-3861\" srcset=\"https:\/\/talay.com\/wp-content\/uploads\/2024\/06\/Green-150x150.png 150w, https:\/\/talay.com\/wp-content\/uploads\/2024\/06\/Green-300x300.png 300w, https:\/\/talay.com\/wp-content\/uploads\/2024\/06\/Green.png 400w\" sizes=\"(max-width: 150px) 100vw, 150px\" \/>\n\t\t\t<\/div>\n\t\t\t\t<figcaption class='wp-caption-text gallery-caption' id='gallery-1-3861'>\n\t\t\t\tGreen Office\n\t\t\t\t<\/figcaption><\/figure><figure class='gallery-item'>\n\t\t\t<div class='gallery-icon landscape'>\n\t\t\t\t<img loading=\"lazy\" decoding=\"async\" width=\"150\" height=\"150\" src=\"https:\/\/talay.com\/wp-content\/uploads\/2024\/06\/Yesil-150x150.png\" class=\"attachment-thumbnail size-thumbnail\" alt=\"\" aria-describedby=\"gallery-1-3869\" srcset=\"https:\/\/talay.com\/wp-content\/uploads\/2024\/06\/Yesil-150x150.png 150w, https:\/\/talay.com\/wp-content\/uploads\/2024\/06\/Yesil-300x300.png 300w, https:\/\/talay.com\/wp-content\/uploads\/2024\/06\/Yesil.png 400w\" sizes=\"(max-width: 150px) 100vw, 150px\" \/>\n\t\t\t<\/div>\n\t\t\t\t<figcaption class='wp-caption-text gallery-caption' id='gallery-1-3869'>\n\t\t\t\tGreen Logistics\n\t\t\t\t<\/figcaption><\/figure><figure class='gallery-item'>\n\t\t\t<div class='gallery-icon landscape'>\n\t\t\t\t<img loading=\"lazy\" decoding=\"async\" width=\"150\" height=\"150\" src=\"https:\/\/talay.com\/wp-content\/uploads\/2024\/06\/sqas-150x150.png\" class=\"attachment-thumbnail size-thumbnail\" alt=\"\" aria-describedby=\"gallery-1-3868\" srcset=\"https:\/\/talay.com\/wp-content\/uploads\/2024\/06\/sqas-150x150.png 150w, https:\/\/talay.com\/wp-content\/uploads\/2024\/06\/sqas-300x300.png 300w, https:\/\/talay.com\/wp-content\/uploads\/2024\/06\/sqas.png 400w\" sizes=\"(max-width: 150px) 100vw, 150px\" \/>\n\t\t\t<\/div>\n\t\t\t\t<figcaption class='wp-caption-text gallery-caption' id='gallery-1-3868'>\n\t\t\t\tSQAS\n\t\t\t\t<\/figcaption><\/figure><figure class='gallery-item'>\n\t\t\t<div class='gallery-icon landscape'>\n\t\t\t\t<img loading=\"lazy\" decoding=\"async\" width=\"150\" height=\"150\" src=\"https:\/\/talay.com\/wp-content\/uploads\/2024\/06\/AEO-150x150.png\" class=\"attachment-thumbnail size-thumbnail\" alt=\"\" aria-describedby=\"gallery-1-3860\" srcset=\"https:\/\/talay.com\/wp-content\/uploads\/2024\/06\/AEO-150x150.png 150w, https:\/\/talay.com\/wp-content\/uploads\/2024\/06\/AEO-300x300.png 300w, https:\/\/talay.com\/wp-content\/uploads\/2024\/06\/AEO.png 400w\" sizes=\"(max-width: 150px) 100vw, 150px\" \/>\n\t\t\t<\/div>\n\t\t\t\t<figcaption class='wp-caption-text gallery-caption' id='gallery-1-3860'>\n\t\t\t\tAuthorized Economic Operator (AEO) Status\n\t\t\t\t<\/figcaption><\/figure>\n\t\t<\/div>\n\t\t<\/div>\n\t\t\t\t\t\t<\/div>\n\t\t\t\t<\/div>\n\t\t\t\t<\/div>\n\t\t\t\t\t<\/div>\n\t\t\t\t<\/div>\n\t\t\t\t<\/div>\n\t\t","protected":false},"excerpt":{"rendered":"<p>We prioritize quality and sustainability in all our solutions. We showcase our national and international capabilities by documenting our compliance with these principles through our efforts and certifications. ISO 14001 ISO 10002 ISO 14064-1 ISO 45001 ISO 9001 ISO 27001 Green Office Green Logistics SQAS Authorized Economic Operator (AEO) Status<\/p>\n","protected":false},"author":1,"featured_media":0,"parent":0,"menu_order":0,"comment_status":"closed","ping_status":"closed","template":"","meta":{"footnotes":""},"class_list":["post-3901","page","type-page","status-publish","hentry"],"yoast_head":"<!-- This site is optimized with the Yoast SEO plugin v26.7 - https:\/\/yoast.com\/wordpress\/plugins\/seo\/ -->\n<title>Certifications | Talay Logistics<\/title>\n<meta name=\"robots\" content=\"index, follow, max-snippet:-1, max-image-preview:large, max-video-preview:-1\" \/>\n<link rel=\"canonical\" href=\"https:\/\/talay.com\/en\/certifications\/\" \/>\n<meta property=\"og:locale\" content=\"en_US\" \/>\n<meta property=\"og:type\" content=\"article\" \/>\n<meta property=\"og:title\" content=\"Certifications | Talay Logistics\" \/>\n<meta property=\"og:description\" content=\"We prioritize quality and sustainability in all our solutions. We showcase our national and international capabilities by documenting our compliance with these principles through our efforts and certifications. ISO 14001 ISO 10002 ISO 14064-1 ISO 45001 ISO 9001 ISO 27001 Green Office Green Logistics SQAS Authorized Economic Operator (AEO) Status\" \/>\n<meta property=\"og:url\" content=\"https:\/\/talay.com\/en\/certifications\/\" \/>\n<meta property=\"og:site_name\" content=\"Talay Logistics\" \/>\n<meta property=\"article:publisher\" content=\"https:\/\/facebook.com\/talaylogistics\" \/>\n<meta property=\"article:modified_time\" content=\"2024-10-01T14:11:21+00:00\" \/>\n<meta property=\"og:image\" content=\"https:\/\/talay.com\/wp-content\/uploads\/2024\/06\/iso-14001-150x150.png\" \/>\n<meta name=\"twitter:card\" content=\"summary_large_image\" \/>\n<meta name=\"twitter:site\" content=\"@talaylogistics\" \/>\n<meta name=\"twitter:label1\" content=\"Est. reading time\" \/>\n\t<meta name=\"twitter:data1\" content=\"3 minutes\" \/>\n<script type=\"application\/ld+json\" class=\"yoast-schema-graph\">{\"@context\":\"https:\/\/schema.org\",\"@graph\":[{\"@type\":\"WebPage\",\"@id\":\"https:\/\/talay.com\/en\/certifications\/\",\"url\":\"https:\/\/talay.com\/en\/certifications\/\",\"name\":\"Certifications | Talay Logistics\",\"isPartOf\":{\"@id\":\"https:\/\/talay.com\/#website\"},\"primaryImageOfPage\":{\"@id\":\"https:\/\/talay.com\/en\/certifications\/#primaryimage\"},\"image\":{\"@id\":\"https:\/\/talay.com\/en\/certifications\/#primaryimage\"},\"thumbnailUrl\":\"https:\/\/talay.com\/wp-content\/uploads\/2024\/06\/iso-14001-150x150.png\",\"datePublished\":\"2024-05-06T14:39:41+00:00\",\"dateModified\":\"2024-10-01T14:11:21+00:00\",\"breadcrumb\":{\"@id\":\"https:\/\/talay.com\/en\/certifications\/#breadcrumb\"},\"inLanguage\":\"en-US\",\"potentialAction\":[{\"@type\":\"ReadAction\",\"target\":[\"https:\/\/talay.com\/en\/certifications\/\"]}]},{\"@type\":\"ImageObject\",\"inLanguage\":\"en-US\",\"@id\":\"https:\/\/talay.com\/en\/certifications\/#primaryimage\",\"url\":\"https:\/\/talay.com\/wp-content\/uploads\/2024\/06\/iso-14001-150x150.png\",\"contentUrl\":\"https:\/\/talay.com\/wp-content\/uploads\/2024\/06\/iso-14001-150x150.png\"},{\"@type\":\"BreadcrumbList\",\"@id\":\"https:\/\/talay.com\/en\/certifications\/#breadcrumb\",\"itemListElement\":[{\"@type\":\"ListItem\",\"position\":1,\"name\":\"Anasayfa\",\"item\":\"https:\/\/talay.com\/en\/\"},{\"@type\":\"ListItem\",\"position\":2,\"name\":\"Certifications\"}]},{\"@type\":\"WebSite\",\"@id\":\"https:\/\/talay.com\/#website\",\"url\":\"https:\/\/talay.com\/\",\"name\":\"Talay Logistics\",\"description\":\"Entegre Ta\u015f\u0131mac\u0131l\u0131k \u00c7\u00f6z\u00fcmleri\",\"publisher\":{\"@id\":\"https:\/\/talay.com\/#organization\"},\"potentialAction\":[{\"@type\":\"SearchAction\",\"target\":{\"@type\":\"EntryPoint\",\"urlTemplate\":\"https:\/\/talay.com\/?s={search_term_string}\"},\"query-input\":{\"@type\":\"PropertyValueSpecification\",\"valueRequired\":true,\"valueName\":\"search_term_string\"}}],\"inLanguage\":\"en-US\"},{\"@type\":\"Organization\",\"@id\":\"https:\/\/talay.com\/#organization\",\"name\":\"Talay Logistics\",\"url\":\"https:\/\/talay.com\/\",\"logo\":{\"@type\":\"ImageObject\",\"inLanguage\":\"en-US\",\"@id\":\"https:\/\/talay.com\/#\/schema\/logo\/image\/\",\"url\":\"https:\/\/talay.com\/wp-content\/uploads\/2024\/05\/talay-web-ikon.png\",\"contentUrl\":\"https:\/\/talay.com\/wp-content\/uploads\/2024\/05\/talay-web-ikon.png\",\"width\":500,\"height\":500,\"caption\":\"Talay Logistics\"},\"image\":{\"@id\":\"https:\/\/talay.com\/#\/schema\/logo\/image\/\"},\"sameAs\":[\"https:\/\/facebook.com\/talaylogistics\",\"https:\/\/x.com\/talaylogistics\",\"https:\/\/linkedin.com\/company\/talaylogistics\",\"https:\/\/instagram.com\/talay.logistics\"]}]}<\/script>\n<!-- \/ Yoast SEO plugin. -->","yoast_head_json":{"title":"Certifications | Talay Logistics","robots":{"index":"index","follow":"follow","max-snippet":"max-snippet:-1","max-image-preview":"max-image-preview:large","max-video-preview":"max-video-preview:-1"},"canonical":"https:\/\/talay.com\/en\/certifications\/","og_locale":"en_US","og_type":"article","og_title":"Certifications | Talay Logistics","og_description":"We prioritize quality and sustainability in all our solutions. We showcase our national and international capabilities by documenting our compliance with these principles through our efforts and certifications. ISO 14001 ISO 10002 ISO 14064-1 ISO 45001 ISO 9001 ISO 27001 Green Office Green Logistics SQAS Authorized Economic Operator (AEO) Status","og_url":"https:\/\/talay.com\/en\/certifications\/","og_site_name":"Talay Logistics","article_publisher":"https:\/\/facebook.com\/talaylogistics","article_modified_time":"2024-10-01T14:11:21+00:00","og_image":[{"url":"https:\/\/talay.com\/wp-content\/uploads\/2024\/06\/iso-14001-150x150.png","type":"","width":"","height":""}],"twitter_card":"summary_large_image","twitter_site":"@talaylogistics","twitter_misc":{"Est. reading time":"3 minutes"},"schema":{"@context":"https:\/\/schema.org","@graph":[{"@type":"WebPage","@id":"https:\/\/talay.com\/en\/certifications\/","url":"https:\/\/talay.com\/en\/certifications\/","name":"Certifications | Talay Logistics","isPartOf":{"@id":"https:\/\/talay.com\/#website"},"primaryImageOfPage":{"@id":"https:\/\/talay.com\/en\/certifications\/#primaryimage"},"image":{"@id":"https:\/\/talay.com\/en\/certifications\/#primaryimage"},"thumbnailUrl":"https:\/\/talay.com\/wp-content\/uploads\/2024\/06\/iso-14001-150x150.png","datePublished":"2024-05-06T14:39:41+00:00","dateModified":"2024-10-01T14:11:21+00:00","breadcrumb":{"@id":"https:\/\/talay.com\/en\/certifications\/#breadcrumb"},"inLanguage":"en-US","potentialAction":[{"@type":"ReadAction","target":["https:\/\/talay.com\/en\/certifications\/"]}]},{"@type":"ImageObject","inLanguage":"en-US","@id":"https:\/\/talay.com\/en\/certifications\/#primaryimage","url":"https:\/\/talay.com\/wp-content\/uploads\/2024\/06\/iso-14001-150x150.png","contentUrl":"https:\/\/talay.com\/wp-content\/uploads\/2024\/06\/iso-14001-150x150.png"},{"@type":"BreadcrumbList","@id":"https:\/\/talay.com\/en\/certifications\/#breadcrumb","itemListElement":[{"@type":"ListItem","position":1,"name":"Anasayfa","item":"https:\/\/talay.com\/en\/"},{"@type":"ListItem","position":2,"name":"Certifications"}]},{"@type":"WebSite","@id":"https:\/\/talay.com\/#website","url":"https:\/\/talay.com\/","name":"Talay Logistics","description":"Entegre Ta\u015f\u0131mac\u0131l\u0131k \u00c7\u00f6z\u00fcmleri","publisher":{"@id":"https:\/\/talay.com\/#organization"},"potentialAction":[{"@type":"SearchAction","target":{"@type":"EntryPoint","urlTemplate":"https:\/\/talay.com\/?s={search_term_string}"},"query-input":{"@type":"PropertyValueSpecification","valueRequired":true,"valueName":"search_term_string"}}],"inLanguage":"en-US"},{"@type":"Organization","@id":"https:\/\/talay.com\/#organization","name":"Talay Logistics","url":"https:\/\/talay.com\/","logo":{"@type":"ImageObject","inLanguage":"en-US","@id":"https:\/\/talay.com\/#\/schema\/logo\/image\/","url":"https:\/\/talay.com\/wp-content\/uploads\/2024\/05\/talay-web-ikon.png","contentUrl":"https:\/\/talay.com\/wp-content\/uploads\/2024\/05\/talay-web-ikon.png","width":500,"height":500,"caption":"Talay Logistics"},"image":{"@id":"https:\/\/talay.com\/#\/schema\/logo\/image\/"},"sameAs":["https:\/\/facebook.com\/talaylogistics","https:\/\/x.com\/talaylogistics","https:\/\/linkedin.com\/company\/talaylogistics","https:\/\/instagram.com\/talay.logistics"]}]}},"_links":{"self":[{"href":"https:\/\/talay.com\/en\/wp-json\/wp\/v2\/pages\/3901","targetHints":{"allow":["GET"]}}],"collection":[{"href":"https:\/\/talay.com\/en\/wp-json\/wp\/v2\/pages"}],"about":[{"href":"https:\/\/talay.com\/en\/wp-json\/wp\/v2\/types\/page"}],"author":[{"embeddable":true,"href":"https:\/\/talay.com\/en\/wp-json\/wp\/v2\/users\/1"}],"replies":[{"embeddable":true,"href":"https:\/\/talay.com\/en\/wp-json\/wp\/v2\/comments?post=3901"}],"version-history":[{"count":4,"href":"https:\/\/talay.com\/en\/wp-json\/wp\/v2\/pages\/3901\/revisions"}],"predecessor-version":[{"id":4144,"href":"https:\/\/talay.com\/en\/wp-json\/wp\/v2\/pages\/3901\/revisions\/4144"}],"wp:attachment":[{"href":"https:\/\/talay.com\/en\/wp-json\/wp\/v2\/media?parent=3901"}],"curies":[{"name":"wp","href":"https:\/\/api.w.org\/{rel}","templated":true}]}}